{"id":23884,"date":"2021-09-20T14:46:28","date_gmt":"2021-09-20T12:46:28","guid":{"rendered":"https:\/\/stagingphytocontrol.shdesign.fr\/?page_id=23884"},"modified":"2026-01-15T17:43:10","modified_gmt":"2026-01-15T16:43:10","slug":"ossido-di-etilene","status":"publish","type":"page","link":"https:\/\/stagingphytocontrol.shdesign.fr\/it\/le-nostre-analisi\/residui-di-pesticidi\/ossido-di-etilene\/","title":{"rendered":"Ossido di etilene"},"content":{"rendered":"\n<blockquote class=\"wp-block-quote\"><p>Cos&#8217;\u00e8 l&#8217;ossido di etilene?<\/p><\/blockquote>\n<!-- \/wp: quote -->\n\n\n<p>L<strong>&#8216;ossido di etilene<\/strong> \u00e8 una sostanza con propriet\u00e0 fungicide e biocide. \u00c8 un prodotto fitosanitario classificato come cancerogeno, mutageno e reprotossico (CMR). In molti paesi, tra cui India, Canada e Australia, \u00e8 utilizzato per prevenire la crescita di batteri, lieviti e muffe durante il trasporto di prodotti alimentari.<\/p>\n\n\n\n<p>All&#8217;inizio di settembre 2020, diversi Stati membri dell&#8217;UE hanno segnalato concentrazioni di ossido di etilene nei semi di sesamo 100 volte superiori al limite massimo di residui (LMR).<\/p>\n\n\n\n<p>I controlli sono attuati sui semi di sesamo di altre origini senza un obiettivo specifico dei paesi esportatori, in modo da poter identificare se questo uso \u00e8 diffuso in altri paesi. I controlli sono estesi ad altre merci importate dall&#8217;India come spezie, noci, altri semi oleosi, funghi secchi, verdure disidratate, riso, erbe, t\u00e8, okra, peperoncini e gomma di guar ma anche ad altri paesi.<\/p>\n\n\n\n<p>justify no-repeat;left top;; auto <br><\/p>\n\n\n\n<h3 class=\"wp-block-heading\">Quali prodotti sono interessati?<\/h3>\n\n\n\n<p>no-repeat;left top;; auto<\/p>\n\n\n\n<p>Piante aromatiche e officinali<\/p>\n\n\n\n<p>center no-repeat;left top;; auto<\/p>\n\n\n\n<p>Semi e frutti oleaginosi<\/p>\n\n\n\n<p>center no-repeat;left top;; auto<\/p>\n\n\n\n<p>Oli<\/p>\n\n\n\n<p>center no-repeat;left top;; auto<\/p>\n\n\n\n<p>Frutta secca e legumi<\/p>\n\n\n\n<p>center no-repeat;left top;; auto<\/p>\n\n\n\n<p>Cereali e prodotti derivati<\/p>\n\n\n\n<p>center no-repeat;left top;; auto<\/p>\n\n\n\n<p>Spezie<\/p>\n\n\n\n<p>center no-repeat;left top;; auto <br><\/p>\n\n\n\n<h3 class=\"wp-block-heading\">La soluzione Phytocontrol<\/h3>\n\n\n\n<p>Phytocontrol, esperto nell&#8217;<a href=\"\/it\/le-nostre-analisi\/residui-di-pesticidi\/\">analisi dei pesticidi<\/a>, si adatta alle vostre esigenze e offre un metodo accreditato secondo la norma ISO 17025 per l&#8217;analisi di ossido di etilene e il suo metabolita, il 2-cloro-etanolo, tramite GC-MS\/MS.<br> I nostri limiti di quantificazione rispettano i limiti normativi in vigore per ogni matrice. Con questo accreditamento, desideriamo fornirvi la garanzia di risultati di analisi affidabili e di qualit\u00e0. Il laboratorio \u00e8 in grado di effettuare questa analisi in 3 &#8211; 5 giorni in routine, ed \u00e8 sempre in capacit\u00e0 di gestire le vostre richieste urgente.<\/p>\n\n\n\n<p>no-repeat;left top;; auto Contatta il nostro servizio clienti <a href=\"\/it\/contattateci\/\">\/it\/contattateci\/<\/a> center left #ed910d 2 <br><\/p>\n\n\n\n<h3 class=\"wp-block-heading\">Normativa<\/h3>\n\n\n\n<p>La conformit\u00e0 di un campione si basa sul rispetto del LMR stabilito nel regolamento CE n\u00b0396\/2005 e nelle sue successive modifiche. La definizione regolamentare dei residui di ossido di etilene \u00e8 la seguente: somma di ossido di etilene e 2-cloro-etanolo, espressa in ossido di etilene.<\/p>\n\n\n\n<p><strong>Materie prime:<\/strong><br> Il campione \u00e8 dichiarato non conforme:<br><\/p>\n\n\n\n<ul class=\"wp-block-list\"> <li>Se il contenuto di ossido di etilene &gt;0,05 mg\/kg nei semi di sesamo, altri semi e frutti oleaginosi ed erbe fresche.<\/li> <li>Se il contenuto di ossido di etilene &gt;0,02 mg\/kg in frutta, ortaggi e cereali.<\/li> <li>Se il contenuto di ossido di etilene &gt;0,1 mg\/kg in t\u00e8, infusioni di erbe e spezie.<\/li> <\/ul>\n<!-- \/wp: list -->\n\n\n<p><strong>Prodotti trasformati e\/o compositi:<\/strong><br> La valutazione di conformit\u00e0 \u00e8 basata sull&#8217;LMR del prodotto fresco.<br> Nel caso di prodotti multi-ingrediente, dovrebbe essere presa in considerazione il LMR pi\u00f9 basso per quegli ingredienti. <br> Se un fattore di trasformazione \u00e8 noto, esso pu\u00f2 essere applicato solamente nel caso in cui il trattamento all&#8217;ossido di etilene sia stato applicato prima della trasformazione del prodotto.<br><\/p>\n\n\n\n<p><strong>Prodotti destinati all&#8217;alimentazione animale:<\/strong><br> Se una materia prima supera gli LMR stabiliti nel regolamento CE 396\/2005, non pu\u00f2 essere utilizzata come mangime per animali.<br> <br><\/p>\n\n\n\n<p><strong>Prodotti biologici:<\/strong><br> Per i prodotti dell&#8217;agricoltura biologica, il valore per valutare la conformit\u00e0 dei prodotti, sia grezzi che trasformati, \u00e8 di 0,01 mg\/kg. In caso di non conformit\u00e0 accertata, l&#8217;operatore biologico deve informare il suo organismo di certificazione e i suoi clienti. In tutti i casi menzionati sopra, l&#8217;incertezza di misura non deve essere presa in considerazione nell&#8217;interpretazione dei risultati analitici.<\/p>\n\n\n\n<p><br><br><br><br> justify no-repeat;left top;; auto Perch\u00e9 scegliere Phytocontrol<\/p>\n\n\n\n<h3 class=\"wp-block-heading\">Perch\u00e9 scegliere Phytocontrol<\/h3>\n\n\n\n<p>no-repeat;center top;; auto Texte SEO<\/p>\n\n\n\n<p><b>P.C.R.A. : <\/b>Phytocontrol \u00e8 un progetto tecnologico e umano che risponde alle sfide sociali di sicurezza delle acque e dei prodotti alimentari con prossimit\u00e0, competenza, reattivit\u00e0 e affidabilit\u00e0. Il Laboratorio vi offre le soluzioni pi\u00f9 affidabili, innovative ed ecoresponsabili per garantirvi le migliori competenze europee. All\u2019avanguardia della tecnologia, Phytocontrol sviluppa il proprio sistema di informazione attraverso un data center di ultima generazione e apporta innovazione grazie al sistema di tracciabilit\u00e0 del trasporto del campione. L&#8217;anticipazione rappresenta la filosofia di Phytocontrol, il cui obiettivo \u00e8 essere sempre un passo avanti!<\/p>\n\n\n\n<p>no-repeat;center top;; auto fadeInUp animate-delay-200 Prossimit\u00e0 h4<\/p>\n\n\n\n<p>Offriamo un supporto tecnico e logistico di prossimit\u00e0<\/p>\n\n\n\n<p>icon-lamp<\/p>\n\n\n\n<figure class=\"wp-block-image\"><img decoding=\"async\" src=\"\/app\/uploads\/2019\/06\/accueil-proximite.svg\" alt=\"\"\/><\/figure>\n\n\n\n<p>top fadeInUp Competenza h4<\/p>\n\n\n\n<p>L&#8217;analisi dei contaminanti: il nostro storico know-how<\/p>\n\n\n\n<p>icon-lamp<\/p>\n\n\n\n<figure class=\"wp-block-image\"><img decoding=\"async\" src=\"\/app\/uploads\/2019\/06\/accueil-expertise.svg\" alt=\"\"\/><\/figure>\n\n\n\n<p>top fadeInUp animate-delay-200 Reattivit\u00e0 h4<\/p>\n\n\n\n<p>Garantiamo la<br> disponibilit\u00e0 dei risultati<br> di analisi di routine in 2-6 giorni<\/p>\n\n\n\n<p>icon-lamp<\/p>\n\n\n\n<figure class=\"wp-block-image\"><img decoding=\"async\" src=\"\/app\/uploads\/2019\/06\/accueil-reactivite.svg\" alt=\"\"\/><\/figure>\n\n\n\n<p>top fadeInUp animate-delay-400 Affidabilit\u00e0 h4<\/p>\n\n\n\n<p>Svolgiamo le nostre ricerche <br> con l&#8217;intento di fornire <br> la massima affidabilit\u00e0 analitica<\/p>\n\n\n\n<p>icon-lamp<\/p>\n\n\n\n<figure class=\"wp-block-image\"><img decoding=\"async\" src=\"\/app\/uploads\/2019\/06\/accueil-fiabilite.svg\" alt=\"\"\/><\/figure>\n\n\n\n<p>top fadeInUp animate-delay-600 Avviamo insieme il tuo progetto <a href=\"\/it\/contatta-la-tua-agenzia-regionale\/\">\/it\/contatta-la-tua-agenzia-regionale\/<\/a>\ncenter\nleft\n2<\/p>\n<!-- \/wp:quote --><!-- wp:post-content --><!-- wp:image -->\n<figure class=\"wp-block-image\"><img decoding=\"async\" src=\"https:\/\/stagingphytocontrol.shdesign.fr\/app\/uploads\/2021\/08\/curcuma.png\" alt=\"curcuma\"\/><\/figure>\n<!-- \/wp:image -->\n\n<!-- wp:paragraph -->\n<p>#CCCCCC<\/p>\n<!-- \/wp:paragraph -->\n\n<!-- wp:image -->\n<figure class=\"wp-block-image\"><img decoding=\"async\" src=\"https:\/\/stagingphytocontrol.shdesign.fr\/app\/uploads\/2021\/07\/glaces.png\" alt=\"\"\/><\/figure>\n<!-- \/wp:image -->\n\n<!-- wp:paragraph -->\n<p>#CCCCCC<\/p>\n<!-- \/wp:paragraph -->\n\n<!-- wp:image -->\n<figure class=\"wp-block-image\"><img decoding=\"async\" src=\"https:\/\/stagingphytocontrol.shdesign.fr\/app\/uploads\/2021\/03\/gateaux_sesames.png\" alt=\"gateaux_sesames\"\/><\/figure>\n<!-- \/wp:image -->\n\n<!-- wp:paragraph -->\n<p>#CCCCCC<\/p>\n<!-- \/wp:paragraph -->\n\n<!-- wp:quote -->\n<blockquote class=\"wp-block-quote\"><p>Cos&#8217;\u00e8 l&#8217;ossido di etilene?<\/p><\/blockquote>\n<!-- \/wp: quote -->\n\n<!-- wp:paragraph -->\n<p>L<strong>&#8216;ossido di etilene<\/strong> \u00e8 una sostanza con propriet\u00e0 fungicide e biocide. \u00c8 un prodotto fitosanitario classificato come cancerogeno, mutageno e reprotossico (CMR). In molti paesi, tra cui India, Canada e Australia, \u00e8 utilizzato per prevenire la crescita di batteri, lieviti e muffe durante il trasporto di prodotti alimentari.<\/p>\n<!-- \/wp:paragraph -->\n\n<!-- wp:paragraph -->\n<p>All&#8217;inizio di settembre 2020, diversi Stati membri dell&#8217;UE hanno segnalato concentrazioni di ossido di etilene nei semi di sesamo 100 volte superiori al limite massimo di residui (LMR).<\/p>\n<!-- \/wp:paragraph -->\n\n<!-- wp:paragraph -->\n<p>I controlli sono attuati sui semi di sesamo di altre origini senza un obiettivo specifico dei paesi esportatori, in modo da poter identificare se questo uso \u00e8 diffuso in altri paesi. I controlli sono estesi ad altre merci importate dall&#8217;India come spezie, noci, altri semi oleosi, funghi secchi, verdure disidratate, riso, erbe, t\u00e8, okra, peperoncini e gomma di guar ma anche ad altri paesi.<\/p>\n<!-- \/wp:paragraph -->\n\n<!-- wp:paragraph -->\n<p>justify no-repeat;left top;; auto <br><\/p>\n<!-- \/wp:paragraph -->\n\n<!-- wp:heading {\"level\":3} -->\n<h3>Quali prodotti sono interessati?<\/h3>\n<!-- \/wp:heading -->\n\n<!-- wp:paragraph -->\n<p>no-repeat;left top;; auto<\/p>\n<!-- \/wp:paragraph -->\n\n<!-- wp:paragraph -->\n<p>Piante aromatiche e officinali<\/p>\n<!-- \/wp:paragraph -->\n\n<!-- wp:paragraph -->\n<p>center no-repeat;left top;; auto<\/p>\n<!-- \/wp:paragraph -->\n\n<!-- wp:paragraph -->\n<p>Semi e frutti oleaginosi<\/p>\n<!-- \/wp:paragraph -->\n\n<!-- wp:paragraph -->\n<p>center no-repeat;left top;; auto<\/p>\n<!-- \/wp:paragraph -->\n\n<!-- wp:paragraph -->\n<p>Oli<\/p>\n<!-- \/wp:paragraph -->\n\n<!-- wp:paragraph -->\n<p>center no-repeat;left top;; auto<\/p>\n<!-- \/wp:paragraph -->\n\n<!-- wp:paragraph -->\n<p>Frutta secca e legumi<\/p>\n<!-- \/wp:paragraph -->\n\n<!-- wp:paragraph -->\n<p>center no-repeat;left top;; auto<\/p>\n<!-- \/wp:paragraph -->\n\n<!-- wp:paragraph -->\n<p>Cereali e prodotti derivati<\/p>\n<!-- \/wp:paragraph -->\n\n<!-- wp:paragraph -->\n<p>center no-repeat;left top;; auto<\/p>\n<!-- \/wp:paragraph -->\n\n<!-- wp:paragraph -->\n<p>Spezie<\/p>\n<!-- \/wp:paragraph -->\n\n<!-- wp:paragraph -->\n<p>center no-repeat;left top;; auto <br><\/p>\n<!-- \/wp:paragraph -->\n\n<!-- wp:heading {\"level\":3} -->\n<h3>La soluzione Phytocontrol<\/h3>\n<!-- \/wp:heading -->\n\n<!-- wp:paragraph -->\n<p>Phytocontrol, esperto nell&#8217;<a href=\"\/it\/le-nostre-analisi\/residui-di-pesticidi\/\">analisi dei pesticidi<\/a>, si adatta alle vostre esigenze e offre un metodo accreditato secondo la norma ISO 17025 per l&#8217;analisi di ossido di etilene e il suo metabolita, il 2-cloro-etanolo, tramite GC-MS\/MS.<br> I nostri limiti di quantificazione rispettano i limiti normativi in vigore per ogni matrice. Con questo accreditamento, desideriamo fornirvi la garanzia di risultati di analisi affidabili e di qualit\u00e0. Il laboratorio \u00e8 in grado di effettuare questa analisi in 3 &#8211; 5 giorni in routine, ed \u00e8 sempre in capacit\u00e0 di gestire le vostre richieste urgente.<\/p>\n<!-- \/wp:paragraph -->\n\n<!-- wp:paragraph -->\n<p>no-repeat;left top;; auto Contatta il nostro servizio clienti <a href=\"\/it\/contattateci\/\">\/it\/contattateci\/<\/a> center left #ed910d 2 <br><\/p>\n<!-- \/wp:paragraph -->\n\n<!-- wp:heading {\"level\":3} -->\n<h3>Normativa<\/h3>\n<!-- \/wp:heading -->\n\n<!-- wp:paragraph -->\n<p>La conformit\u00e0 di un campione si basa sul rispetto del LMR stabilito nel regolamento CE n\u00b0396\/2005 e nelle sue successive modifiche. La definizione regolamentare dei residui di ossido di etilene \u00e8 la seguente: somma di ossido di etilene e 2-cloro-etanolo, espressa in ossido di etilene.<\/p>\n<!-- \/wp:paragraph -->\n\n<!-- wp:paragraph -->\n<p><strong>Materie prime:<\/strong><br> Il campione \u00e8 dichiarato non conforme:<br><\/p>\n<!-- \/wp:paragraph -->\n\n<!-- wp:list -->\n<ul> <li>Se il contenuto di ossido di etilene &gt;0,05 mg\/kg nei semi di sesamo, altri semi e frutti oleaginosi ed erbe fresche.<\/li> <li>Se il contenuto di ossido di etilene &gt;0,02 mg\/kg in frutta, ortaggi e cereali.<\/li> <li>Se il contenuto di ossido di etilene &gt;0,1 mg\/kg in t\u00e8, infusioni di erbe e spezie.<\/li> <\/ul>\n<!-- \/wp: list -->\n\n<!-- wp:paragraph -->\n<p><strong>Prodotti trasformati e\/o compositi:<\/strong><br> La valutazione di conformit\u00e0 \u00e8 basata sull&#8217;LMR del prodotto fresco.<br> Nel caso di prodotti multi-ingrediente, dovrebbe essere presa in considerazione il LMR pi\u00f9 basso per quegli ingredienti. <br> Se un fattore di trasformazione \u00e8 noto, esso pu\u00f2 essere applicato solamente nel caso in cui il trattamento all&#8217;ossido di etilene sia stato applicato prima della trasformazione del prodotto.<br><\/p>\n<!-- \/wp:paragraph -->\n\n<!-- wp:paragraph -->\n<p><strong>Prodotti destinati all&#8217;alimentazione animale:<\/strong><br> Se una materia prima supera gli LMR stabiliti nel regolamento CE 396\/2005, non pu\u00f2 essere utilizzata come mangime per animali.<br> <br><\/p>\n<!-- \/wp:paragraph -->\n\n<!-- wp:paragraph -->\n<p><strong>Prodotti biologici:<\/strong><br> Per i prodotti dell&#8217;agricoltura biologica, il valore per valutare la conformit\u00e0 dei prodotti, sia grezzi che trasformati, \u00e8 di 0,01 mg\/kg. In caso di non conformit\u00e0 accertata, l&#8217;operatore biologico deve informare il suo organismo di certificazione e i suoi clienti. In tutti i casi menzionati sopra, l&#8217;incertezza di misura non deve essere presa in considerazione nell&#8217;interpretazione dei risultati analitici.<\/p>\n<!-- \/wp:paragraph -->\n\n<!-- wp:paragraph -->\n<p><br><br><br><br> justify no-repeat;left top;; auto Perch\u00e9 scegliere Phytocontrol<\/p>\n<!-- \/wp:paragraph -->\n\n<!-- wp:heading {\"level\":3} -->\n<h3>Perch\u00e9 scegliere Phytocontrol<\/h3>\n<!-- \/wp:heading -->\n\n<!-- wp:paragraph -->\n<p>no-repeat;center top;; auto Texte SEO<\/p>\n<!-- \/wp:paragraph -->\n\n<!-- wp:paragraph -->\n<p><b>P.C.R.A. : <\/b>Phytocontrol \u00e8 un progetto tecnologico e umano che risponde alle sfide sociali di sicurezza delle acque e dei prodotti alimentari con prossimit\u00e0, competenza, reattivit\u00e0 e affidabilit\u00e0. Il Laboratorio vi offre le soluzioni pi\u00f9 affidabili, innovative ed ecoresponsabili per garantirvi le migliori competenze europee. All\u2019avanguardia della tecnologia, Phytocontrol sviluppa il proprio sistema di informazione attraverso un data center di ultima generazione e apporta innovazione grazie al sistema di tracciabilit\u00e0 del trasporto del campione. L&#8217;anticipazione rappresenta la filosofia di Phytocontrol, il cui obiettivo \u00e8 essere sempre un passo avanti!<\/p>\n<!-- \/wp:paragraph -->\n\n<!-- wp:paragraph -->\n<p>no-repeat;center top;; auto fadeInUp animate-delay-200 Prossimit\u00e0 h4<\/p>\n<!-- \/wp:paragraph -->\n\n<!-- wp:paragraph -->\n<p>Offriamo un supporto tecnico e logistico di prossimit\u00e0<\/p>\n<!-- \/wp:paragraph -->\n\n<!-- wp:paragraph -->\n<p>icon-lamp<\/p>\n<!-- \/wp:paragraph -->\n\n<!-- wp:image -->\n<figure class=\"wp-block-image\"><img decoding=\"async\" src=\"\/app\/uploads\/2019\/06\/accueil-proximite.svg\" alt=\"\"\/><\/figure>\n<!-- \/wp:image -->\n\n<!-- wp:paragraph -->\n<p>top fadeInUp Competenza h4<\/p>\n<!-- \/wp:paragraph -->\n\n<!-- wp:paragraph -->\n<p>L&#8217;analisi dei contaminanti: il nostro storico know-how<\/p>\n<!-- \/wp:paragraph -->\n\n<!-- wp:paragraph -->\n<p>icon-lamp<\/p>\n<!-- \/wp:paragraph -->\n\n<!-- wp:image -->\n<figure class=\"wp-block-image\"><img decoding=\"async\" src=\"\/app\/uploads\/2019\/06\/accueil-expertise.svg\" alt=\"\"\/><\/figure>\n<!-- \/wp:image -->\n\n<!-- wp:paragraph -->\n<p>top fadeInUp animate-delay-200 Reattivit\u00e0 h4<\/p>\n<!-- \/wp:paragraph -->\n\n<!-- wp:paragraph -->\n<p>Garantiamo la<br> disponibilit\u00e0 dei risultati<br> di analisi di routine in 2-6 giorni<\/p>\n<!-- \/wp:paragraph -->\n\n<!-- wp:paragraph -->\n<p>icon-lamp<\/p>\n<!-- \/wp:paragraph -->\n\n<!-- wp:image -->\n<figure class=\"wp-block-image\"><img decoding=\"async\" src=\"\/app\/uploads\/2019\/06\/accueil-reactivite.svg\" alt=\"\"\/><\/figure>\n<!-- \/wp:image -->\n\n<!-- wp:paragraph -->\n<p>top fadeInUp animate-delay-400 Affidabilit\u00e0 h4<\/p>\n<!-- \/wp:paragraph -->\n\n<!-- wp:paragraph -->\n<p>Svolgiamo le nostre ricerche <br> con l&#8217;intento di fornire <br> la massima affidabilit\u00e0 analitica<\/p>\n<!-- \/wp:paragraph -->\n\n<!-- wp:paragraph -->\n<p>icon-lamp<\/p>\n<!-- \/wp:paragraph -->\n\n<!-- wp:image -->\n<figure class=\"wp-block-image\"><img decoding=\"async\" src=\"\/app\/uploads\/2019\/06\/accueil-fiabilite.svg\" alt=\"\"\/><\/figure>\n<!-- \/wp:image -->\n\n<!-- wp:paragraph -->\n<p>top fadeInUp animate-delay-600 Avviamo insieme il tuo progetto <a href=\"\/it\/contatta-la-tua-agenzia-regionale\/\">\/it\/contatta-la-tua-agenzia-regionale\/<\/a>\ncenter\nleft\n2<\/p>\n<!-- \/wp:paragraph --><!-- \/wp:post-content -->","protected":false},"excerpt":{"rendered":"<p>#CCCCCC #CCCCCC #CCCCCC Cos&#8217;\u00e8 l&#8217;ossido di etilene? L&#8216;ossido di etilene \u00e8 una sostanza con propriet\u00e0&hellip;<\/p>\n","protected":false},"author":8,"featured_media":0,"parent":15123,"menu_order":0,"comment_status":"closed","ping_status":"closed","template":"","meta":{"_acf_changed":false,"footnotes":""},"page_category":[],"class_list":["post-23884","page","type-page","status-publish","hentry"],"acf":[],"yoast_head":"<!-- This site is optimized with the Yoast SEO plugin v27.3 - https:\/\/yoast.com\/product\/yoast-seo-wordpress\/ -->\n<title>Ossido di etilene - Phytocontrol<\/title>\n<meta name=\"robots\" content=\"noindex, follow, max-snippet:-1, max-image-preview:large, max-video-preview:-1\" \/>\n<meta property=\"og:locale\" content=\"it_IT\" \/>\n<meta property=\"og:type\" content=\"article\" \/>\n<meta property=\"og:title\" content=\"Ossido di etilene - Phytocontrol\" \/>\n<meta property=\"og:description\" content=\"#CCCCCC #CCCCCC #CCCCCC Cos&#8217;\u00e8 l&#8217;ossido di etilene? L&#8216;ossido di etilene \u00e8 una sostanza con propriet\u00e0&hellip;\" \/>\n<meta property=\"og:url\" content=\"https:\/\/stagingphytocontrol.shdesign.fr\/it\/le-nostre-analisi\/residui-di-pesticidi\/ossido-di-etilene\/\" \/>\n<meta property=\"og:site_name\" content=\"Phytocontrol\" \/>\n<meta property=\"article:modified_time\" content=\"2026-01-15T16:43:10+00:00\" \/>\n<meta property=\"og:image\" content=\"https:\/\/stagingphytocontrol.shdesign.fr\/app\/uploads\/2021\/08\/curcuma.png\" \/>\n<meta name=\"twitter:card\" content=\"summary_large_image\" \/>\n<meta name=\"twitter:label1\" content=\"Tempo di lettura stimato\" \/>\n\t<meta name=\"twitter:data1\" content=\"4 minutes\" \/>\n<script type=\"application\/ld+json\" class=\"yoast-schema-graph\">{\"@context\":\"https:\\\/\\\/schema.org\",\"@graph\":[{\"@type\":\"WebPage\",\"@id\":\"https:\\\/\\\/stagingphytocontrol.shdesign.fr\\\/it\\\/le-nostre-analisi\\\/residui-di-pesticidi\\\/ossido-di-etilene\\\/\",\"url\":\"https:\\\/\\\/stagingphytocontrol.shdesign.fr\\\/it\\\/le-nostre-analisi\\\/residui-di-pesticidi\\\/ossido-di-etilene\\\/\",\"name\":\"Ossido di etilene - Phytocontrol\",\"isPartOf\":{\"@id\":\"https:\\\/\\\/stagingphytocontrol.shdesign.fr\\\/#website\"},\"primaryImageOfPage\":{\"@id\":\"https:\\\/\\\/stagingphytocontrol.shdesign.fr\\\/it\\\/le-nostre-analisi\\\/residui-di-pesticidi\\\/ossido-di-etilene\\\/#primaryimage\"},\"image\":{\"@id\":\"https:\\\/\\\/stagingphytocontrol.shdesign.fr\\\/it\\\/le-nostre-analisi\\\/residui-di-pesticidi\\\/ossido-di-etilene\\\/#primaryimage\"},\"thumbnailUrl\":\"https:\\\/\\\/stagingphytocontrol.shdesign.fr\\\/app\\\/uploads\\\/2021\\\/08\\\/curcuma.png\",\"datePublished\":\"2021-09-20T12:46:28+00:00\",\"dateModified\":\"2026-01-15T16:43:10+00:00\",\"breadcrumb\":{\"@id\":\"https:\\\/\\\/stagingphytocontrol.shdesign.fr\\\/it\\\/le-nostre-analisi\\\/residui-di-pesticidi\\\/ossido-di-etilene\\\/#breadcrumb\"},\"inLanguage\":\"it-IT\",\"potentialAction\":[{\"@type\":\"ReadAction\",\"target\":[\"https:\\\/\\\/stagingphytocontrol.shdesign.fr\\\/it\\\/le-nostre-analisi\\\/residui-di-pesticidi\\\/ossido-di-etilene\\\/\"]}]},{\"@type\":\"ImageObject\",\"inLanguage\":\"it-IT\",\"@id\":\"https:\\\/\\\/stagingphytocontrol.shdesign.fr\\\/it\\\/le-nostre-analisi\\\/residui-di-pesticidi\\\/ossido-di-etilene\\\/#primaryimage\",\"url\":\"https:\\\/\\\/stagingphytocontrol.shdesign.fr\\\/app\\\/uploads\\\/2021\\\/08\\\/curcuma.png\",\"contentUrl\":\"https:\\\/\\\/stagingphytocontrol.shdesign.fr\\\/app\\\/uploads\\\/2021\\\/08\\\/curcuma.png\"},{\"@type\":\"BreadcrumbList\",\"@id\":\"https:\\\/\\\/stagingphytocontrol.shdesign.fr\\\/it\\\/le-nostre-analisi\\\/residui-di-pesticidi\\\/ossido-di-etilene\\\/#breadcrumb\",\"itemListElement\":[{\"@type\":\"ListItem\",\"position\":1,\"name\":\"Accueil\",\"item\":\"https:\\\/\\\/stagingphytocontrol.shdesign.fr\\\/it\\\/home-page\\\/\"},{\"@type\":\"ListItem\",\"position\":2,\"name\":\"Ossido di etilene\"}]},{\"@type\":\"WebSite\",\"@id\":\"https:\\\/\\\/stagingphytocontrol.shdesign.fr\\\/#website\",\"url\":\"https:\\\/\\\/stagingphytocontrol.shdesign.fr\\\/\",\"name\":\"Phytocontrol\",\"description\":\"Laboratoire d&#039;analyses\",\"potentialAction\":[{\"@type\":\"SearchAction\",\"target\":{\"@type\":\"EntryPoint\",\"urlTemplate\":\"https:\\\/\\\/stagingphytocontrol.shdesign.fr\\\/?s={search_term_string}\"},\"query-input\":{\"@type\":\"PropertyValueSpecification\",\"valueRequired\":true,\"valueName\":\"search_term_string\"}}],\"inLanguage\":\"it-IT\"}]}<\/script>\n<!-- \/ Yoast SEO plugin. -->","yoast_head_json":{"title":"Ossido di etilene - Phytocontrol","robots":{"index":"noindex","follow":"follow","max-snippet":"max-snippet:-1","max-image-preview":"max-image-preview:large","max-video-preview":"max-video-preview:-1"},"og_locale":"it_IT","og_type":"article","og_title":"Ossido di etilene - Phytocontrol","og_description":"#CCCCCC #CCCCCC #CCCCCC Cos&#8217;\u00e8 l&#8217;ossido di etilene? L&#8216;ossido di etilene \u00e8 una sostanza con propriet\u00e0&hellip;","og_url":"https:\/\/stagingphytocontrol.shdesign.fr\/it\/le-nostre-analisi\/residui-di-pesticidi\/ossido-di-etilene\/","og_site_name":"Phytocontrol","article_modified_time":"2026-01-15T16:43:10+00:00","og_image":[{"url":"https:\/\/stagingphytocontrol.shdesign.fr\/app\/uploads\/2021\/08\/curcuma.png","type":"","width":"","height":""}],"twitter_card":"summary_large_image","twitter_misc":{"Tempo di lettura stimato":"4 minutes"},"schema":{"@context":"https:\/\/schema.org","@graph":[{"@type":"WebPage","@id":"https:\/\/stagingphytocontrol.shdesign.fr\/it\/le-nostre-analisi\/residui-di-pesticidi\/ossido-di-etilene\/","url":"https:\/\/stagingphytocontrol.shdesign.fr\/it\/le-nostre-analisi\/residui-di-pesticidi\/ossido-di-etilene\/","name":"Ossido di etilene - Phytocontrol","isPartOf":{"@id":"https:\/\/stagingphytocontrol.shdesign.fr\/#website"},"primaryImageOfPage":{"@id":"https:\/\/stagingphytocontrol.shdesign.fr\/it\/le-nostre-analisi\/residui-di-pesticidi\/ossido-di-etilene\/#primaryimage"},"image":{"@id":"https:\/\/stagingphytocontrol.shdesign.fr\/it\/le-nostre-analisi\/residui-di-pesticidi\/ossido-di-etilene\/#primaryimage"},"thumbnailUrl":"https:\/\/stagingphytocontrol.shdesign.fr\/app\/uploads\/2021\/08\/curcuma.png","datePublished":"2021-09-20T12:46:28+00:00","dateModified":"2026-01-15T16:43:10+00:00","breadcrumb":{"@id":"https:\/\/stagingphytocontrol.shdesign.fr\/it\/le-nostre-analisi\/residui-di-pesticidi\/ossido-di-etilene\/#breadcrumb"},"inLanguage":"it-IT","potentialAction":[{"@type":"ReadAction","target":["https:\/\/stagingphytocontrol.shdesign.fr\/it\/le-nostre-analisi\/residui-di-pesticidi\/ossido-di-etilene\/"]}]},{"@type":"ImageObject","inLanguage":"it-IT","@id":"https:\/\/stagingphytocontrol.shdesign.fr\/it\/le-nostre-analisi\/residui-di-pesticidi\/ossido-di-etilene\/#primaryimage","url":"https:\/\/stagingphytocontrol.shdesign.fr\/app\/uploads\/2021\/08\/curcuma.png","contentUrl":"https:\/\/stagingphytocontrol.shdesign.fr\/app\/uploads\/2021\/08\/curcuma.png"},{"@type":"BreadcrumbList","@id":"https:\/\/stagingphytocontrol.shdesign.fr\/it\/le-nostre-analisi\/residui-di-pesticidi\/ossido-di-etilene\/#breadcrumb","itemListElement":[{"@type":"ListItem","position":1,"name":"Accueil","item":"https:\/\/stagingphytocontrol.shdesign.fr\/it\/home-page\/"},{"@type":"ListItem","position":2,"name":"Ossido di etilene"}]},{"@type":"WebSite","@id":"https:\/\/stagingphytocontrol.shdesign.fr\/#website","url":"https:\/\/stagingphytocontrol.shdesign.fr\/","name":"Phytocontrol","description":"Laboratoire d&#039;analyses","potentialAction":[{"@type":"SearchAction","target":{"@type":"EntryPoint","urlTemplate":"https:\/\/stagingphytocontrol.shdesign.fr\/?s={search_term_string}"},"query-input":{"@type":"PropertyValueSpecification","valueRequired":true,"valueName":"search_term_string"}}],"inLanguage":"it-IT"}]}},"_links":{"self":[{"href":"https:\/\/stagingphytocontrol.shdesign.fr\/it\/wp-json\/wp\/v2\/pages\/23884","targetHints":{"allow":["GET"]}}],"collection":[{"href":"https:\/\/stagingphytocontrol.shdesign.fr\/it\/wp-json\/wp\/v2\/pages"}],"about":[{"href":"https:\/\/stagingphytocontrol.shdesign.fr\/it\/wp-json\/wp\/v2\/types\/page"}],"author":[{"embeddable":true,"href":"https:\/\/stagingphytocontrol.shdesign.fr\/it\/wp-json\/wp\/v2\/users\/8"}],"replies":[{"embeddable":true,"href":"https:\/\/stagingphytocontrol.shdesign.fr\/it\/wp-json\/wp\/v2\/comments?post=23884"}],"version-history":[{"count":0,"href":"https:\/\/stagingphytocontrol.shdesign.fr\/it\/wp-json\/wp\/v2\/pages\/23884\/revisions"}],"up":[{"embeddable":true,"href":"https:\/\/stagingphytocontrol.shdesign.fr\/it\/wp-json\/wp\/v2\/pages\/15123"}],"wp:attachment":[{"href":"https:\/\/stagingphytocontrol.shdesign.fr\/it\/wp-json\/wp\/v2\/media?parent=23884"}],"wp:term":[{"taxonomy":"page_category","embeddable":true,"href":"https:\/\/stagingphytocontrol.shdesign.fr\/it\/wp-json\/wp\/v2\/page_category?post=23884"}],"curies":[{"name":"wp","href":"https:\/\/api.w.org\/{rel}","templated":true}]}}