{"id":22361,"date":"2021-03-31T15:50:46","date_gmt":"2021-03-31T13:50:46","guid":{"rendered":"https:\/\/stagingphytocontrol.shdesign.fr\/?page_id=22361"},"modified":"2026-01-15T17:43:14","modified_gmt":"2026-01-15T16:43:14","slug":"phytocontrol-proxilab-bretagna","status":"publish","type":"page","link":"https:\/\/stagingphytocontrol.shdesign.fr\/it\/nos-laboratoires\/phytocontrol-proxilab-bretagna\/","title":{"rendered":"Phytocontrol Proxilab Bretagna"},"content":{"rendered":"\n<blockquote class=\"wp-block-quote\"><p>1\u00b0 laboratorio locale dedicato all&#8217;analisi delle acque e alla microbiologia alimentarealimentaire<\/p><\/blockquote>\n<!-- \/wp: quote -->\n\n\n<figure class=\"wp-block-image\"><img decoding=\"async\" src=\"https:\/\/stagingphytocontrol.shdesign.fr\/app\/uploads\/2025\/01\/proxilab-bretagne-02.png\" alt=\"\"\/><\/figure>\n\n\n\n<p>fadeInLeft WIDGETKIT Nos valeurs&#8230; Nos accr\u00e9ditations&#8230; Nos reconnaissances <br><br><\/p>\n\n\n\n<h3 class=\"wp-block-heading\">Phytocontrol Proxilab Bretagne<\/h3>\n\n\n\n<p>\u00c8 a Vezin-le-Coquet, vicino a Rennes la capitale bretone, che Phytocontrol Proxilab Bretagna si \u00e8 stabilito. Il primo laboratorio locale del gruppo Phytocontrol offre servizi di analisi microbiologiche e chimiche per il settore agroalimentare e ambientale. Nel 2018 il team locale ha sviluppato e convalidato i metodi analitici. Oggi il team \u00e8 operativo per ricevere e trattare i campioni in routine. Il laboratorio \u00e8 accreditato ISO 17025 dall\u2019ente di accreditamento francese, il <a href=\"\/it\/chi-siamo\/i-nostri-riconoscimenti-qualita\/\">COFRAC<\/a>.<\/p>\n\n\n\n<p>La reattivit\u00e0 e la prossimit\u00e0 sono le punte di diamante della politica di Phytocontrol. Per soddisfare le esigenze di prossimit\u00e0 e disponibilit\u00e0, nonch\u00e9 i tempi di analisi, Proxilab Bretagne offre tutti i parametri analitici relativi alle analisi di routine:<\/p>\n\n\n\n<ul class=\"wp-block-list\"> <li>Microbiologia alimentare<\/li> <li>Microbiologia e fisico-chimica delle acque<\/li> <\/ul>\n<!-- \/wp: list -->\n\n\n<p>justify no-repeat;center;; auto fadeInLeft WIDGETKIT Nos valeurs&#8230; Nos accr\u00e9ditations&#8230; Nos reconnaissances <br><br> no-repeat;center top;; auto fadeInRight WIDGETKIT Nos valeurs&#8230; Nos accr\u00e9ditations&#8230; Nos reconnaissances <br><br><br><br><\/p>\n\n\n\n<h3 class=\"wp-block-heading\">I nostri recapiti<\/h3>\n\n\n\n<h5 class=\"wp-block-heading\">Phytocontrol Proxilab Bretagne 3 impasse de la Jonch\u00e9e 35132 Vezin-le-coquet FRANCIA<\/h5>\n\n\n\n<p>Coordinate GPS : 48\u00b006&#8217;24.0&#8243;N 1\u00b044&#8217;34.2&#8243;W<br> <a href=\"https:\/\/goo.gl\/maps\/87xNBkbLg5y\">Itinerario<\/a><\/p>\n\n\n\n<p>T\u00e9l. : <a href=\"tel:+39%20800%20909%20769%20\">+39 800 909 769 <\/a><\/p>\n\n\n\n<p><a href=\"mailto:italia@phytocontrol.com\">italia@phytocontrol.com<\/a><\/p>\n\n\n\n<p>no-repeat;center;; auto fadeInRight<\/p>\n\n\n\n<figure class=\"wp-block-image\"><img decoding=\"async\" src=\"https:\/\/stagingphytocontrol.shdesign.fr\/app\/uploads\/2025\/01\/proxilab-bretagne-01.png\" alt=\"\"\/><\/figure>\n\n\n\n<p>fadeInLeft Perch\u00e9 scegliere Phytocontrol<\/p>\n\n\n\n<h3 class=\"wp-block-heading\">Perch\u00e9 scegliere Phytocontrol<\/h3>\n\n\n\n<p>no-repeat;center top;; auto Texte SEO<\/p>\n\n\n\n<p><b>P.C.R.A. : <\/b>Phytocontrol \u00e8 un progetto tecnologico e umano che risponde alle sfide sociali di sicurezza delle acque e dei prodotti alimentari con prossimit\u00e0, competenza, reattivit\u00e0 e affidabilit\u00e0. Il Laboratorio vi offre le soluzioni pi\u00f9 affidabili, innovative ed ecoresponsabili per garantirvi le migliori competenze europee. All\u2019avanguardia della tecnologia, Phytocontrol sviluppa il proprio sistema di informazione attraverso un data center di ultima generazione e apporta innovazione grazie al sistema di tracciabilit\u00e0 del trasporto del campione. L&#8217;anticipazione rappresenta la filosofia di Phytocontrol, il cui obiettivo \u00e8 essere sempre un passo avanti!<\/p>\n\n\n\n<p>no-repeat;center top;; auto fadeInUp animate-delay-200 Prossimit\u00e0 h4<\/p>\n\n\n\n<p>Offriamo un supporto tecnico e logistico di prossimit\u00e0<\/p>\n\n\n\n<p>icon-lamp<\/p>\n\n\n\n<figure class=\"wp-block-image\"><img decoding=\"async\" src=\"\/app\/uploads\/2019\/06\/accueil-proximite.svg\" alt=\"\"\/><\/figure>\n\n\n\n<p>top fadeInUp Competenza h4<\/p>\n\n\n\n<p>L&#8217;analisi dei contaminanti: il nostro storico know-how<\/p>\n\n\n\n<p>icon-lamp<\/p>\n\n\n\n<figure class=\"wp-block-image\"><img decoding=\"async\" src=\"\/app\/uploads\/2019\/06\/accueil-expertise.svg\" alt=\"\"\/><\/figure>\n\n\n\n<p>top fadeInUp animate-delay-200 Reattivit\u00e0 h4<\/p>\n\n\n\n<p>Garantiamo la<br> disponibilit\u00e0 dei risultati<br> di analisi di routine in 2-6 giorni<\/p>\n\n\n\n<p>icon-lamp<\/p>\n\n\n\n<figure class=\"wp-block-image\"><img decoding=\"async\" src=\"\/app\/uploads\/2019\/06\/accueil-reactivite.svg\" alt=\"\"\/><\/figure>\n\n\n\n<p>top fadeInUp animate-delay-400 Affidabilit\u00e0 h4<\/p>\n\n\n\n<p>Svolgiamo le nostre ricerche <br> con l&#8217;intento di fornire <br> la massima affidabilit\u00e0 analitica<\/p>\n\n\n\n<p>icon-lamp<\/p>\n\n\n\n<figure class=\"wp-block-image\"><img decoding=\"async\" src=\"\/app\/uploads\/2019\/06\/accueil-fiabilite.svg\" alt=\"\"\/><\/figure>\n\n\n\n<p>top fadeInUp animate-delay-600 Avviamo insieme il tuo progetto <a href=\"\/it\/contatta-la-tua-agenzia-regionale\/\">\/it\/contatta-la-tua-agenzia-regionale\/<\/a>\ncenter\nleft\n2<\/p>\n<!-- \/wp:quote --><!-- wp:post-content --><!-- wp:quote -->\n<blockquote class=\"wp-block-quote\"><p>1\u00b0 laboratorio locale dedicato all&#8217;analisi delle acque e alla microbiologia alimentarealimentaire<\/p><\/blockquote>\n<!-- \/wp: quote -->\n\n<!-- wp:image -->\n<figure class=\"wp-block-image\"><img decoding=\"async\" src=\"https:\/\/stagingphytocontrol.shdesign.fr\/app\/uploads\/2025\/01\/proxilab-bretagne-02.png\" alt=\"\"\/><\/figure>\n<!-- \/wp:image -->\n\n<!-- wp:paragraph -->\n<p>fadeInLeft WIDGETKIT Nos valeurs&#8230; Nos accr\u00e9ditations&#8230; Nos reconnaissances <br><br><\/p>\n<!-- \/wp:paragraph -->\n\n<!-- wp:heading {\"level\":3} -->\n<h3>Phytocontrol Proxilab Bretagne<\/h3>\n<!-- \/wp:heading -->\n\n<!-- wp:paragraph -->\n<p>\u00c8 a Vezin-le-Coquet, vicino a Rennes la capitale bretone, che Phytocontrol Proxilab Bretagna si \u00e8 stabilito. Il primo laboratorio locale del gruppo Phytocontrol offre servizi di analisi microbiologiche e chimiche per il settore agroalimentare e ambientale. Nel 2018 il team locale ha sviluppato e convalidato i metodi analitici. Oggi il team \u00e8 operativo per ricevere e trattare i campioni in routine. Il laboratorio \u00e8 accreditato ISO 17025 dall\u2019ente di accreditamento francese, il <a href=\"\/it\/chi-siamo\/i-nostri-riconoscimenti-qualita\/\">COFRAC<\/a>.<\/p>\n<!-- \/wp:paragraph -->\n\n<!-- wp:paragraph -->\n<p>La reattivit\u00e0 e la prossimit\u00e0 sono le punte di diamante della politica di Phytocontrol. Per soddisfare le esigenze di prossimit\u00e0 e disponibilit\u00e0, nonch\u00e9 i tempi di analisi, Proxilab Bretagne offre tutti i parametri analitici relativi alle analisi di routine:<\/p>\n<!-- \/wp:paragraph -->\n\n<!-- wp:list -->\n<ul> <li>Microbiologia alimentare<\/li> <li>Microbiologia e fisico-chimica delle acque<\/li> <\/ul>\n<!-- \/wp: list -->\n\n<!-- wp:paragraph -->\n<p>justify no-repeat;center;; auto fadeInLeft WIDGETKIT Nos valeurs&#8230; Nos accr\u00e9ditations&#8230; Nos reconnaissances <br><br> no-repeat;center top;; auto fadeInRight WIDGETKIT Nos valeurs&#8230; Nos accr\u00e9ditations&#8230; Nos reconnaissances <br><br><br><br><\/p>\n<!-- \/wp:paragraph -->\n\n<!-- wp:heading {\"level\":3} -->\n<h3>I nostri recapiti<\/h3>\n<!-- \/wp:heading -->\n\n<!-- wp:heading {\"level\":5} -->\n<h5>Phytocontrol Proxilab Bretagne 3 impasse de la Jonch\u00e9e 35132 Vezin-le-coquet FRANCIA<\/h5>\n<!-- \/wp:heading -->\n\n<!-- wp:paragraph -->\n<p>Coordinate GPS : 48\u00b006&#8217;24.0&#8243;N 1\u00b044&#8217;34.2&#8243;W<br> <a href=\"https:\/\/goo.gl\/maps\/87xNBkbLg5y\">Itinerario<\/a><\/p>\n<!-- \/wp:paragraph -->\n\n<!-- wp:paragraph -->\n<p>T\u00e9l. : <a href=\"tel:+39%20800%20909%20769%20\">+39 800 909 769 <\/a><\/p>\n<!-- \/wp:paragraph -->\n\n<!-- wp:paragraph -->\n<p><a href=\"mailto:italia@phytocontrol.com\">italia@phytocontrol.com<\/a><\/p>\n<!-- \/wp:paragraph -->\n\n<!-- wp:paragraph -->\n<p>no-repeat;center;; auto fadeInRight<\/p>\n<!-- \/wp:paragraph -->\n\n<!-- wp:image -->\n<figure class=\"wp-block-image\"><img decoding=\"async\" src=\"https:\/\/stagingphytocontrol.shdesign.fr\/app\/uploads\/2025\/01\/proxilab-bretagne-01.png\" alt=\"\"\/><\/figure>\n<!-- \/wp:image -->\n\n<!-- wp:paragraph -->\n<p>fadeInLeft Perch\u00e9 scegliere Phytocontrol<\/p>\n<!-- \/wp:paragraph -->\n\n<!-- wp:heading {\"level\":3} -->\n<h3>Perch\u00e9 scegliere Phytocontrol<\/h3>\n<!-- \/wp:heading -->\n\n<!-- wp:paragraph -->\n<p>no-repeat;center top;; auto Texte SEO<\/p>\n<!-- \/wp:paragraph -->\n\n<!-- wp:paragraph -->\n<p><b>P.C.R.A. : <\/b>Phytocontrol \u00e8 un progetto tecnologico e umano che risponde alle sfide sociali di sicurezza delle acque e dei prodotti alimentari con prossimit\u00e0, competenza, reattivit\u00e0 e affidabilit\u00e0. Il Laboratorio vi offre le soluzioni pi\u00f9 affidabili, innovative ed ecoresponsabili per garantirvi le migliori competenze europee. All\u2019avanguardia della tecnologia, Phytocontrol sviluppa il proprio sistema di informazione attraverso un data center di ultima generazione e apporta innovazione grazie al sistema di tracciabilit\u00e0 del trasporto del campione. L&#8217;anticipazione rappresenta la filosofia di Phytocontrol, il cui obiettivo \u00e8 essere sempre un passo avanti!<\/p>\n<!-- \/wp:paragraph -->\n\n<!-- wp:paragraph -->\n<p>no-repeat;center top;; auto fadeInUp animate-delay-200 Prossimit\u00e0 h4<\/p>\n<!-- \/wp:paragraph -->\n\n<!-- wp:paragraph -->\n<p>Offriamo un supporto tecnico e logistico di prossimit\u00e0<\/p>\n<!-- \/wp:paragraph -->\n\n<!-- wp:paragraph -->\n<p>icon-lamp<\/p>\n<!-- \/wp:paragraph -->\n\n<!-- wp:image -->\n<figure class=\"wp-block-image\"><img decoding=\"async\" src=\"\/app\/uploads\/2019\/06\/accueil-proximite.svg\" alt=\"\"\/><\/figure>\n<!-- \/wp:image -->\n\n<!-- wp:paragraph -->\n<p>top fadeInUp Competenza h4<\/p>\n<!-- \/wp:paragraph -->\n\n<!-- wp:paragraph -->\n<p>L&#8217;analisi dei contaminanti: il nostro storico know-how<\/p>\n<!-- \/wp:paragraph -->\n\n<!-- wp:paragraph -->\n<p>icon-lamp<\/p>\n<!-- \/wp:paragraph -->\n\n<!-- wp:image -->\n<figure class=\"wp-block-image\"><img decoding=\"async\" src=\"\/app\/uploads\/2019\/06\/accueil-expertise.svg\" alt=\"\"\/><\/figure>\n<!-- \/wp:image -->\n\n<!-- wp:paragraph -->\n<p>top fadeInUp animate-delay-200 Reattivit\u00e0 h4<\/p>\n<!-- \/wp:paragraph -->\n\n<!-- wp:paragraph -->\n<p>Garantiamo la<br> disponibilit\u00e0 dei risultati<br> di analisi di routine in 2-6 giorni<\/p>\n<!-- \/wp:paragraph -->\n\n<!-- wp:paragraph -->\n<p>icon-lamp<\/p>\n<!-- \/wp:paragraph -->\n\n<!-- wp:image -->\n<figure class=\"wp-block-image\"><img decoding=\"async\" src=\"\/app\/uploads\/2019\/06\/accueil-reactivite.svg\" alt=\"\"\/><\/figure>\n<!-- \/wp:image -->\n\n<!-- wp:paragraph -->\n<p>top fadeInUp animate-delay-400 Affidabilit\u00e0 h4<\/p>\n<!-- \/wp:paragraph -->\n\n<!-- wp:paragraph -->\n<p>Svolgiamo le nostre ricerche <br> con l&#8217;intento di fornire <br> la massima affidabilit\u00e0 analitica<\/p>\n<!-- \/wp:paragraph -->\n\n<!-- wp:paragraph -->\n<p>icon-lamp<\/p>\n<!-- \/wp:paragraph -->\n\n<!-- wp:image -->\n<figure class=\"wp-block-image\"><img decoding=\"async\" src=\"\/app\/uploads\/2019\/06\/accueil-fiabilite.svg\" alt=\"\"\/><\/figure>\n<!-- \/wp:image -->\n\n<!-- wp:paragraph -->\n<p>top fadeInUp animate-delay-600 Avviamo insieme il tuo progetto <a href=\"\/it\/contatta-la-tua-agenzia-regionale\/\">\/it\/contatta-la-tua-agenzia-regionale\/<\/a>\ncenter\nleft\n2<\/p>\n<!-- \/wp:paragraph --><!-- \/wp:post-content -->","protected":false},"excerpt":{"rendered":"","protected":false},"author":8,"featured_media":0,"parent":22354,"menu_order":0,"comment_status":"closed","ping_status":"closed","template":"","meta":{"_acf_changed":false,"footnotes":""},"page_category":[],"class_list":["post-22361","page","type-page","status-publish","hentry"],"acf":[],"yoast_head":"<!-- This site is optimized with the Yoast SEO plugin v27.3 - https:\/\/yoast.com\/product\/yoast-seo-wordpress\/ -->\n<title>Phytocontrol Proxilab Bretagna - Phytocontrol<\/title>\n<meta name=\"robots\" content=\"noindex, follow, max-snippet:-1, max-image-preview:large, max-video-preview:-1\" \/>\n<meta property=\"og:locale\" content=\"it_IT\" \/>\n<meta property=\"og:type\" content=\"article\" \/>\n<meta property=\"og:title\" content=\"Phytocontrol Proxilab Bretagna - Phytocontrol\" \/>\n<meta property=\"og:url\" content=\"https:\/\/stagingphytocontrol.shdesign.fr\/it\/nos-laboratoires\/phytocontrol-proxilab-bretagna\/\" \/>\n<meta property=\"og:site_name\" content=\"Phytocontrol\" \/>\n<meta property=\"article:modified_time\" content=\"2026-01-15T16:43:14+00:00\" \/>\n<meta property=\"og:image\" content=\"https:\/\/stagingphytocontrol.shdesign.fr\/app\/uploads\/2025\/01\/proxilab-bretagne-02.png\" \/>\n<meta name=\"twitter:card\" content=\"summary_large_image\" \/>\n<meta name=\"twitter:label1\" content=\"Tempo di lettura stimato\" \/>\n\t<meta name=\"twitter:data1\" content=\"2 minutes\" \/>\n<script type=\"application\/ld+json\" class=\"yoast-schema-graph\">{\"@context\":\"https:\\\/\\\/schema.org\",\"@graph\":[{\"@type\":\"WebPage\",\"@id\":\"https:\\\/\\\/stagingphytocontrol.shdesign.fr\\\/it\\\/nos-laboratoires\\\/phytocontrol-proxilab-bretagna\\\/\",\"url\":\"https:\\\/\\\/stagingphytocontrol.shdesign.fr\\\/it\\\/nos-laboratoires\\\/phytocontrol-proxilab-bretagna\\\/\",\"name\":\"Phytocontrol Proxilab Bretagna - Phytocontrol\",\"isPartOf\":{\"@id\":\"https:\\\/\\\/stagingphytocontrol.shdesign.fr\\\/#website\"},\"primaryImageOfPage\":{\"@id\":\"https:\\\/\\\/stagingphytocontrol.shdesign.fr\\\/it\\\/nos-laboratoires\\\/phytocontrol-proxilab-bretagna\\\/#primaryimage\"},\"image\":{\"@id\":\"https:\\\/\\\/stagingphytocontrol.shdesign.fr\\\/it\\\/nos-laboratoires\\\/phytocontrol-proxilab-bretagna\\\/#primaryimage\"},\"thumbnailUrl\":\"https:\\\/\\\/stagingphytocontrol.shdesign.fr\\\/app\\\/uploads\\\/2025\\\/01\\\/proxilab-bretagne-02.png\",\"datePublished\":\"2021-03-31T13:50:46+00:00\",\"dateModified\":\"2026-01-15T16:43:14+00:00\",\"breadcrumb\":{\"@id\":\"https:\\\/\\\/stagingphytocontrol.shdesign.fr\\\/it\\\/nos-laboratoires\\\/phytocontrol-proxilab-bretagna\\\/#breadcrumb\"},\"inLanguage\":\"it-IT\",\"potentialAction\":[{\"@type\":\"ReadAction\",\"target\":[\"https:\\\/\\\/stagingphytocontrol.shdesign.fr\\\/it\\\/nos-laboratoires\\\/phytocontrol-proxilab-bretagna\\\/\"]}]},{\"@type\":\"ImageObject\",\"inLanguage\":\"it-IT\",\"@id\":\"https:\\\/\\\/stagingphytocontrol.shdesign.fr\\\/it\\\/nos-laboratoires\\\/phytocontrol-proxilab-bretagna\\\/#primaryimage\",\"url\":\"https:\\\/\\\/stagingphytocontrol.shdesign.fr\\\/app\\\/uploads\\\/2025\\\/01\\\/proxilab-bretagne-02.png\",\"contentUrl\":\"https:\\\/\\\/stagingphytocontrol.shdesign.fr\\\/app\\\/uploads\\\/2025\\\/01\\\/proxilab-bretagne-02.png\"},{\"@type\":\"BreadcrumbList\",\"@id\":\"https:\\\/\\\/stagingphytocontrol.shdesign.fr\\\/it\\\/nos-laboratoires\\\/phytocontrol-proxilab-bretagna\\\/#breadcrumb\",\"itemListElement\":[{\"@type\":\"ListItem\",\"position\":1,\"name\":\"Accueil\",\"item\":\"https:\\\/\\\/stagingphytocontrol.shdesign.fr\\\/it\\\/home-page\\\/\"},{\"@type\":\"ListItem\",\"position\":2,\"name\":\"Phytocontrol Proxilab Bretagna\"}]},{\"@type\":\"WebSite\",\"@id\":\"https:\\\/\\\/stagingphytocontrol.shdesign.fr\\\/#website\",\"url\":\"https:\\\/\\\/stagingphytocontrol.shdesign.fr\\\/\",\"name\":\"Phytocontrol\",\"description\":\"Laboratoire d&#039;analyses\",\"potentialAction\":[{\"@type\":\"SearchAction\",\"target\":{\"@type\":\"EntryPoint\",\"urlTemplate\":\"https:\\\/\\\/stagingphytocontrol.shdesign.fr\\\/?s={search_term_string}\"},\"query-input\":{\"@type\":\"PropertyValueSpecification\",\"valueRequired\":true,\"valueName\":\"search_term_string\"}}],\"inLanguage\":\"it-IT\"}]}<\/script>\n<!-- \/ Yoast SEO plugin. -->","yoast_head_json":{"title":"Phytocontrol Proxilab Bretagna - Phytocontrol","robots":{"index":"noindex","follow":"follow","max-snippet":"max-snippet:-1","max-image-preview":"max-image-preview:large","max-video-preview":"max-video-preview:-1"},"og_locale":"it_IT","og_type":"article","og_title":"Phytocontrol Proxilab Bretagna - Phytocontrol","og_url":"https:\/\/stagingphytocontrol.shdesign.fr\/it\/nos-laboratoires\/phytocontrol-proxilab-bretagna\/","og_site_name":"Phytocontrol","article_modified_time":"2026-01-15T16:43:14+00:00","og_image":[{"url":"https:\/\/stagingphytocontrol.shdesign.fr\/app\/uploads\/2025\/01\/proxilab-bretagne-02.png","type":"","width":"","height":""}],"twitter_card":"summary_large_image","twitter_misc":{"Tempo di lettura stimato":"2 minutes"},"schema":{"@context":"https:\/\/schema.org","@graph":[{"@type":"WebPage","@id":"https:\/\/stagingphytocontrol.shdesign.fr\/it\/nos-laboratoires\/phytocontrol-proxilab-bretagna\/","url":"https:\/\/stagingphytocontrol.shdesign.fr\/it\/nos-laboratoires\/phytocontrol-proxilab-bretagna\/","name":"Phytocontrol Proxilab Bretagna - Phytocontrol","isPartOf":{"@id":"https:\/\/stagingphytocontrol.shdesign.fr\/#website"},"primaryImageOfPage":{"@id":"https:\/\/stagingphytocontrol.shdesign.fr\/it\/nos-laboratoires\/phytocontrol-proxilab-bretagna\/#primaryimage"},"image":{"@id":"https:\/\/stagingphytocontrol.shdesign.fr\/it\/nos-laboratoires\/phytocontrol-proxilab-bretagna\/#primaryimage"},"thumbnailUrl":"https:\/\/stagingphytocontrol.shdesign.fr\/app\/uploads\/2025\/01\/proxilab-bretagne-02.png","datePublished":"2021-03-31T13:50:46+00:00","dateModified":"2026-01-15T16:43:14+00:00","breadcrumb":{"@id":"https:\/\/stagingphytocontrol.shdesign.fr\/it\/nos-laboratoires\/phytocontrol-proxilab-bretagna\/#breadcrumb"},"inLanguage":"it-IT","potentialAction":[{"@type":"ReadAction","target":["https:\/\/stagingphytocontrol.shdesign.fr\/it\/nos-laboratoires\/phytocontrol-proxilab-bretagna\/"]}]},{"@type":"ImageObject","inLanguage":"it-IT","@id":"https:\/\/stagingphytocontrol.shdesign.fr\/it\/nos-laboratoires\/phytocontrol-proxilab-bretagna\/#primaryimage","url":"https:\/\/stagingphytocontrol.shdesign.fr\/app\/uploads\/2025\/01\/proxilab-bretagne-02.png","contentUrl":"https:\/\/stagingphytocontrol.shdesign.fr\/app\/uploads\/2025\/01\/proxilab-bretagne-02.png"},{"@type":"BreadcrumbList","@id":"https:\/\/stagingphytocontrol.shdesign.fr\/it\/nos-laboratoires\/phytocontrol-proxilab-bretagna\/#breadcrumb","itemListElement":[{"@type":"ListItem","position":1,"name":"Accueil","item":"https:\/\/stagingphytocontrol.shdesign.fr\/it\/home-page\/"},{"@type":"ListItem","position":2,"name":"Phytocontrol Proxilab Bretagna"}]},{"@type":"WebSite","@id":"https:\/\/stagingphytocontrol.shdesign.fr\/#website","url":"https:\/\/stagingphytocontrol.shdesign.fr\/","name":"Phytocontrol","description":"Laboratoire d&#039;analyses","potentialAction":[{"@type":"SearchAction","target":{"@type":"EntryPoint","urlTemplate":"https:\/\/stagingphytocontrol.shdesign.fr\/?s={search_term_string}"},"query-input":{"@type":"PropertyValueSpecification","valueRequired":true,"valueName":"search_term_string"}}],"inLanguage":"it-IT"}]}},"_links":{"self":[{"href":"https:\/\/stagingphytocontrol.shdesign.fr\/it\/wp-json\/wp\/v2\/pages\/22361","targetHints":{"allow":["GET"]}}],"collection":[{"href":"https:\/\/stagingphytocontrol.shdesign.fr\/it\/wp-json\/wp\/v2\/pages"}],"about":[{"href":"https:\/\/stagingphytocontrol.shdesign.fr\/it\/wp-json\/wp\/v2\/types\/page"}],"author":[{"embeddable":true,"href":"https:\/\/stagingphytocontrol.shdesign.fr\/it\/wp-json\/wp\/v2\/users\/8"}],"replies":[{"embeddable":true,"href":"https:\/\/stagingphytocontrol.shdesign.fr\/it\/wp-json\/wp\/v2\/comments?post=22361"}],"version-history":[{"count":0,"href":"https:\/\/stagingphytocontrol.shdesign.fr\/it\/wp-json\/wp\/v2\/pages\/22361\/revisions"}],"up":[{"embeddable":true,"href":"https:\/\/stagingphytocontrol.shdesign.fr\/it\/wp-json\/wp\/v2\/pages\/22354"}],"wp:attachment":[{"href":"https:\/\/stagingphytocontrol.shdesign.fr\/it\/wp-json\/wp\/v2\/media?parent=22361"}],"wp:term":[{"taxonomy":"page_category","embeddable":true,"href":"https:\/\/stagingphytocontrol.shdesign.fr\/it\/wp-json\/wp\/v2\/page_category?post=22361"}],"curies":[{"name":"wp","href":"https:\/\/api.w.org\/{rel}","templated":true}]}}