{"id":22357,"date":"2021-03-31T15:40:08","date_gmt":"2021-03-31T13:40:08","guid":{"rendered":"https:\/\/stagingphytocontrol.shdesign.fr\/?page_id=22357"},"modified":"2026-01-15T17:43:14","modified_gmt":"2026-01-15T16:43:14","slug":"laboratorio-phytocontrol-1","status":"publish","type":"page","link":"https:\/\/stagingphytocontrol.shdesign.fr\/it\/nos-laboratoires\/laboratorio-phytocontrol-1\/","title":{"rendered":"Laboratorio Phytocontrol 1"},"content":{"rendered":"\n<blockquote class=\"wp-block-quote is-layout-flow wp-block-quote-is-layout-flow\"><p>Il laboratorio centrale e storico per le analisi agroalimentari<\/p><\/blockquote>\n<!-- \/wp: quote -->\n\n\n<figure class=\"wp-block-image\"><img decoding=\"async\" src=\"https:\/\/stagingphytocontrol.shdesign.fr\/app\/uploads\/2025\/01\/phytocontrol-1.png\" alt=\"\"\/><\/figure>\n\n\n\n<p>fadeInLeft WIDGETKIT Nos valeurs&#8230; Nos accr\u00e9ditations&#8230; Nos reconnaissances <br><br><\/p>\n\n\n\n<h3 class=\"wp-block-heading\">Laboratorio Phytocontrol 1<\/h3>\n\n\n\n<p>Costruito nel 2012 e inaugurato nel giugno 2013, il <strong>laboratorio Phytocontrol 1<\/strong> si trova nel cuore del parco Georges Besse II, il centro di innovazione e sviluppo delle aziende di N\u00eemes. Questo edificio d\u00e0 vita a 3.000 m\u00b2 di piattaforme tecniche e uffici, progettati e allestiti secondo il concetto di &#8220;marcia in avanti&#8221; per le aree analitiche. La disposizione degli spazi e i volumi sono ottimizzati. Le vetrate creano un ambiente arioso e luminoso.<\/p>\n\n\n\n<p>Nel 2018, Phytocontrol aggiunge 1.000 m\u00b2 al suo laboratorio centrale per sostenere il suo sviluppo dinamico nell&#8217;analisi degli alimenti. Questa espansione ospiter\u00e0 la produzione analitica e tutti i servizi di R&amp;S. Sostenuto dalla Regione, dallo Stato e da N\u00eemes M\u00e9tropole, questo nuovo edificio ultramoderno porta la superficie totale del centro di analisi a 4000 m\u00b2. Questa piattaforma tecnica all&#8217;avanguardia \u00e8 dotata delle ultime tecnologie analitiche, oltre ad essere certificata ISO 14001.<\/p>\n\n\n\n<p>no-repeat;center;; auto fadeInLeft WIDGETKIT Nos valeurs&#8230; Nos accr\u00e9ditations&#8230; Nos reconnaissances <br><br> no-repeat;center top;; auto fadeInRight WIDGETKIT Nos valeurs&#8230; Nos accr\u00e9ditations&#8230; Nos reconnaissances <br><br><br><br><\/p>\n\n\n\n<h3 class=\"wp-block-heading\">I nostri recapiti<\/h3>\n\n\n\n<h5 class=\"wp-block-heading\">Parco scientifico Georges Besse II 180 rue Philippe Maupas 30035 N\u00eemes FRANCIA<\/h5>\n\n\n\n<p>Coordinate GPS : 43\u00b049\u201921.8\u2033N 4\u00b022\u201913.1\u2033E<br> <a href=\"https:\/\/goo.gl\/maps\/87xNBkbLg5y\">Itinerario<\/a><\/p>\n\n\n\n<p>T\u00e9l. : <a href=\"tel:+39%20800%20909%20769%20\">+39 800 909 769 <\/a><\/p>\n\n\n\n<p><a href=\"mailto:italia@phytocontrol.com\">italia@phytocontrol.com<\/a><\/p>\n\n\n\n<p>no-repeat;center;; auto fadeInRight<\/p>\n\n\n\n<figure class=\"wp-block-image\"><img decoding=\"async\" src=\"https:\/\/stagingphytocontrol.shdesign.fr\/app\/uploads\/2025\/01\/laboratoire-phytocontrol-contact-adresse-1.jpg\" alt=\"\"\/><\/figure>\n\n\n\n<p>fadeInLeft Perch\u00e9 scegliere Phytocontrol<\/p>\n\n\n\n<h3 class=\"wp-block-heading\">Perch\u00e9 scegliere Phytocontrol<\/h3>\n\n\n\n<p>no-repeat;center top;; auto Texte SEO<\/p>\n\n\n\n<p><b>P.C.R.A. : <\/b>Phytocontrol \u00e8 un progetto tecnologico e umano che risponde alle sfide sociali di sicurezza delle acque e dei prodotti alimentari con prossimit\u00e0, competenza, reattivit\u00e0 e affidabilit\u00e0. Il Laboratorio vi offre le soluzioni pi\u00f9 affidabili, innovative ed ecoresponsabili per garantirvi le migliori competenze europee. All\u2019avanguardia della tecnologia, Phytocontrol sviluppa il proprio sistema di informazione attraverso un data center di ultima generazione e apporta innovazione grazie al sistema di tracciabilit\u00e0 del trasporto del campione. L&#8217;anticipazione rappresenta la filosofia di Phytocontrol, il cui obiettivo \u00e8 essere sempre un passo avanti!<\/p>\n\n\n\n<p>no-repeat;center top;; auto fadeInUp animate-delay-200 Prossimit\u00e0 h4<\/p>\n\n\n\n<p>Offriamo un supporto tecnico e logistico di prossimit\u00e0<\/p>\n\n\n\n<p>icon-lamp<\/p>\n\n\n\n<figure class=\"wp-block-image\"><img decoding=\"async\" src=\"\/app\/uploads\/2019\/06\/accueil-proximite.svg\" alt=\"\"\/><\/figure>\n\n\n\n<p>top fadeInUp Competenza h4<\/p>\n\n\n\n<p>L&#8217;analisi dei contaminanti: il nostro storico know-how<\/p>\n\n\n\n<p>icon-lamp<\/p>\n\n\n\n<figure class=\"wp-block-image\"><img decoding=\"async\" src=\"\/app\/uploads\/2019\/06\/accueil-expertise.svg\" alt=\"\"\/><\/figure>\n\n\n\n<p>top fadeInUp animate-delay-200 Reattivit\u00e0 h4<\/p>\n\n\n\n<p>Garantiamo la<br> disponibilit\u00e0 dei risultati<br> di analisi di routine in 2-6 giorni<\/p>\n\n\n\n<p>icon-lamp<\/p>\n\n\n\n<figure class=\"wp-block-image\"><img decoding=\"async\" src=\"\/app\/uploads\/2019\/06\/accueil-reactivite.svg\" alt=\"\"\/><\/figure>\n\n\n\n<p>top fadeInUp animate-delay-400 Affidabilit\u00e0 h4<\/p>\n\n\n\n<p>Svolgiamo le nostre ricerche <br> con l&#8217;intento di fornire <br> la massima affidabilit\u00e0 analitica<\/p>\n\n\n\n<p>icon-lamp<\/p>\n\n\n\n<figure class=\"wp-block-image\"><img decoding=\"async\" src=\"\/app\/uploads\/2019\/06\/accueil-fiabilite.svg\" alt=\"\"\/><\/figure>\n\n\n\n<p>top fadeInUp animate-delay-600 Avviamo insieme il tuo progetto <a href=\"\/it\/contatta-la-tua-agenzia-regionale\/\">\/it\/contatta-la-tua-agenzia-regionale\/<\/a>\ncenter\nleft\n2<\/p>\n","protected":false},"excerpt":{"rendered":"","protected":false},"author":8,"featured_media":0,"parent":22354,"menu_order":0,"comment_status":"closed","ping_status":"closed","template":"","meta":{"_acf_changed":false,"footnotes":""},"page_category":[],"class_list":["post-22357","page","type-page","status-publish","hentry"],"acf":[],"yoast_head":"<!-- This site is optimized with the Yoast SEO plugin v27.3 - https:\/\/yoast.com\/product\/yoast-seo-wordpress\/ -->\n<title>Laboratorio Phytocontrol 1 - Phytocontrol<\/title>\n<meta name=\"robots\" content=\"noindex, follow, max-snippet:-1, max-image-preview:large, max-video-preview:-1\" \/>\n<meta property=\"og:locale\" content=\"it_IT\" \/>\n<meta property=\"og:type\" content=\"article\" \/>\n<meta property=\"og:title\" content=\"Laboratorio Phytocontrol 1 - Phytocontrol\" \/>\n<meta property=\"og:url\" content=\"https:\/\/stagingphytocontrol.shdesign.fr\/it\/nos-laboratoires\/laboratorio-phytocontrol-1\/\" \/>\n<meta property=\"og:site_name\" content=\"Phytocontrol\" \/>\n<meta property=\"article:modified_time\" content=\"2026-01-15T16:43:14+00:00\" \/>\n<meta property=\"og:image\" content=\"https:\/\/stagingphytocontrol.shdesign.fr\/app\/uploads\/2025\/01\/phytocontrol-1.png\" \/>\n<meta name=\"twitter:card\" content=\"summary_large_image\" \/>\n<meta name=\"twitter:label1\" content=\"Tempo di lettura stimato\" \/>\n\t<meta name=\"twitter:data1\" content=\"2 minutes\" \/>\n<script type=\"application\/ld+json\" class=\"yoast-schema-graph\">{\"@context\":\"https:\\\/\\\/schema.org\",\"@graph\":[{\"@type\":\"WebPage\",\"@id\":\"https:\\\/\\\/stagingphytocontrol.shdesign.fr\\\/it\\\/nos-laboratoires\\\/laboratorio-phytocontrol-1\\\/\",\"url\":\"https:\\\/\\\/stagingphytocontrol.shdesign.fr\\\/it\\\/nos-laboratoires\\\/laboratorio-phytocontrol-1\\\/\",\"name\":\"Laboratorio Phytocontrol 1 - Phytocontrol\",\"isPartOf\":{\"@id\":\"https:\\\/\\\/stagingphytocontrol.shdesign.fr\\\/#website\"},\"primaryImageOfPage\":{\"@id\":\"https:\\\/\\\/stagingphytocontrol.shdesign.fr\\\/it\\\/nos-laboratoires\\\/laboratorio-phytocontrol-1\\\/#primaryimage\"},\"image\":{\"@id\":\"https:\\\/\\\/stagingphytocontrol.shdesign.fr\\\/it\\\/nos-laboratoires\\\/laboratorio-phytocontrol-1\\\/#primaryimage\"},\"thumbnailUrl\":\"https:\\\/\\\/stagingphytocontrol.shdesign.fr\\\/app\\\/uploads\\\/2025\\\/01\\\/phytocontrol-1.png\",\"datePublished\":\"2021-03-31T13:40:08+00:00\",\"dateModified\":\"2026-01-15T16:43:14+00:00\",\"breadcrumb\":{\"@id\":\"https:\\\/\\\/stagingphytocontrol.shdesign.fr\\\/it\\\/nos-laboratoires\\\/laboratorio-phytocontrol-1\\\/#breadcrumb\"},\"inLanguage\":\"it-IT\",\"potentialAction\":[{\"@type\":\"ReadAction\",\"target\":[\"https:\\\/\\\/stagingphytocontrol.shdesign.fr\\\/it\\\/nos-laboratoires\\\/laboratorio-phytocontrol-1\\\/\"]}]},{\"@type\":\"ImageObject\",\"inLanguage\":\"it-IT\",\"@id\":\"https:\\\/\\\/stagingphytocontrol.shdesign.fr\\\/it\\\/nos-laboratoires\\\/laboratorio-phytocontrol-1\\\/#primaryimage\",\"url\":\"https:\\\/\\\/stagingphytocontrol.shdesign.fr\\\/app\\\/uploads\\\/2025\\\/01\\\/phytocontrol-1.png\",\"contentUrl\":\"https:\\\/\\\/stagingphytocontrol.shdesign.fr\\\/app\\\/uploads\\\/2025\\\/01\\\/phytocontrol-1.png\"},{\"@type\":\"BreadcrumbList\",\"@id\":\"https:\\\/\\\/stagingphytocontrol.shdesign.fr\\\/it\\\/nos-laboratoires\\\/laboratorio-phytocontrol-1\\\/#breadcrumb\",\"itemListElement\":[{\"@type\":\"ListItem\",\"position\":1,\"name\":\"Accueil\",\"item\":\"https:\\\/\\\/stagingphytocontrol.shdesign.fr\\\/it\\\/home-page\\\/\"},{\"@type\":\"ListItem\",\"position\":2,\"name\":\"Laboratorio Phytocontrol 1\"}]},{\"@type\":\"WebSite\",\"@id\":\"https:\\\/\\\/stagingphytocontrol.shdesign.fr\\\/#website\",\"url\":\"https:\\\/\\\/stagingphytocontrol.shdesign.fr\\\/\",\"name\":\"Phytocontrol\",\"description\":\"Laboratoire d&#039;analyses\",\"potentialAction\":[{\"@type\":\"SearchAction\",\"target\":{\"@type\":\"EntryPoint\",\"urlTemplate\":\"https:\\\/\\\/stagingphytocontrol.shdesign.fr\\\/?s={search_term_string}\"},\"query-input\":{\"@type\":\"PropertyValueSpecification\",\"valueRequired\":true,\"valueName\":\"search_term_string\"}}],\"inLanguage\":\"it-IT\"}]}<\/script>\n<!-- \/ Yoast SEO plugin. -->","yoast_head_json":{"title":"Laboratorio Phytocontrol 1 - Phytocontrol","robots":{"index":"noindex","follow":"follow","max-snippet":"max-snippet:-1","max-image-preview":"max-image-preview:large","max-video-preview":"max-video-preview:-1"},"og_locale":"it_IT","og_type":"article","og_title":"Laboratorio Phytocontrol 1 - Phytocontrol","og_url":"https:\/\/stagingphytocontrol.shdesign.fr\/it\/nos-laboratoires\/laboratorio-phytocontrol-1\/","og_site_name":"Phytocontrol","article_modified_time":"2026-01-15T16:43:14+00:00","og_image":[{"url":"https:\/\/stagingphytocontrol.shdesign.fr\/app\/uploads\/2025\/01\/phytocontrol-1.png","type":"","width":"","height":""}],"twitter_card":"summary_large_image","twitter_misc":{"Tempo di lettura stimato":"2 minutes"},"schema":{"@context":"https:\/\/schema.org","@graph":[{"@type":"WebPage","@id":"https:\/\/stagingphytocontrol.shdesign.fr\/it\/nos-laboratoires\/laboratorio-phytocontrol-1\/","url":"https:\/\/stagingphytocontrol.shdesign.fr\/it\/nos-laboratoires\/laboratorio-phytocontrol-1\/","name":"Laboratorio Phytocontrol 1 - Phytocontrol","isPartOf":{"@id":"https:\/\/stagingphytocontrol.shdesign.fr\/#website"},"primaryImageOfPage":{"@id":"https:\/\/stagingphytocontrol.shdesign.fr\/it\/nos-laboratoires\/laboratorio-phytocontrol-1\/#primaryimage"},"image":{"@id":"https:\/\/stagingphytocontrol.shdesign.fr\/it\/nos-laboratoires\/laboratorio-phytocontrol-1\/#primaryimage"},"thumbnailUrl":"https:\/\/stagingphytocontrol.shdesign.fr\/app\/uploads\/2025\/01\/phytocontrol-1.png","datePublished":"2021-03-31T13:40:08+00:00","dateModified":"2026-01-15T16:43:14+00:00","breadcrumb":{"@id":"https:\/\/stagingphytocontrol.shdesign.fr\/it\/nos-laboratoires\/laboratorio-phytocontrol-1\/#breadcrumb"},"inLanguage":"it-IT","potentialAction":[{"@type":"ReadAction","target":["https:\/\/stagingphytocontrol.shdesign.fr\/it\/nos-laboratoires\/laboratorio-phytocontrol-1\/"]}]},{"@type":"ImageObject","inLanguage":"it-IT","@id":"https:\/\/stagingphytocontrol.shdesign.fr\/it\/nos-laboratoires\/laboratorio-phytocontrol-1\/#primaryimage","url":"https:\/\/stagingphytocontrol.shdesign.fr\/app\/uploads\/2025\/01\/phytocontrol-1.png","contentUrl":"https:\/\/stagingphytocontrol.shdesign.fr\/app\/uploads\/2025\/01\/phytocontrol-1.png"},{"@type":"BreadcrumbList","@id":"https:\/\/stagingphytocontrol.shdesign.fr\/it\/nos-laboratoires\/laboratorio-phytocontrol-1\/#breadcrumb","itemListElement":[{"@type":"ListItem","position":1,"name":"Accueil","item":"https:\/\/stagingphytocontrol.shdesign.fr\/it\/home-page\/"},{"@type":"ListItem","position":2,"name":"Laboratorio Phytocontrol 1"}]},{"@type":"WebSite","@id":"https:\/\/stagingphytocontrol.shdesign.fr\/#website","url":"https:\/\/stagingphytocontrol.shdesign.fr\/","name":"Phytocontrol","description":"Laboratoire d&#039;analyses","potentialAction":[{"@type":"SearchAction","target":{"@type":"EntryPoint","urlTemplate":"https:\/\/stagingphytocontrol.shdesign.fr\/?s={search_term_string}"},"query-input":{"@type":"PropertyValueSpecification","valueRequired":true,"valueName":"search_term_string"}}],"inLanguage":"it-IT"}]}},"_links":{"self":[{"href":"https:\/\/stagingphytocontrol.shdesign.fr\/it\/wp-json\/wp\/v2\/pages\/22357","targetHints":{"allow":["GET"]}}],"collection":[{"href":"https:\/\/stagingphytocontrol.shdesign.fr\/it\/wp-json\/wp\/v2\/pages"}],"about":[{"href":"https:\/\/stagingphytocontrol.shdesign.fr\/it\/wp-json\/wp\/v2\/types\/page"}],"author":[{"embeddable":true,"href":"https:\/\/stagingphytocontrol.shdesign.fr\/it\/wp-json\/wp\/v2\/users\/8"}],"replies":[{"embeddable":true,"href":"https:\/\/stagingphytocontrol.shdesign.fr\/it\/wp-json\/wp\/v2\/comments?post=22357"}],"version-history":[{"count":0,"href":"https:\/\/stagingphytocontrol.shdesign.fr\/it\/wp-json\/wp\/v2\/pages\/22357\/revisions"}],"up":[{"embeddable":true,"href":"https:\/\/stagingphytocontrol.shdesign.fr\/it\/wp-json\/wp\/v2\/pages\/22354"}],"wp:attachment":[{"href":"https:\/\/stagingphytocontrol.shdesign.fr\/it\/wp-json\/wp\/v2\/media?parent=22357"}],"wp:term":[{"taxonomy":"page_category","embeddable":true,"href":"https:\/\/stagingphytocontrol.shdesign.fr\/it\/wp-json\/wp\/v2\/page_category?post=22357"}],"curies":[{"name":"wp","href":"https:\/\/api.w.org\/{rel}","templated":true}]}}