{"id":22332,"date":"2020-10-02T17:46:01","date_gmt":"2020-10-02T15:46:01","guid":{"rendered":"https:\/\/stagingphytocontrol.shdesign.fr\/food-expert-institute\/"},"modified":"2021-03-31T15:27:51","modified_gmt":"2021-03-31T13:27:51","slug":"food-expert-institute","status":"publish","type":"page","link":"https:\/\/stagingphytocontrol.shdesign.fr\/it\/food-expert-institute\/","title":{"rendered":"Food Expert Institute"},"content":{"rendered":"","protected":false},"excerpt":{"rendered":"","protected":false},"author":2,"featured_media":0,"parent":0,"menu_order":0,"comment_status":"closed","ping_status":"closed","template":"","meta":{"_acf_changed":false,"footnotes":""},"page_category":[],"class_list":["post-22332","page","type-page","status-publish","hentry"],"acf":[],"yoast_head":"<!-- This site is optimized with the Yoast SEO plugin v27.3 - https:\/\/yoast.com\/product\/yoast-seo-wordpress\/ -->\n<title>Audit, Conseil &amp; Formation - Food Expert Institute<\/title>\n<meta name=\"description\" content=\"La qualit\u00e9, ensemble, autrement. Laboratoire conseil en hygi\u00e8ne des aliments. Audits, inspections et formations (HACCP, s\u00e9curit\u00e9 sanitaire...).\" \/>\n<meta name=\"robots\" content=\"noindex, follow, max-snippet:-1, max-image-preview:large, max-video-preview:-1\" \/>\n<meta property=\"og:locale\" content=\"it_IT\" \/>\n<meta property=\"og:type\" content=\"article\" \/>\n<meta property=\"og:title\" content=\"Audit, Conseil &amp; Formation - Food Expert Institute\" \/>\n<meta property=\"og:description\" content=\"La qualit\u00e9, ensemble, autrement. Laboratoire conseil en hygi\u00e8ne des aliments. Audits, inspections et formations (HACCP, s\u00e9curit\u00e9 sanitaire...).\" \/>\n<meta property=\"og:url\" content=\"https:\/\/stagingphytocontrol.shdesign.fr\/it\/food-expert-institute\/\" \/>\n<meta property=\"og:site_name\" content=\"Phytocontrol\" \/>\n<meta property=\"article:modified_time\" content=\"2021-03-31T13:27:51+00:00\" \/>\n<meta name=\"twitter:card\" content=\"summary_large_image\" \/>\n<script type=\"application\/ld+json\" class=\"yoast-schema-graph\">{\"@context\":\"https:\\\/\\\/schema.org\",\"@graph\":[{\"@type\":\"WebPage\",\"@id\":\"https:\\\/\\\/stagingphytocontrol.shdesign.fr\\\/it\\\/food-expert-institute\\\/\",\"url\":\"https:\\\/\\\/stagingphytocontrol.shdesign.fr\\\/it\\\/food-expert-institute\\\/\",\"name\":\"Audit, Conseil & Formation - Food Expert Institute\",\"isPartOf\":{\"@id\":\"https:\\\/\\\/stagingphytocontrol.shdesign.fr\\\/#website\"},\"datePublished\":\"2020-10-02T15:46:01+00:00\",\"dateModified\":\"2021-03-31T13:27:51+00:00\",\"description\":\"La qualit\u00e9, ensemble, autrement. Laboratoire conseil en hygi\u00e8ne des aliments. Audits, inspections et formations (HACCP, s\u00e9curit\u00e9 sanitaire...).\",\"breadcrumb\":{\"@id\":\"https:\\\/\\\/stagingphytocontrol.shdesign.fr\\\/it\\\/food-expert-institute\\\/#breadcrumb\"},\"inLanguage\":\"it-IT\",\"potentialAction\":[{\"@type\":\"ReadAction\",\"target\":[\"https:\\\/\\\/stagingphytocontrol.shdesign.fr\\\/it\\\/food-expert-institute\\\/\"]}]},{\"@type\":\"BreadcrumbList\",\"@id\":\"https:\\\/\\\/stagingphytocontrol.shdesign.fr\\\/it\\\/food-expert-institute\\\/#breadcrumb\",\"itemListElement\":[{\"@type\":\"ListItem\",\"position\":1,\"name\":\"Accueil\",\"item\":\"https:\\\/\\\/stagingphytocontrol.shdesign.fr\\\/it\\\/home-page\\\/\"},{\"@type\":\"ListItem\",\"position\":2,\"name\":\"Food Expert Institute\"}]},{\"@type\":\"WebSite\",\"@id\":\"https:\\\/\\\/stagingphytocontrol.shdesign.fr\\\/#website\",\"url\":\"https:\\\/\\\/stagingphytocontrol.shdesign.fr\\\/\",\"name\":\"Phytocontrol\",\"description\":\"Laboratoire d&#039;analyses\",\"potentialAction\":[{\"@type\":\"SearchAction\",\"target\":{\"@type\":\"EntryPoint\",\"urlTemplate\":\"https:\\\/\\\/stagingphytocontrol.shdesign.fr\\\/?s={search_term_string}\"},\"query-input\":{\"@type\":\"PropertyValueSpecification\",\"valueRequired\":true,\"valueName\":\"search_term_string\"}}],\"inLanguage\":\"it-IT\"}]}<\/script>\n<!-- \/ Yoast SEO plugin. -->","yoast_head_json":{"title":"Audit, Conseil & Formation - Food Expert Institute","description":"La qualit\u00e9, ensemble, autrement. Laboratoire conseil en hygi\u00e8ne des aliments. Audits, inspections et formations (HACCP, s\u00e9curit\u00e9 sanitaire...).","robots":{"index":"noindex","follow":"follow","max-snippet":"max-snippet:-1","max-image-preview":"max-image-preview:large","max-video-preview":"max-video-preview:-1"},"og_locale":"it_IT","og_type":"article","og_title":"Audit, Conseil & Formation - Food Expert Institute","og_description":"La qualit\u00e9, ensemble, autrement. Laboratoire conseil en hygi\u00e8ne des aliments. Audits, inspections et formations (HACCP, s\u00e9curit\u00e9 sanitaire...).","og_url":"https:\/\/stagingphytocontrol.shdesign.fr\/it\/food-expert-institute\/","og_site_name":"Phytocontrol","article_modified_time":"2021-03-31T13:27:51+00:00","twitter_card":"summary_large_image","schema":{"@context":"https:\/\/schema.org","@graph":[{"@type":"WebPage","@id":"https:\/\/stagingphytocontrol.shdesign.fr\/it\/food-expert-institute\/","url":"https:\/\/stagingphytocontrol.shdesign.fr\/it\/food-expert-institute\/","name":"Audit, Conseil & Formation - Food Expert Institute","isPartOf":{"@id":"https:\/\/stagingphytocontrol.shdesign.fr\/#website"},"datePublished":"2020-10-02T15:46:01+00:00","dateModified":"2021-03-31T13:27:51+00:00","description":"La qualit\u00e9, ensemble, autrement. Laboratoire conseil en hygi\u00e8ne des aliments. Audits, inspections et formations (HACCP, s\u00e9curit\u00e9 sanitaire...).","breadcrumb":{"@id":"https:\/\/stagingphytocontrol.shdesign.fr\/it\/food-expert-institute\/#breadcrumb"},"inLanguage":"it-IT","potentialAction":[{"@type":"ReadAction","target":["https:\/\/stagingphytocontrol.shdesign.fr\/it\/food-expert-institute\/"]}]},{"@type":"BreadcrumbList","@id":"https:\/\/stagingphytocontrol.shdesign.fr\/it\/food-expert-institute\/#breadcrumb","itemListElement":[{"@type":"ListItem","position":1,"name":"Accueil","item":"https:\/\/stagingphytocontrol.shdesign.fr\/it\/home-page\/"},{"@type":"ListItem","position":2,"name":"Food Expert Institute"}]},{"@type":"WebSite","@id":"https:\/\/stagingphytocontrol.shdesign.fr\/#website","url":"https:\/\/stagingphytocontrol.shdesign.fr\/","name":"Phytocontrol","description":"Laboratoire d&#039;analyses","potentialAction":[{"@type":"SearchAction","target":{"@type":"EntryPoint","urlTemplate":"https:\/\/stagingphytocontrol.shdesign.fr\/?s={search_term_string}"},"query-input":{"@type":"PropertyValueSpecification","valueRequired":true,"valueName":"search_term_string"}}],"inLanguage":"it-IT"}]}},"_links":{"self":[{"href":"https:\/\/stagingphytocontrol.shdesign.fr\/it\/wp-json\/wp\/v2\/pages\/22332","targetHints":{"allow":["GET"]}}],"collection":[{"href":"https:\/\/stagingphytocontrol.shdesign.fr\/it\/wp-json\/wp\/v2\/pages"}],"about":[{"href":"https:\/\/stagingphytocontrol.shdesign.fr\/it\/wp-json\/wp\/v2\/types\/page"}],"author":[{"embeddable":true,"href":"https:\/\/stagingphytocontrol.shdesign.fr\/it\/wp-json\/wp\/v2\/users\/2"}],"replies":[{"embeddable":true,"href":"https:\/\/stagingphytocontrol.shdesign.fr\/it\/wp-json\/wp\/v2\/comments?post=22332"}],"version-history":[{"count":0,"href":"https:\/\/stagingphytocontrol.shdesign.fr\/it\/wp-json\/wp\/v2\/pages\/22332\/revisions"}],"wp:attachment":[{"href":"https:\/\/stagingphytocontrol.shdesign.fr\/it\/wp-json\/wp\/v2\/media?parent=22332"}],"wp:term":[{"taxonomy":"page_category","embeddable":true,"href":"https:\/\/stagingphytocontrol.shdesign.fr\/it\/wp-json\/wp\/v2\/page_category?post=22332"}],"curies":[{"name":"wp","href":"https:\/\/api.w.org\/{rel}","templated":true}]}}