{"id":22122,"date":"2021-03-18T15:53:13","date_gmt":"2021-03-18T14:53:13","guid":{"rendered":"https:\/\/stagingphytocontrol.shdesign.fr\/?page_id=22122"},"modified":"2026-01-15T17:43:18","modified_gmt":"2026-01-15T16:43:18","slug":"prodotti-lattiero-caseari-carne-prodotti-ittici-e-ovoprodotti","status":"publish","type":"page","link":"https:\/\/stagingphytocontrol.shdesign.fr\/it\/phytocontrol-agrifood\/prodotti-lattiero-caseari-carne-prodotti-ittici-e-ovoprodotti\/","title":{"rendered":"Prodotti lattiero-caseari, carne, prodotti ittici e ovoprodotti"},"content":{"rendered":"\n<p>Nos analyses<\/p>\n\n\n\n<p><strong>I prodotti di origine animale derivano da parti di animale come il grasso, la carne, il latte, le uova e gli alimenti trasformati a base di carne o pesce.<\/strong><\/p>\n\n\n\n<p>La qualit\u00e0 e la sicurezza dei prodotti lattiero-caseari, dei prodotti a base di carne, dei prodotti della pesca e degli ovoprodotti sono altamente regolamentati in Europa. I nostri laboratori sviluppano metodi innovativi per soddisfare le tue esigenze e garantire un monitoraggio proattivo delle normative per i prodotti di origine animale.<\/p>\n\n\n\n<p>no-repeat;center top;; auto fadeInUp<\/p>\n\n\n\n<figure class=\"wp-block-image\"><img decoding=\"async\" src=\"https:\/\/stagingphytocontrol.shdesign.fr\/app\/uploads\/2021\/02\/filiere-lait.jpg\" alt=\"filiere-lait\"\/><\/figure>\n\n\n\n<p>Prodotti lattiero-caseari <a href=\"\/it\/phytocontrol-agrifood\/prodotti-lattiero-caseari\/\">\/it\/phytocontrol-agrifood\/prodotti-lattiero-caseari\/<\/a> Produits laitiers<\/p>\n\n\n\n<p>I prodotti lattiero-caseari si riferiscono al latte di diverse specie animali e ai prodotti trasformati risultanti dalla trasformazione di questo latte.<\/p>\n\n\n\n<p><a href=\"\/it\/phytocontrol-agrifood\/prodotti-lattiero-caseari\/\" target=\"_self\" class=\"en-savoir-plus-full\">La nostra offerta <\/a> justify no-repeat;center top;; auto description<\/p>\n\n\n\n<figure class=\"wp-block-image\"><img decoding=\"async\" src=\"https:\/\/stagingphytocontrol.shdesign.fr\/app\/uploads\/2021\/02\/filiere-carne.jpg\" alt=\"filiere-carne\"\/><\/figure>\n\n\n\n<p>Prodotti a base di carne <a href=\"\/it\/phytocontrol-agrifood\/carne-e-prodotti-a-base-di-carne\/\">\/it\/phytocontrol-agrifood\/carne-e-prodotti-a-base-di-carne\/<\/a> Produits carn\u00e9s<\/p>\n\n\n\n<p>La carne e gli altri prodotti a base di carne hanno diversi interessi nutrizionali che sono essenziali per il nostro organismo.<\/p>\n\n\n\n<p><a href=\"\/it\/phytocontrol-agrifood\/carne-e-prodotti-a-base-di-carne\/\" target=\"_self\" class=\"en-savoir-plus-full\">La nostra offerta<\/a> justify no-repeat;center top;; auto description<\/p>\n\n\n\n<figure class=\"wp-block-image\"><img decoding=\"async\" src=\"https:\/\/stagingphytocontrol.shdesign.fr\/app\/uploads\/2021\/02\/filiere-maree.jpg\" alt=\"filiere-maree\"\/><\/figure>\n\n\n\n<p>Prodotti ittici <a href=\"\/it\/phytocontrol-agrifood\/prodotti-ittici\/\">\/it\/phytocontrol-agrifood\/prodotti-ittici\/<\/a> Produits de la mer<\/p>\n\n\n\n<p>I prodotti della pesca includono tutte le specie marine e i loro prodotti derivati destinati al consumo umano.<\/p>\n\n\n\n<p><a href=\"\/it\/phytocontrol-agrifood\/prodotti-ittici\/\" target=\"_self\" class=\"en-savoir-plus-full\">La nostra offerta <\/a> justify no-repeat;center top;; auto description Perch\u00e9 scegliere Phytocontrol<\/p>\n\n\n\n<h3 class=\"wp-block-heading\">Perch\u00e9 scegliere Phytocontrol<\/h3>\n\n\n\n<p>no-repeat;center top;; auto Texte SEO<\/p>\n\n\n\n<p><b>P.C.R.A. : <\/b>Phytocontrol \u00e8 un progetto tecnologico e umano che risponde alle sfide sociali di sicurezza delle acque e dei prodotti alimentari con prossimit\u00e0, competenza, reattivit\u00e0 e affidabilit\u00e0. Il Laboratorio vi offre le soluzioni pi\u00f9 affidabili, innovative ed ecoresponsabili per garantirvi le migliori competenze europee. All\u2019avanguardia della tecnologia, Phytocontrol sviluppa il proprio sistema di informazione attraverso un data center di ultima generazione e apporta innovazione grazie al sistema di tracciabilit\u00e0 del trasporto del campione. L&#8217;anticipazione rappresenta la filosofia di Phytocontrol, il cui obiettivo \u00e8 essere sempre un passo avanti!<\/p>\n\n\n\n<p>no-repeat;center top;; auto fadeInUp animate-delay-200 Prossimit\u00e0 h4<\/p>\n\n\n\n<p>Offriamo un supporto tecnico e logistico di prossimit\u00e0<\/p>\n\n\n\n<p>icon-lamp<\/p>\n\n\n\n<figure class=\"wp-block-image\"><img decoding=\"async\" src=\"\/app\/uploads\/2019\/06\/accueil-proximite.svg\" alt=\"\"\/><\/figure>\n\n\n\n<p>top fadeInUp Competenza h4<\/p>\n\n\n\n<p>L&#8217;analisi dei contaminanti: il nostro storico know-how<\/p>\n\n\n\n<p>icon-lamp<\/p>\n\n\n\n<figure class=\"wp-block-image\"><img decoding=\"async\" src=\"\/app\/uploads\/2019\/06\/accueil-expertise.svg\" alt=\"\"\/><\/figure>\n\n\n\n<p>top fadeInUp animate-delay-200 Reattivit\u00e0 h4<\/p>\n\n\n\n<p>Garantiamo la<br> disponibilit\u00e0 dei risultati<br> di analisi di routine in 2-6 giorni<\/p>\n\n\n\n<p>icon-lamp<\/p>\n\n\n\n<figure class=\"wp-block-image\"><img decoding=\"async\" src=\"\/app\/uploads\/2019\/06\/accueil-reactivite.svg\" alt=\"\"\/><\/figure>\n\n\n\n<p>top fadeInUp animate-delay-400 Affidabilit\u00e0 h4<\/p>\n\n\n\n<p>Svolgiamo le nostre ricerche <br> con l&#8217;intento di fornire <br> la massima affidabilit\u00e0 analitica<\/p>\n\n\n\n<p>icon-lamp<\/p>\n\n\n\n<figure class=\"wp-block-image\"><img decoding=\"async\" src=\"\/app\/uploads\/2019\/06\/accueil-fiabilite.svg\" alt=\"\"\/><\/figure>\n\n\n\n<p>top fadeInUp animate-delay-600 Avviamo insieme il tuo progetto <a href=\"\/it\/contatta-la-tua-agenzia-regionale\/\">\/it\/contatta-la-tua-agenzia-regionale\/<\/a>\ncenter\nleft\n2<\/p>\n","protected":false},"excerpt":{"rendered":"<p>Nos analyses I prodotti di origine animale derivano da parti di animale come il grasso,&hellip;<\/p>\n","protected":false},"author":8,"featured_media":0,"parent":15169,"menu_order":0,"comment_status":"closed","ping_status":"closed","template":"","meta":{"_acf_changed":false,"footnotes":""},"page_category":[],"class_list":["post-22122","page","type-page","status-publish","hentry"],"acf":[],"yoast_head":"<!-- This site is optimized with the Yoast SEO plugin v27.3 - https:\/\/yoast.com\/product\/yoast-seo-wordpress\/ -->\n<title>Prodotti lattiero-caseari, carne, prodotti ittici e ovoprodotti - Phytocontrol<\/title>\n<meta name=\"robots\" content=\"noindex, follow, max-snippet:-1, max-image-preview:large, max-video-preview:-1\" \/>\n<meta property=\"og:locale\" content=\"it_IT\" \/>\n<meta property=\"og:type\" content=\"article\" \/>\n<meta property=\"og:title\" content=\"Prodotti lattiero-caseari, carne, prodotti ittici e ovoprodotti - Phytocontrol\" \/>\n<meta property=\"og:description\" content=\"Nos analyses I prodotti di origine animale derivano da parti di animale come il grasso,&hellip;\" \/>\n<meta property=\"og:url\" content=\"https:\/\/stagingphytocontrol.shdesign.fr\/it\/phytocontrol-agrifood\/prodotti-lattiero-caseari-carne-prodotti-ittici-e-ovoprodotti\/\" \/>\n<meta property=\"og:site_name\" content=\"Phytocontrol\" \/>\n<meta property=\"article:modified_time\" content=\"2026-01-15T16:43:18+00:00\" \/>\n<meta property=\"og:image\" content=\"https:\/\/stagingphytocontrol.shdesign.fr\/app\/uploads\/2021\/02\/filiere-lait.jpg\" \/>\n<meta name=\"twitter:card\" content=\"summary_large_image\" \/>\n<meta name=\"twitter:label1\" content=\"Tempo di lettura stimato\" \/>\n\t<meta name=\"twitter:data1\" content=\"2 minutes\" \/>\n<script type=\"application\/ld+json\" class=\"yoast-schema-graph\">{\"@context\":\"https:\\\/\\\/schema.org\",\"@graph\":[{\"@type\":\"WebPage\",\"@id\":\"https:\\\/\\\/stagingphytocontrol.shdesign.fr\\\/it\\\/phytocontrol-agrifood\\\/prodotti-lattiero-caseari-carne-prodotti-ittici-e-ovoprodotti\\\/\",\"url\":\"https:\\\/\\\/stagingphytocontrol.shdesign.fr\\\/it\\\/phytocontrol-agrifood\\\/prodotti-lattiero-caseari-carne-prodotti-ittici-e-ovoprodotti\\\/\",\"name\":\"Prodotti lattiero-caseari, carne, prodotti ittici e ovoprodotti - Phytocontrol\",\"isPartOf\":{\"@id\":\"https:\\\/\\\/stagingphytocontrol.shdesign.fr\\\/#website\"},\"primaryImageOfPage\":{\"@id\":\"https:\\\/\\\/stagingphytocontrol.shdesign.fr\\\/it\\\/phytocontrol-agrifood\\\/prodotti-lattiero-caseari-carne-prodotti-ittici-e-ovoprodotti\\\/#primaryimage\"},\"image\":{\"@id\":\"https:\\\/\\\/stagingphytocontrol.shdesign.fr\\\/it\\\/phytocontrol-agrifood\\\/prodotti-lattiero-caseari-carne-prodotti-ittici-e-ovoprodotti\\\/#primaryimage\"},\"thumbnailUrl\":\"https:\\\/\\\/stagingphytocontrol.shdesign.fr\\\/app\\\/uploads\\\/2021\\\/02\\\/filiere-lait.jpg\",\"datePublished\":\"2021-03-18T14:53:13+00:00\",\"dateModified\":\"2026-01-15T16:43:18+00:00\",\"breadcrumb\":{\"@id\":\"https:\\\/\\\/stagingphytocontrol.shdesign.fr\\\/it\\\/phytocontrol-agrifood\\\/prodotti-lattiero-caseari-carne-prodotti-ittici-e-ovoprodotti\\\/#breadcrumb\"},\"inLanguage\":\"it-IT\",\"potentialAction\":[{\"@type\":\"ReadAction\",\"target\":[\"https:\\\/\\\/stagingphytocontrol.shdesign.fr\\\/it\\\/phytocontrol-agrifood\\\/prodotti-lattiero-caseari-carne-prodotti-ittici-e-ovoprodotti\\\/\"]}]},{\"@type\":\"ImageObject\",\"inLanguage\":\"it-IT\",\"@id\":\"https:\\\/\\\/stagingphytocontrol.shdesign.fr\\\/it\\\/phytocontrol-agrifood\\\/prodotti-lattiero-caseari-carne-prodotti-ittici-e-ovoprodotti\\\/#primaryimage\",\"url\":\"https:\\\/\\\/stagingphytocontrol.shdesign.fr\\\/app\\\/uploads\\\/2021\\\/02\\\/filiere-lait.jpg\",\"contentUrl\":\"https:\\\/\\\/stagingphytocontrol.shdesign.fr\\\/app\\\/uploads\\\/2021\\\/02\\\/filiere-lait.jpg\"},{\"@type\":\"BreadcrumbList\",\"@id\":\"https:\\\/\\\/stagingphytocontrol.shdesign.fr\\\/it\\\/phytocontrol-agrifood\\\/prodotti-lattiero-caseari-carne-prodotti-ittici-e-ovoprodotti\\\/#breadcrumb\",\"itemListElement\":[{\"@type\":\"ListItem\",\"position\":1,\"name\":\"Accueil\",\"item\":\"https:\\\/\\\/stagingphytocontrol.shdesign.fr\\\/it\\\/home-page\\\/\"},{\"@type\":\"ListItem\",\"position\":2,\"name\":\"Prodotti lattiero-caseari, carne, prodotti ittici e ovoprodotti\"}]},{\"@type\":\"WebSite\",\"@id\":\"https:\\\/\\\/stagingphytocontrol.shdesign.fr\\\/#website\",\"url\":\"https:\\\/\\\/stagingphytocontrol.shdesign.fr\\\/\",\"name\":\"Phytocontrol\",\"description\":\"Laboratoire d&#039;analyses\",\"potentialAction\":[{\"@type\":\"SearchAction\",\"target\":{\"@type\":\"EntryPoint\",\"urlTemplate\":\"https:\\\/\\\/stagingphytocontrol.shdesign.fr\\\/?s={search_term_string}\"},\"query-input\":{\"@type\":\"PropertyValueSpecification\",\"valueRequired\":true,\"valueName\":\"search_term_string\"}}],\"inLanguage\":\"it-IT\"}]}<\/script>\n<!-- \/ Yoast SEO plugin. -->","yoast_head_json":{"title":"Prodotti lattiero-caseari, carne, prodotti ittici e ovoprodotti - Phytocontrol","robots":{"index":"noindex","follow":"follow","max-snippet":"max-snippet:-1","max-image-preview":"max-image-preview:large","max-video-preview":"max-video-preview:-1"},"og_locale":"it_IT","og_type":"article","og_title":"Prodotti lattiero-caseari, carne, prodotti ittici e ovoprodotti - Phytocontrol","og_description":"Nos analyses I prodotti di origine animale derivano da parti di animale come il grasso,&hellip;","og_url":"https:\/\/stagingphytocontrol.shdesign.fr\/it\/phytocontrol-agrifood\/prodotti-lattiero-caseari-carne-prodotti-ittici-e-ovoprodotti\/","og_site_name":"Phytocontrol","article_modified_time":"2026-01-15T16:43:18+00:00","og_image":[{"url":"https:\/\/stagingphytocontrol.shdesign.fr\/app\/uploads\/2021\/02\/filiere-lait.jpg","type":"","width":"","height":""}],"twitter_card":"summary_large_image","twitter_misc":{"Tempo di lettura stimato":"2 minutes"},"schema":{"@context":"https:\/\/schema.org","@graph":[{"@type":"WebPage","@id":"https:\/\/stagingphytocontrol.shdesign.fr\/it\/phytocontrol-agrifood\/prodotti-lattiero-caseari-carne-prodotti-ittici-e-ovoprodotti\/","url":"https:\/\/stagingphytocontrol.shdesign.fr\/it\/phytocontrol-agrifood\/prodotti-lattiero-caseari-carne-prodotti-ittici-e-ovoprodotti\/","name":"Prodotti lattiero-caseari, carne, prodotti ittici e ovoprodotti - Phytocontrol","isPartOf":{"@id":"https:\/\/stagingphytocontrol.shdesign.fr\/#website"},"primaryImageOfPage":{"@id":"https:\/\/stagingphytocontrol.shdesign.fr\/it\/phytocontrol-agrifood\/prodotti-lattiero-caseari-carne-prodotti-ittici-e-ovoprodotti\/#primaryimage"},"image":{"@id":"https:\/\/stagingphytocontrol.shdesign.fr\/it\/phytocontrol-agrifood\/prodotti-lattiero-caseari-carne-prodotti-ittici-e-ovoprodotti\/#primaryimage"},"thumbnailUrl":"https:\/\/stagingphytocontrol.shdesign.fr\/app\/uploads\/2021\/02\/filiere-lait.jpg","datePublished":"2021-03-18T14:53:13+00:00","dateModified":"2026-01-15T16:43:18+00:00","breadcrumb":{"@id":"https:\/\/stagingphytocontrol.shdesign.fr\/it\/phytocontrol-agrifood\/prodotti-lattiero-caseari-carne-prodotti-ittici-e-ovoprodotti\/#breadcrumb"},"inLanguage":"it-IT","potentialAction":[{"@type":"ReadAction","target":["https:\/\/stagingphytocontrol.shdesign.fr\/it\/phytocontrol-agrifood\/prodotti-lattiero-caseari-carne-prodotti-ittici-e-ovoprodotti\/"]}]},{"@type":"ImageObject","inLanguage":"it-IT","@id":"https:\/\/stagingphytocontrol.shdesign.fr\/it\/phytocontrol-agrifood\/prodotti-lattiero-caseari-carne-prodotti-ittici-e-ovoprodotti\/#primaryimage","url":"https:\/\/stagingphytocontrol.shdesign.fr\/app\/uploads\/2021\/02\/filiere-lait.jpg","contentUrl":"https:\/\/stagingphytocontrol.shdesign.fr\/app\/uploads\/2021\/02\/filiere-lait.jpg"},{"@type":"BreadcrumbList","@id":"https:\/\/stagingphytocontrol.shdesign.fr\/it\/phytocontrol-agrifood\/prodotti-lattiero-caseari-carne-prodotti-ittici-e-ovoprodotti\/#breadcrumb","itemListElement":[{"@type":"ListItem","position":1,"name":"Accueil","item":"https:\/\/stagingphytocontrol.shdesign.fr\/it\/home-page\/"},{"@type":"ListItem","position":2,"name":"Prodotti lattiero-caseari, carne, prodotti ittici e ovoprodotti"}]},{"@type":"WebSite","@id":"https:\/\/stagingphytocontrol.shdesign.fr\/#website","url":"https:\/\/stagingphytocontrol.shdesign.fr\/","name":"Phytocontrol","description":"Laboratoire d&#039;analyses","potentialAction":[{"@type":"SearchAction","target":{"@type":"EntryPoint","urlTemplate":"https:\/\/stagingphytocontrol.shdesign.fr\/?s={search_term_string}"},"query-input":{"@type":"PropertyValueSpecification","valueRequired":true,"valueName":"search_term_string"}}],"inLanguage":"it-IT"}]}},"_links":{"self":[{"href":"https:\/\/stagingphytocontrol.shdesign.fr\/it\/wp-json\/wp\/v2\/pages\/22122","targetHints":{"allow":["GET"]}}],"collection":[{"href":"https:\/\/stagingphytocontrol.shdesign.fr\/it\/wp-json\/wp\/v2\/pages"}],"about":[{"href":"https:\/\/stagingphytocontrol.shdesign.fr\/it\/wp-json\/wp\/v2\/types\/page"}],"author":[{"embeddable":true,"href":"https:\/\/stagingphytocontrol.shdesign.fr\/it\/wp-json\/wp\/v2\/users\/8"}],"replies":[{"embeddable":true,"href":"https:\/\/stagingphytocontrol.shdesign.fr\/it\/wp-json\/wp\/v2\/comments?post=22122"}],"version-history":[{"count":0,"href":"https:\/\/stagingphytocontrol.shdesign.fr\/it\/wp-json\/wp\/v2\/pages\/22122\/revisions"}],"up":[{"embeddable":true,"href":"https:\/\/stagingphytocontrol.shdesign.fr\/it\/wp-json\/wp\/v2\/pages\/15169"}],"wp:attachment":[{"href":"https:\/\/stagingphytocontrol.shdesign.fr\/it\/wp-json\/wp\/v2\/media?parent=22122"}],"wp:term":[{"taxonomy":"page_category","embeddable":true,"href":"https:\/\/stagingphytocontrol.shdesign.fr\/it\/wp-json\/wp\/v2\/page_category?post=22122"}],"curies":[{"name":"wp","href":"https:\/\/api.w.org\/{rel}","templated":true}]}}