{"id":21972,"date":"2021-03-08T16:33:12","date_gmt":"2021-03-08T15:33:12","guid":{"rendered":"https:\/\/stagingphytocontrol.shdesign.fr\/?page_id=21972"},"modified":"2026-01-15T17:43:19","modified_gmt":"2026-01-15T16:43:19","slug":"glufosinate","status":"publish","type":"page","link":"https:\/\/stagingphytocontrol.shdesign.fr\/it\/le-nostre-analisi\/residui-di-pesticidi\/glufosinate\/","title":{"rendered":"Glufosinate"},"content":{"rendered":"\n<blockquote class=\"wp-block-quote\"><p>Da dove viene il glufosinato?<\/p><\/blockquote>\n<!-- \/wp: quote -->\n\n\n<p>Il <strong>glufosinate<\/strong>, o il suo sale di ammonio (fosfinotricina) \u00e8 un <strong>composto organofosforico<\/strong> presente in molti erbicidi di contatto non selettivi.<\/p>\n\n\n\n<p>justify no-repeat;left top;; auto <br><\/p>\n\n\n\n<h3 class=\"wp-block-heading\">Quali prodotti sono interessati?<\/h3>\n\n\n\n<p>no-repeat;left top;; auto<\/p>\n\n\n\n<p>Gli ortaggi<\/p>\n\n\n\n<p>center no-repeat;left top;; auto<\/p>\n\n\n\n<p>La frutta<\/p>\n\n\n\n<p>center no-repeat;left top;; auto<\/p>\n\n\n\n<p>La vite<\/p>\n\n\n\n<p>center no-repeat;left top;; auto<\/p>\n\n\n\n<p>I Cereali<\/p>\n\n\n\n<p>center no-repeat;left top;; auto <br><\/p>\n\n\n\n<h3 class=\"wp-block-heading\">Normativa<\/h3>\n\n\n\n<p>Il <strong>glufosinate <\/strong>\u00e8 una sostanza attiva che \u00e8 stata inclusa nell&#8217;elenco dei principi attivi approvati in Europa il 1\u00b0 ottobre 2007 e la cui approvazione \u00e8 scaduta il 31 luglio 2018.<br> Si tratta quindi di un principio attivo che non \u00e8 autorizzato in Europa ma il cui uso \u00e8 ancora approvato in molti paesi terzi.<br> Il <strong>regolamento (UE) 396\/2005<\/strong> e le sue successive modifiche stabiliscono i limiti massimi di residui (LMR) in vari prodotti alimentari.<\/p>\n\n\n\n<p>justify no-repeat;left top;; auto <br><\/p>\n\n\n\n<h3 class=\"wp-block-heading\">La soluzione Phytocontrol<\/h3>\n\n\n\n<p>Phytocontrol, esperto nell&#8217;<a href=\"\/it\/le-nostre-analisi\/residui-di-pesticidi\/\">analisi dei pesticidi<\/a>, si adatta alle vostre esigenze e vi offre l&#8217;analisi del <strong>glufosinate <\/strong>e dei suoi metaboliti tramite <strong> LC-MS\/MS con limiti di quantificazione di 10ppb.<\/strong>.<\/p>\n\n\n\n<ul class=\"list_chevron_right_orange wp-block-list\"> <li><p style=\"color: #FFFFFF\"> <strong><em>Metodo multipolare: analisi rapida e possibilit\u00e0 di analisi dei metaboliti<\/em> <\/strong> <\/p><\/li> <li><p style=\"color: #FFFFFF\"> <strong> Il glufosinate pu\u00f2 essere analizzato simultaneamente con l&#8217;etefon, il glifosato, il fosetil&#8230; <\/strong> <\/p> <\/li> <\/ul>\n<!-- \/wp: list -->\n\n\n<p>no-repeat;left top;; auto Contatta il nostro servizio clienti <a href=\"\/it\/contattateci\/\">\/it\/contattateci\/<\/a> center left #ed910d 2 Perch\u00e9 scegliere Phytocontrol<\/p>\n\n\n\n<h3 class=\"wp-block-heading\">Perch\u00e9 scegliere Phytocontrol<\/h3>\n\n\n\n<p>no-repeat;center top;; auto Texte SEO<\/p>\n\n\n\n<p><b>P.C.R.A. : <\/b>Phytocontrol \u00e8 un progetto tecnologico e umano che risponde alle sfide sociali di sicurezza delle acque e dei prodotti alimentari con prossimit\u00e0, competenza, reattivit\u00e0 e affidabilit\u00e0. Il Laboratorio vi offre le soluzioni pi\u00f9 affidabili, innovative ed ecoresponsabili per garantirvi le migliori competenze europee. All\u2019avanguardia della tecnologia, Phytocontrol sviluppa il proprio sistema di informazione attraverso un data center di ultima generazione e apporta innovazione grazie al sistema di tracciabilit\u00e0 del trasporto del campione. L&#8217;anticipazione rappresenta la filosofia di Phytocontrol, il cui obiettivo \u00e8 essere sempre un passo avanti!<\/p>\n\n\n\n<p>no-repeat;center top;; auto fadeInUp animate-delay-200 Prossimit\u00e0 h4<\/p>\n\n\n\n<p>Offriamo un supporto tecnico e logistico di prossimit\u00e0<\/p>\n\n\n\n<p>icon-lamp<\/p>\n\n\n\n<figure class=\"wp-block-image\"><img decoding=\"async\" src=\"\/app\/uploads\/2019\/06\/accueil-proximite.svg\" alt=\"\"\/><\/figure>\n\n\n\n<p>top fadeInUp Competenza h4<\/p>\n\n\n\n<p>L&#8217;analisi dei contaminanti: il nostro storico know-how<\/p>\n\n\n\n<p>icon-lamp<\/p>\n\n\n\n<figure class=\"wp-block-image\"><img decoding=\"async\" src=\"\/app\/uploads\/2019\/06\/accueil-expertise.svg\" alt=\"\"\/><\/figure>\n\n\n\n<p>top fadeInUp animate-delay-200 Reattivit\u00e0 h4<\/p>\n\n\n\n<p>Garantiamo la<br> disponibilit\u00e0 dei risultati<br> di analisi di routine in 2-6 giorni<\/p>\n\n\n\n<p>icon-lamp<\/p>\n\n\n\n<figure class=\"wp-block-image\"><img decoding=\"async\" src=\"\/app\/uploads\/2019\/06\/accueil-reactivite.svg\" alt=\"\"\/><\/figure>\n\n\n\n<p>top fadeInUp animate-delay-400 Affidabilit\u00e0 h4<\/p>\n\n\n\n<p>Svolgiamo le nostre ricerche <br> con l&#8217;intento di fornire <br> la massima affidabilit\u00e0 analitica<\/p>\n\n\n\n<p>icon-lamp<\/p>\n\n\n\n<figure class=\"wp-block-image\"><img decoding=\"async\" src=\"\/app\/uploads\/2019\/06\/accueil-fiabilite.svg\" alt=\"\"\/><\/figure>\n\n\n\n<p>top fadeInUp animate-delay-600 Avviamo insieme il tuo progetto <a href=\"\/it\/contatta-la-tua-agenzia-regionale\/\">\/it\/contatta-la-tua-agenzia-regionale\/<\/a>\ncenter\nleft\n2<\/p>\n<!-- \/wp:quote --><!-- wp:post-content --><!-- wp:image -->\n<figure class=\"wp-block-image\"><img decoding=\"async\" src=\"https:\/\/stagingphytocontrol.shdesign.fr\/app\/uploads\/2019\/03\/Vin-2.jpg\" alt=\"Vin\"\/><\/figure>\n<!-- \/wp:image -->\n\n<!-- wp:paragraph -->\n<p>#CCCCCC<\/p>\n<!-- \/wp:paragraph -->\n\n<!-- wp:image -->\n<figure class=\"wp-block-image\"><img decoding=\"async\" src=\"https:\/\/stagingphytocontrol.shdesign.fr\/app\/uploads\/2019\/06\/C\u00e9r\u00e9ales.png\" alt=\"C\u00e9r\u00e9ales\"\/><\/figure>\n<!-- \/wp:image -->\n\n<!-- wp:paragraph -->\n<p>#CCCCCC<\/p>\n<!-- \/wp:paragraph -->\n\n<!-- wp:image -->\n<figure class=\"wp-block-image\"><img decoding=\"async\" src=\"https:\/\/stagingphytocontrol.shdesign.fr\/app\/uploads\/2019\/04\/fruitsl\u00e9gumes.png\" alt=\"fruits&amp;l\u00e9gumes\"\/><\/figure>\n<!-- \/wp:image -->\n\n<!-- wp:paragraph -->\n<p>#CCCCCC<\/p>\n<!-- \/wp:paragraph -->\n\n<!-- wp:quote -->\n<blockquote class=\"wp-block-quote\"><p>Da dove viene il glufosinato?<\/p><\/blockquote>\n<!-- \/wp: quote -->\n\n<!-- wp:paragraph -->\n<p>Il <strong>glufosinate<\/strong>, o il suo sale di ammonio (fosfinotricina) \u00e8 un <strong>composto organofosforico<\/strong> presente in molti erbicidi di contatto non selettivi.<\/p>\n<!-- \/wp:paragraph -->\n\n<!-- wp:paragraph -->\n<p>justify no-repeat;left top;; auto <br><\/p>\n<!-- \/wp:paragraph -->\n\n<!-- wp:heading {\"level\":3} -->\n<h3>Quali prodotti sono interessati?<\/h3>\n<!-- \/wp:heading -->\n\n<!-- wp:paragraph -->\n<p>no-repeat;left top;; auto<\/p>\n<!-- \/wp:paragraph -->\n\n<!-- wp:paragraph -->\n<p>Gli ortaggi<\/p>\n<!-- \/wp:paragraph -->\n\n<!-- wp:paragraph -->\n<p>center no-repeat;left top;; auto<\/p>\n<!-- \/wp:paragraph -->\n\n<!-- wp:paragraph -->\n<p>La frutta<\/p>\n<!-- \/wp:paragraph -->\n\n<!-- wp:paragraph -->\n<p>center no-repeat;left top;; auto<\/p>\n<!-- \/wp:paragraph -->\n\n<!-- wp:paragraph -->\n<p>La vite<\/p>\n<!-- \/wp:paragraph -->\n\n<!-- wp:paragraph -->\n<p>center no-repeat;left top;; auto<\/p>\n<!-- \/wp:paragraph -->\n\n<!-- wp:paragraph -->\n<p>I Cereali<\/p>\n<!-- \/wp:paragraph -->\n\n<!-- wp:paragraph -->\n<p>center no-repeat;left top;; auto <br><\/p>\n<!-- \/wp:paragraph -->\n\n<!-- wp:heading {\"level\":3} -->\n<h3>Normativa<\/h3>\n<!-- \/wp:heading -->\n\n<!-- wp:paragraph -->\n<p>Il <strong>glufosinate <\/strong>\u00e8 una sostanza attiva che \u00e8 stata inclusa nell&#8217;elenco dei principi attivi approvati in Europa il 1\u00b0 ottobre 2007 e la cui approvazione \u00e8 scaduta il 31 luglio 2018.<br> Si tratta quindi di un principio attivo che non \u00e8 autorizzato in Europa ma il cui uso \u00e8 ancora approvato in molti paesi terzi.<br> Il <strong>regolamento (UE) 396\/2005<\/strong> e le sue successive modifiche stabiliscono i limiti massimi di residui (LMR) in vari prodotti alimentari.<\/p>\n<!-- \/wp:paragraph -->\n\n<!-- wp:paragraph -->\n<p>justify no-repeat;left top;; auto <br><\/p>\n<!-- \/wp:paragraph -->\n\n<!-- wp:heading {\"level\":3} -->\n<h3>La soluzione Phytocontrol<\/h3>\n<!-- \/wp:heading -->\n\n<!-- wp:paragraph -->\n<p>Phytocontrol, esperto nell&#8217;<a href=\"\/it\/le-nostre-analisi\/residui-di-pesticidi\/\">analisi dei pesticidi<\/a>, si adatta alle vostre esigenze e vi offre l&#8217;analisi del <strong>glufosinate <\/strong>e dei suoi metaboliti tramite <strong> LC-MS\/MS con limiti di quantificazione di 10ppb.<\/strong>.<\/p>\n<!-- \/wp:paragraph -->\n\n<!-- wp:list -->\n<ul class=\"list_chevron_right_orange\"> <li><p style=\"color: #FFFFFF\"> <strong><em>Metodo multipolare: analisi rapida e possibilit\u00e0 di analisi dei metaboliti<\/em> <\/strong> <\/p><\/li> <li><p style=\"color: #FFFFFF\"> <strong> Il glufosinate pu\u00f2 essere analizzato simultaneamente con l&#8217;etefon, il glifosato, il fosetil&#8230; <\/strong> <\/p> <\/li> <\/ul>\n<!-- \/wp: list -->\n\n<!-- wp:paragraph -->\n<p>no-repeat;left top;; auto Contatta il nostro servizio clienti <a href=\"\/it\/contattateci\/\">\/it\/contattateci\/<\/a> center left #ed910d 2 Perch\u00e9 scegliere Phytocontrol<\/p>\n<!-- \/wp:paragraph -->\n\n<!-- wp:heading {\"level\":3} -->\n<h3>Perch\u00e9 scegliere Phytocontrol<\/h3>\n<!-- \/wp:heading -->\n\n<!-- wp:paragraph -->\n<p>no-repeat;center top;; auto Texte SEO<\/p>\n<!-- \/wp:paragraph -->\n\n<!-- wp:paragraph -->\n<p><b>P.C.R.A. : <\/b>Phytocontrol \u00e8 un progetto tecnologico e umano che risponde alle sfide sociali di sicurezza delle acque e dei prodotti alimentari con prossimit\u00e0, competenza, reattivit\u00e0 e affidabilit\u00e0. Il Laboratorio vi offre le soluzioni pi\u00f9 affidabili, innovative ed ecoresponsabili per garantirvi le migliori competenze europee. All\u2019avanguardia della tecnologia, Phytocontrol sviluppa il proprio sistema di informazione attraverso un data center di ultima generazione e apporta innovazione grazie al sistema di tracciabilit\u00e0 del trasporto del campione. L&#8217;anticipazione rappresenta la filosofia di Phytocontrol, il cui obiettivo \u00e8 essere sempre un passo avanti!<\/p>\n<!-- \/wp:paragraph -->\n\n<!-- wp:paragraph -->\n<p>no-repeat;center top;; auto fadeInUp animate-delay-200 Prossimit\u00e0 h4<\/p>\n<!-- \/wp:paragraph -->\n\n<!-- wp:paragraph -->\n<p>Offriamo un supporto tecnico e logistico di prossimit\u00e0<\/p>\n<!-- \/wp:paragraph -->\n\n<!-- wp:paragraph -->\n<p>icon-lamp<\/p>\n<!-- \/wp:paragraph -->\n\n<!-- wp:image -->\n<figure class=\"wp-block-image\"><img decoding=\"async\" src=\"\/app\/uploads\/2019\/06\/accueil-proximite.svg\" alt=\"\"\/><\/figure>\n<!-- \/wp:image -->\n\n<!-- wp:paragraph -->\n<p>top fadeInUp Competenza h4<\/p>\n<!-- \/wp:paragraph -->\n\n<!-- wp:paragraph -->\n<p>L&#8217;analisi dei contaminanti: il nostro storico know-how<\/p>\n<!-- \/wp:paragraph -->\n\n<!-- wp:paragraph -->\n<p>icon-lamp<\/p>\n<!-- \/wp:paragraph -->\n\n<!-- wp:image -->\n<figure class=\"wp-block-image\"><img decoding=\"async\" src=\"\/app\/uploads\/2019\/06\/accueil-expertise.svg\" alt=\"\"\/><\/figure>\n<!-- \/wp:image -->\n\n<!-- wp:paragraph -->\n<p>top fadeInUp animate-delay-200 Reattivit\u00e0 h4<\/p>\n<!-- \/wp:paragraph -->\n\n<!-- wp:paragraph -->\n<p>Garantiamo la<br> disponibilit\u00e0 dei risultati<br> di analisi di routine in 2-6 giorni<\/p>\n<!-- \/wp:paragraph -->\n\n<!-- wp:paragraph -->\n<p>icon-lamp<\/p>\n<!-- \/wp:paragraph -->\n\n<!-- wp:image -->\n<figure class=\"wp-block-image\"><img decoding=\"async\" src=\"\/app\/uploads\/2019\/06\/accueil-reactivite.svg\" alt=\"\"\/><\/figure>\n<!-- \/wp:image -->\n\n<!-- wp:paragraph -->\n<p>top fadeInUp animate-delay-400 Affidabilit\u00e0 h4<\/p>\n<!-- \/wp:paragraph -->\n\n<!-- wp:paragraph -->\n<p>Svolgiamo le nostre ricerche <br> con l&#8217;intento di fornire <br> la massima affidabilit\u00e0 analitica<\/p>\n<!-- \/wp:paragraph -->\n\n<!-- wp:paragraph -->\n<p>icon-lamp<\/p>\n<!-- \/wp:paragraph -->\n\n<!-- wp:image -->\n<figure class=\"wp-block-image\"><img decoding=\"async\" src=\"\/app\/uploads\/2019\/06\/accueil-fiabilite.svg\" alt=\"\"\/><\/figure>\n<!-- \/wp:image -->\n\n<!-- wp:paragraph -->\n<p>top fadeInUp animate-delay-600 Avviamo insieme il tuo progetto <a href=\"\/it\/contatta-la-tua-agenzia-regionale\/\">\/it\/contatta-la-tua-agenzia-regionale\/<\/a>\ncenter\nleft\n2<\/p>\n<!-- \/wp:paragraph --><!-- \/wp:post-content -->","protected":false},"excerpt":{"rendered":"<p>#CCCCCC #CCCCCC #CCCCCC Da dove viene il glufosinato? Il glufosinate, o il suo sale di&hellip;<\/p>\n","protected":false},"author":8,"featured_media":0,"parent":15123,"menu_order":0,"comment_status":"closed","ping_status":"closed","template":"","meta":{"_acf_changed":false,"footnotes":""},"page_category":[],"class_list":["post-21972","page","type-page","status-publish","hentry"],"acf":[],"yoast_head":"<!-- This site is optimized with the Yoast SEO plugin v27.3 - https:\/\/yoast.com\/product\/yoast-seo-wordpress\/ -->\n<title>Glufosinate - Phytocontrol<\/title>\n<meta name=\"robots\" content=\"noindex, follow, max-snippet:-1, max-image-preview:large, max-video-preview:-1\" \/>\n<meta property=\"og:locale\" content=\"it_IT\" \/>\n<meta property=\"og:type\" content=\"article\" \/>\n<meta property=\"og:title\" content=\"Glufosinate - Phytocontrol\" \/>\n<meta property=\"og:description\" content=\"#CCCCCC #CCCCCC #CCCCCC Da dove viene il glufosinato? Il glufosinate, o il suo sale di&hellip;\" \/>\n<meta property=\"og:url\" content=\"https:\/\/stagingphytocontrol.shdesign.fr\/it\/le-nostre-analisi\/residui-di-pesticidi\/glufosinate\/\" \/>\n<meta property=\"og:site_name\" content=\"Phytocontrol\" \/>\n<meta property=\"article:modified_time\" content=\"2026-01-15T16:43:19+00:00\" \/>\n<meta property=\"og:image\" content=\"https:\/\/stagingphytocontrol.shdesign.fr\/app\/uploads\/2019\/03\/Vin-2.jpg\" \/>\n<meta name=\"twitter:card\" content=\"summary_large_image\" \/>\n<meta name=\"twitter:label1\" content=\"Tempo di lettura stimato\" \/>\n\t<meta name=\"twitter:data1\" content=\"2 minutes\" \/>\n<script type=\"application\/ld+json\" class=\"yoast-schema-graph\">{\"@context\":\"https:\\\/\\\/schema.org\",\"@graph\":[{\"@type\":\"WebPage\",\"@id\":\"https:\\\/\\\/stagingphytocontrol.shdesign.fr\\\/it\\\/le-nostre-analisi\\\/residui-di-pesticidi\\\/glufosinate\\\/\",\"url\":\"https:\\\/\\\/stagingphytocontrol.shdesign.fr\\\/it\\\/le-nostre-analisi\\\/residui-di-pesticidi\\\/glufosinate\\\/\",\"name\":\"Glufosinate - Phytocontrol\",\"isPartOf\":{\"@id\":\"https:\\\/\\\/stagingphytocontrol.shdesign.fr\\\/#website\"},\"primaryImageOfPage\":{\"@id\":\"https:\\\/\\\/stagingphytocontrol.shdesign.fr\\\/it\\\/le-nostre-analisi\\\/residui-di-pesticidi\\\/glufosinate\\\/#primaryimage\"},\"image\":{\"@id\":\"https:\\\/\\\/stagingphytocontrol.shdesign.fr\\\/it\\\/le-nostre-analisi\\\/residui-di-pesticidi\\\/glufosinate\\\/#primaryimage\"},\"thumbnailUrl\":\"https:\\\/\\\/stagingphytocontrol.shdesign.fr\\\/app\\\/uploads\\\/2019\\\/03\\\/Vin-2.jpg\",\"datePublished\":\"2021-03-08T15:33:12+00:00\",\"dateModified\":\"2026-01-15T16:43:19+00:00\",\"breadcrumb\":{\"@id\":\"https:\\\/\\\/stagingphytocontrol.shdesign.fr\\\/it\\\/le-nostre-analisi\\\/residui-di-pesticidi\\\/glufosinate\\\/#breadcrumb\"},\"inLanguage\":\"it-IT\",\"potentialAction\":[{\"@type\":\"ReadAction\",\"target\":[\"https:\\\/\\\/stagingphytocontrol.shdesign.fr\\\/it\\\/le-nostre-analisi\\\/residui-di-pesticidi\\\/glufosinate\\\/\"]}]},{\"@type\":\"ImageObject\",\"inLanguage\":\"it-IT\",\"@id\":\"https:\\\/\\\/stagingphytocontrol.shdesign.fr\\\/it\\\/le-nostre-analisi\\\/residui-di-pesticidi\\\/glufosinate\\\/#primaryimage\",\"url\":\"https:\\\/\\\/stagingphytocontrol.shdesign.fr\\\/app\\\/uploads\\\/2019\\\/03\\\/Vin-2.jpg\",\"contentUrl\":\"https:\\\/\\\/stagingphytocontrol.shdesign.fr\\\/app\\\/uploads\\\/2019\\\/03\\\/Vin-2.jpg\"},{\"@type\":\"BreadcrumbList\",\"@id\":\"https:\\\/\\\/stagingphytocontrol.shdesign.fr\\\/it\\\/le-nostre-analisi\\\/residui-di-pesticidi\\\/glufosinate\\\/#breadcrumb\",\"itemListElement\":[{\"@type\":\"ListItem\",\"position\":1,\"name\":\"Accueil\",\"item\":\"https:\\\/\\\/stagingphytocontrol.shdesign.fr\\\/it\\\/home-page\\\/\"},{\"@type\":\"ListItem\",\"position\":2,\"name\":\"Glufosinate\"}]},{\"@type\":\"WebSite\",\"@id\":\"https:\\\/\\\/stagingphytocontrol.shdesign.fr\\\/#website\",\"url\":\"https:\\\/\\\/stagingphytocontrol.shdesign.fr\\\/\",\"name\":\"Phytocontrol\",\"description\":\"Laboratoire d&#039;analyses\",\"potentialAction\":[{\"@type\":\"SearchAction\",\"target\":{\"@type\":\"EntryPoint\",\"urlTemplate\":\"https:\\\/\\\/stagingphytocontrol.shdesign.fr\\\/?s={search_term_string}\"},\"query-input\":{\"@type\":\"PropertyValueSpecification\",\"valueRequired\":true,\"valueName\":\"search_term_string\"}}],\"inLanguage\":\"it-IT\"}]}<\/script>\n<!-- \/ Yoast SEO plugin. -->","yoast_head_json":{"title":"Glufosinate - Phytocontrol","robots":{"index":"noindex","follow":"follow","max-snippet":"max-snippet:-1","max-image-preview":"max-image-preview:large","max-video-preview":"max-video-preview:-1"},"og_locale":"it_IT","og_type":"article","og_title":"Glufosinate - Phytocontrol","og_description":"#CCCCCC #CCCCCC #CCCCCC Da dove viene il glufosinato? Il glufosinate, o il suo sale di&hellip;","og_url":"https:\/\/stagingphytocontrol.shdesign.fr\/it\/le-nostre-analisi\/residui-di-pesticidi\/glufosinate\/","og_site_name":"Phytocontrol","article_modified_time":"2026-01-15T16:43:19+00:00","og_image":[{"url":"https:\/\/stagingphytocontrol.shdesign.fr\/app\/uploads\/2019\/03\/Vin-2.jpg","type":"","width":"","height":""}],"twitter_card":"summary_large_image","twitter_misc":{"Tempo di lettura stimato":"2 minutes"},"schema":{"@context":"https:\/\/schema.org","@graph":[{"@type":"WebPage","@id":"https:\/\/stagingphytocontrol.shdesign.fr\/it\/le-nostre-analisi\/residui-di-pesticidi\/glufosinate\/","url":"https:\/\/stagingphytocontrol.shdesign.fr\/it\/le-nostre-analisi\/residui-di-pesticidi\/glufosinate\/","name":"Glufosinate - Phytocontrol","isPartOf":{"@id":"https:\/\/stagingphytocontrol.shdesign.fr\/#website"},"primaryImageOfPage":{"@id":"https:\/\/stagingphytocontrol.shdesign.fr\/it\/le-nostre-analisi\/residui-di-pesticidi\/glufosinate\/#primaryimage"},"image":{"@id":"https:\/\/stagingphytocontrol.shdesign.fr\/it\/le-nostre-analisi\/residui-di-pesticidi\/glufosinate\/#primaryimage"},"thumbnailUrl":"https:\/\/stagingphytocontrol.shdesign.fr\/app\/uploads\/2019\/03\/Vin-2.jpg","datePublished":"2021-03-08T15:33:12+00:00","dateModified":"2026-01-15T16:43:19+00:00","breadcrumb":{"@id":"https:\/\/stagingphytocontrol.shdesign.fr\/it\/le-nostre-analisi\/residui-di-pesticidi\/glufosinate\/#breadcrumb"},"inLanguage":"it-IT","potentialAction":[{"@type":"ReadAction","target":["https:\/\/stagingphytocontrol.shdesign.fr\/it\/le-nostre-analisi\/residui-di-pesticidi\/glufosinate\/"]}]},{"@type":"ImageObject","inLanguage":"it-IT","@id":"https:\/\/stagingphytocontrol.shdesign.fr\/it\/le-nostre-analisi\/residui-di-pesticidi\/glufosinate\/#primaryimage","url":"https:\/\/stagingphytocontrol.shdesign.fr\/app\/uploads\/2019\/03\/Vin-2.jpg","contentUrl":"https:\/\/stagingphytocontrol.shdesign.fr\/app\/uploads\/2019\/03\/Vin-2.jpg"},{"@type":"BreadcrumbList","@id":"https:\/\/stagingphytocontrol.shdesign.fr\/it\/le-nostre-analisi\/residui-di-pesticidi\/glufosinate\/#breadcrumb","itemListElement":[{"@type":"ListItem","position":1,"name":"Accueil","item":"https:\/\/stagingphytocontrol.shdesign.fr\/it\/home-page\/"},{"@type":"ListItem","position":2,"name":"Glufosinate"}]},{"@type":"WebSite","@id":"https:\/\/stagingphytocontrol.shdesign.fr\/#website","url":"https:\/\/stagingphytocontrol.shdesign.fr\/","name":"Phytocontrol","description":"Laboratoire d&#039;analyses","potentialAction":[{"@type":"SearchAction","target":{"@type":"EntryPoint","urlTemplate":"https:\/\/stagingphytocontrol.shdesign.fr\/?s={search_term_string}"},"query-input":{"@type":"PropertyValueSpecification","valueRequired":true,"valueName":"search_term_string"}}],"inLanguage":"it-IT"}]}},"_links":{"self":[{"href":"https:\/\/stagingphytocontrol.shdesign.fr\/it\/wp-json\/wp\/v2\/pages\/21972","targetHints":{"allow":["GET"]}}],"collection":[{"href":"https:\/\/stagingphytocontrol.shdesign.fr\/it\/wp-json\/wp\/v2\/pages"}],"about":[{"href":"https:\/\/stagingphytocontrol.shdesign.fr\/it\/wp-json\/wp\/v2\/types\/page"}],"author":[{"embeddable":true,"href":"https:\/\/stagingphytocontrol.shdesign.fr\/it\/wp-json\/wp\/v2\/users\/8"}],"replies":[{"embeddable":true,"href":"https:\/\/stagingphytocontrol.shdesign.fr\/it\/wp-json\/wp\/v2\/comments?post=21972"}],"version-history":[{"count":0,"href":"https:\/\/stagingphytocontrol.shdesign.fr\/it\/wp-json\/wp\/v2\/pages\/21972\/revisions"}],"up":[{"embeddable":true,"href":"https:\/\/stagingphytocontrol.shdesign.fr\/it\/wp-json\/wp\/v2\/pages\/15123"}],"wp:attachment":[{"href":"https:\/\/stagingphytocontrol.shdesign.fr\/it\/wp-json\/wp\/v2\/media?parent=21972"}],"wp:term":[{"taxonomy":"page_category","embeddable":true,"href":"https:\/\/stagingphytocontrol.shdesign.fr\/it\/wp-json\/wp\/v2\/page_category?post=21972"}],"curies":[{"name":"wp","href":"https:\/\/api.w.org\/{rel}","templated":true}]}}