{"id":21966,"date":"2021-03-08T16:05:14","date_gmt":"2021-03-08T15:05:14","guid":{"rendered":"https:\/\/stagingphytocontrol.shdesign.fr\/?page_id=21966"},"modified":"2026-01-15T17:43:19","modified_gmt":"2026-01-15T16:43:19","slug":"clorato-e-perclorato","status":"publish","type":"page","link":"https:\/\/stagingphytocontrol.shdesign.fr\/it\/le-nostre-analisi\/residui-di-pesticidi\/clorato-e-perclorato\/","title":{"rendered":"Clorato e perclorato"},"content":{"rendered":"\n<blockquote class=\"wp-block-quote\"><p>Da dove vengono il perclorato e il clorato?<\/p><\/blockquote>\n<!-- \/wp: quote -->\n\n\n<p>In Europa, il <strong>perclorato <\/strong>\u00e8 un <strong>contaminante <\/strong>che pu\u00f2 essere naturalmente presente nell&#8217;ambiente o derivare dall&#8217;attivit\u00e0 umana. L&#8217;uso di fertilizzanti e di acqua di irrigazione contaminata da perclorato pu\u00f2 portare ad alte concentrazioni nelle verdure a foglia.<\/p>\n\n\n\n<p>I <strong>clorati <\/strong>sono <strong>molecole <\/strong>che possono avere diverse origini (contaminanti ambientali, sottoprodotti di biocidi clorurati, sottoprodotti di ausiliari di lavorazione clorurati, ecc.) <br> I clorati sono sottoprodotti della disinfezione dell&#8217;acqua o degli alimenti con ipoclorito di sodio o biossido di cloro. La presenza di cloro negli alimenti deriverebbe principalmente dall\u2019impiego di soluzione a base di cloro nel processo di trasformazione.<\/p>\n\n\n\n<p><br> justify no-repeat;left top;; auto <br><\/p>\n\n\n\n<h3 class=\"wp-block-heading\">Quali prodotti sono interessati?<\/h3>\n\n\n\n<p>no-repeat;left top;; auto<\/p>\n\n\n\n<p>Gli ortaggi<\/p>\n\n\n\n<p>center no-repeat;left top;; auto<\/p>\n\n\n\n<p>La frutta<\/p>\n\n\n\n<p>center no-repeat;left top;; auto<\/p>\n\n\n\n<p>La vite<\/p>\n\n\n\n<p>center no-repeat;left top;; auto<\/p>\n\n\n\n<p>I Cereali<\/p>\n\n\n\n<p>center no-repeat;left top;; auto <br><\/p>\n\n\n\n<h3 class=\"wp-block-heading\">Normativa<\/h3>\n\n\n\n<p>ll <strong>perclorato <\/strong>si trova naturalmente nell&#8217;ambiente, ma ha anche origini antropogeniche.<br> L&#8217;acqua, il suolo e i fertilizzanti sono considerati come fonti potenziali di contaminazione da perclorato degli alimenti.<br> Il regolamento (UE) N\u00b02020\/685 del 20 maggio 2020 che modifica il regolamento (CE) N\u00b01881\/2006 \u00e8 stato pubblicato nella Gazzetta ufficiale dell&#8217;Unione europea. Questo testo fissa i livelli massimi di perclorato in alcuni prodotti alimentari. <br> I <strong>clorati <\/strong>sono pesticidi vietati nell&#8217;UE, tutte le autorizzazioni per i prodotti fitosanitari che li contengono sono state ritirate dopo la pubblicazione della decisione 2008\/865\/CE.<br> Non erano fissati LMR e quindi per difetto si applicava l\u2019LMR di base pari a 0,01 mg\/kg in tutti gli alimenti e i mangimi elencati nell&#8217;allegato I del regolamento 396\/2005 e relative modifiche.<br> Il clorato \u00e8 anche una sostanza che si forma come sottoprodotto derivante dall\u2019utilizzo di disinfettanti a base di cloro nel trattamento degli alimenti e dell\u2019acqua potabile. Tali usi hanno determinato l\u2019attuale presenza di residui di clorato rilevabili negli alimenti.<br> L&#8217;EFSA ha riconosciuto che nonostante l\u2019impiego di buone prassi, non \u00e8 al momento possibile raggiungere livelli di residui di clorato conformi all\u2019LMR vigente pari a 0,01 mg\/kg.<br> il regolamento (UE) 2020\/749 fissa LMR provvisori per il clorato.<\/p>\n\n\n\n<p><br> justify no-repeat;left top;; auto <br><\/p>\n\n\n\n<h3 class=\"wp-block-heading\">La soluzione Phytocontrol<\/h3>\n\n\n\n<p>Phytocontrol, esperto in analisi di pesticidi, si adatta alle vostre esigenze e vi propone l&#8217;analisi del clorato con un limite di quantificazione di 2 ppb grazie ad un metodo multipolare tramite LC-MS\/MS.<br> Il laboratorio offre anche l&#8217;analisi del perclorato ad un limite di quantificazione di 2 ppb utilizzando un metodo LC-MS\/MS multipolare.<br> Il nostro metodo \u00e8 accreditato su una vasta categoria di matrici, tra cui il t\u00e8. Per i campioni urgenti possiamo anche fornirvi i risultati in tempi brevi.<\/p>\n\n\n\n<ul class=\"list_chevron_right_orange wp-block-list\"> <li> <p style=\"color: #FFFFFF\"> <strong><em>Metodo multipolare (Clorato): analisi veloce e affidabile utilizzando un LC-MS\/MS di ultima generazione.<\/em><\/strong><\/p> <\/li> <li> <p style=\"color: #FFFFFF\"> <strong><em>Metodo multipolare (Perclorato): analisi veloce e affidabile grazie un LC-MS\/MS di ultima generazione con un LOQ di 2ppb. <\/em><\/strong><\/p> <\/li> <\/ul>\n<!-- \/wp: list -->\n\n\n<p>no-repeat;left top;; auto Contatta il nostro servizio clienti <a href=\"\/it\/contattateci\/\">\/it\/contattateci\/<\/a> center left #ed910d 2 Perch\u00e9 scegliere Phytocontrol<\/p>\n\n\n\n<h3 class=\"wp-block-heading\">Perch\u00e9 scegliere Phytocontrol<\/h3>\n\n\n\n<p>no-repeat;center top;; auto Texte SEO<\/p>\n\n\n\n<p><b>P.C.R.A. : <\/b>Phytocontrol \u00e8 un progetto tecnologico e umano che risponde alle sfide sociali di sicurezza delle acque e dei prodotti alimentari con prossimit\u00e0, competenza, reattivit\u00e0 e affidabilit\u00e0. Il Laboratorio vi offre le soluzioni pi\u00f9 affidabili, innovative ed ecoresponsabili per garantirvi le migliori competenze europee. All\u2019avanguardia della tecnologia, Phytocontrol sviluppa il proprio sistema di informazione attraverso un data center di ultima generazione e apporta innovazione grazie al sistema di tracciabilit\u00e0 del trasporto del campione. L&#8217;anticipazione rappresenta la filosofia di Phytocontrol, il cui obiettivo \u00e8 essere sempre un passo avanti!<\/p>\n\n\n\n<p>no-repeat;center top;; auto fadeInUp animate-delay-200 Prossimit\u00e0 h4<\/p>\n\n\n\n<p>Offriamo un supporto tecnico e logistico di prossimit\u00e0<\/p>\n\n\n\n<p>icon-lamp<\/p>\n\n\n\n<figure class=\"wp-block-image\"><img decoding=\"async\" src=\"\/app\/uploads\/2019\/06\/accueil-proximite.svg\" alt=\"\"\/><\/figure>\n\n\n\n<p>top fadeInUp Competenza h4<\/p>\n\n\n\n<p>L&#8217;analisi dei contaminanti: il nostro storico know-how<\/p>\n\n\n\n<p>icon-lamp<\/p>\n\n\n\n<figure class=\"wp-block-image\"><img decoding=\"async\" src=\"\/app\/uploads\/2019\/06\/accueil-expertise.svg\" alt=\"\"\/><\/figure>\n\n\n\n<p>top fadeInUp animate-delay-200 Reattivit\u00e0 h4<\/p>\n\n\n\n<p>Garantiamo la<br> disponibilit\u00e0 dei risultati<br> di analisi di routine in 2-6 giorni<\/p>\n\n\n\n<p>icon-lamp<\/p>\n\n\n\n<figure class=\"wp-block-image\"><img decoding=\"async\" src=\"\/app\/uploads\/2019\/06\/accueil-reactivite.svg\" alt=\"\"\/><\/figure>\n\n\n\n<p>top fadeInUp animate-delay-400 Affidabilit\u00e0 h4<\/p>\n\n\n\n<p>Svolgiamo le nostre ricerche <br> con l&#8217;intento di fornire <br> la massima affidabilit\u00e0 analitica<\/p>\n\n\n\n<p>icon-lamp<\/p>\n\n\n\n<figure class=\"wp-block-image\"><img decoding=\"async\" src=\"\/app\/uploads\/2019\/06\/accueil-fiabilite.svg\" alt=\"\"\/><\/figure>\n\n\n\n<p>top fadeInUp animate-delay-600 Avviamo insieme il tuo progetto <a href=\"\/it\/contatta-la-tua-agenzia-regionale\/\">\/it\/contatta-la-tua-agenzia-regionale\/<\/a>\ncenter\nleft\n2<\/p>\n<!-- \/wp:quote --><!-- wp:post-content --><!-- wp:image -->\n<figure class=\"wp-block-image\"><img decoding=\"async\" src=\"https:\/\/stagingphytocontrol.shdesign.fr\/app\/uploads\/2019\/12\/Salade.png\" alt=\"\"\/><\/figure>\n<!-- \/wp:image -->\n\n<!-- wp:paragraph -->\n<p>#CCCCCC<\/p>\n<!-- \/wp:paragraph -->\n\n<!-- wp:image -->\n<figure class=\"wp-block-image\"><img decoding=\"async\" src=\"https:\/\/stagingphytocontrol.shdesign.fr\/app\/uploads\/2020\/06\/Fruits-l\u00e9gumes-04.png\" alt=\"Fruits-&amp;-l\u00e9gumes-04\"\/><\/figure>\n<!-- \/wp:image -->\n\n<!-- wp:paragraph -->\n<p>#CCCCCC<\/p>\n<!-- \/wp:paragraph -->\n\n<!-- wp:image -->\n<figure class=\"wp-block-image\"><img decoding=\"async\" src=\"https:\/\/stagingphytocontrol.shdesign.fr\/app\/uploads\/2019\/06\/C\u00e9r\u00e9ales.png\" alt=\"C\u00e9r\u00e9ales\"\/><\/figure>\n<!-- \/wp:image -->\n\n<!-- wp:paragraph -->\n<p>#CCCCCC<\/p>\n<!-- \/wp:paragraph -->\n\n<!-- wp:quote -->\n<blockquote class=\"wp-block-quote\"><p>Da dove vengono il perclorato e il clorato?<\/p><\/blockquote>\n<!-- \/wp: quote -->\n\n<!-- wp:paragraph -->\n<p>In Europa, il <strong>perclorato <\/strong>\u00e8 un <strong>contaminante <\/strong>che pu\u00f2 essere naturalmente presente nell&#8217;ambiente o derivare dall&#8217;attivit\u00e0 umana. L&#8217;uso di fertilizzanti e di acqua di irrigazione contaminata da perclorato pu\u00f2 portare ad alte concentrazioni nelle verdure a foglia.<\/p>\n<!-- \/wp:paragraph -->\n\n<!-- wp:paragraph -->\n<p>I <strong>clorati <\/strong>sono <strong>molecole <\/strong>che possono avere diverse origini (contaminanti ambientali, sottoprodotti di biocidi clorurati, sottoprodotti di ausiliari di lavorazione clorurati, ecc.) <br> I clorati sono sottoprodotti della disinfezione dell&#8217;acqua o degli alimenti con ipoclorito di sodio o biossido di cloro. La presenza di cloro negli alimenti deriverebbe principalmente dall\u2019impiego di soluzione a base di cloro nel processo di trasformazione.<\/p>\n<!-- \/wp:paragraph -->\n\n<!-- wp:paragraph -->\n<p><br> justify no-repeat;left top;; auto <br><\/p>\n<!-- \/wp:paragraph -->\n\n<!-- wp:heading {\"level\":3} -->\n<h3>Quali prodotti sono interessati?<\/h3>\n<!-- \/wp:heading -->\n\n<!-- wp:paragraph -->\n<p>no-repeat;left top;; auto<\/p>\n<!-- \/wp:paragraph -->\n\n<!-- wp:paragraph -->\n<p>Gli ortaggi<\/p>\n<!-- \/wp:paragraph -->\n\n<!-- wp:paragraph -->\n<p>center no-repeat;left top;; auto<\/p>\n<!-- \/wp:paragraph -->\n\n<!-- wp:paragraph -->\n<p>La frutta<\/p>\n<!-- \/wp:paragraph -->\n\n<!-- wp:paragraph -->\n<p>center no-repeat;left top;; auto<\/p>\n<!-- \/wp:paragraph -->\n\n<!-- wp:paragraph -->\n<p>La vite<\/p>\n<!-- \/wp:paragraph -->\n\n<!-- wp:paragraph -->\n<p>center no-repeat;left top;; auto<\/p>\n<!-- \/wp:paragraph -->\n\n<!-- wp:paragraph -->\n<p>I Cereali<\/p>\n<!-- \/wp:paragraph -->\n\n<!-- wp:paragraph -->\n<p>center no-repeat;left top;; auto <br><\/p>\n<!-- \/wp:paragraph -->\n\n<!-- wp:heading {\"level\":3} -->\n<h3>Normativa<\/h3>\n<!-- \/wp:heading -->\n\n<!-- wp:paragraph -->\n<p>ll <strong>perclorato <\/strong>si trova naturalmente nell&#8217;ambiente, ma ha anche origini antropogeniche.<br> L&#8217;acqua, il suolo e i fertilizzanti sono considerati come fonti potenziali di contaminazione da perclorato degli alimenti.<br> Il regolamento (UE) N\u00b02020\/685 del 20 maggio 2020 che modifica il regolamento (CE) N\u00b01881\/2006 \u00e8 stato pubblicato nella Gazzetta ufficiale dell&#8217;Unione europea. Questo testo fissa i livelli massimi di perclorato in alcuni prodotti alimentari. <br> I <strong>clorati <\/strong>sono pesticidi vietati nell&#8217;UE, tutte le autorizzazioni per i prodotti fitosanitari che li contengono sono state ritirate dopo la pubblicazione della decisione 2008\/865\/CE.<br> Non erano fissati LMR e quindi per difetto si applicava l\u2019LMR di base pari a 0,01 mg\/kg in tutti gli alimenti e i mangimi elencati nell&#8217;allegato I del regolamento 396\/2005 e relative modifiche.<br> Il clorato \u00e8 anche una sostanza che si forma come sottoprodotto derivante dall\u2019utilizzo di disinfettanti a base di cloro nel trattamento degli alimenti e dell\u2019acqua potabile. Tali usi hanno determinato l\u2019attuale presenza di residui di clorato rilevabili negli alimenti.<br> L&#8217;EFSA ha riconosciuto che nonostante l\u2019impiego di buone prassi, non \u00e8 al momento possibile raggiungere livelli di residui di clorato conformi all\u2019LMR vigente pari a 0,01 mg\/kg.<br> il regolamento (UE) 2020\/749 fissa LMR provvisori per il clorato.<\/p>\n<!-- \/wp:paragraph -->\n\n<!-- wp:paragraph -->\n<p><br> justify no-repeat;left top;; auto <br><\/p>\n<!-- \/wp:paragraph -->\n\n<!-- wp:heading {\"level\":3} -->\n<h3>La soluzione Phytocontrol<\/h3>\n<!-- \/wp:heading -->\n\n<!-- wp:paragraph -->\n<p>Phytocontrol, esperto in analisi di pesticidi, si adatta alle vostre esigenze e vi propone l&#8217;analisi del clorato con un limite di quantificazione di 2 ppb grazie ad un metodo multipolare tramite LC-MS\/MS.<br> Il laboratorio offre anche l&#8217;analisi del perclorato ad un limite di quantificazione di 2 ppb utilizzando un metodo LC-MS\/MS multipolare.<br> Il nostro metodo \u00e8 accreditato su una vasta categoria di matrici, tra cui il t\u00e8. Per i campioni urgenti possiamo anche fornirvi i risultati in tempi brevi.<\/p>\n<!-- \/wp:paragraph -->\n\n<!-- wp:list -->\n<ul class=\"list_chevron_right_orange\"> <li> <p style=\"color: #FFFFFF\"> <strong><em>Metodo multipolare (Clorato): analisi veloce e affidabile utilizzando un LC-MS\/MS di ultima generazione.<\/em><\/strong><\/p> <\/li> <li> <p style=\"color: #FFFFFF\"> <strong><em>Metodo multipolare (Perclorato): analisi veloce e affidabile grazie un LC-MS\/MS di ultima generazione con un LOQ di 2ppb. <\/em><\/strong><\/p> <\/li> <\/ul>\n<!-- \/wp: list -->\n\n<!-- wp:paragraph -->\n<p>no-repeat;left top;; auto Contatta il nostro servizio clienti <a href=\"\/it\/contattateci\/\">\/it\/contattateci\/<\/a> center left #ed910d 2 Perch\u00e9 scegliere Phytocontrol<\/p>\n<!-- \/wp:paragraph -->\n\n<!-- wp:heading {\"level\":3} -->\n<h3>Perch\u00e9 scegliere Phytocontrol<\/h3>\n<!-- \/wp:heading -->\n\n<!-- wp:paragraph -->\n<p>no-repeat;center top;; auto Texte SEO<\/p>\n<!-- \/wp:paragraph -->\n\n<!-- wp:paragraph -->\n<p><b>P.C.R.A. : <\/b>Phytocontrol \u00e8 un progetto tecnologico e umano che risponde alle sfide sociali di sicurezza delle acque e dei prodotti alimentari con prossimit\u00e0, competenza, reattivit\u00e0 e affidabilit\u00e0. Il Laboratorio vi offre le soluzioni pi\u00f9 affidabili, innovative ed ecoresponsabili per garantirvi le migliori competenze europee. All\u2019avanguardia della tecnologia, Phytocontrol sviluppa il proprio sistema di informazione attraverso un data center di ultima generazione e apporta innovazione grazie al sistema di tracciabilit\u00e0 del trasporto del campione. L&#8217;anticipazione rappresenta la filosofia di Phytocontrol, il cui obiettivo \u00e8 essere sempre un passo avanti!<\/p>\n<!-- \/wp:paragraph -->\n\n<!-- wp:paragraph -->\n<p>no-repeat;center top;; auto fadeInUp animate-delay-200 Prossimit\u00e0 h4<\/p>\n<!-- \/wp:paragraph -->\n\n<!-- wp:paragraph -->\n<p>Offriamo un supporto tecnico e logistico di prossimit\u00e0<\/p>\n<!-- \/wp:paragraph -->\n\n<!-- wp:paragraph -->\n<p>icon-lamp<\/p>\n<!-- \/wp:paragraph -->\n\n<!-- wp:image -->\n<figure class=\"wp-block-image\"><img decoding=\"async\" src=\"\/app\/uploads\/2019\/06\/accueil-proximite.svg\" alt=\"\"\/><\/figure>\n<!-- \/wp:image -->\n\n<!-- wp:paragraph -->\n<p>top fadeInUp Competenza h4<\/p>\n<!-- \/wp:paragraph -->\n\n<!-- wp:paragraph -->\n<p>L&#8217;analisi dei contaminanti: il nostro storico know-how<\/p>\n<!-- \/wp:paragraph -->\n\n<!-- wp:paragraph -->\n<p>icon-lamp<\/p>\n<!-- \/wp:paragraph -->\n\n<!-- wp:image -->\n<figure class=\"wp-block-image\"><img decoding=\"async\" src=\"\/app\/uploads\/2019\/06\/accueil-expertise.svg\" alt=\"\"\/><\/figure>\n<!-- \/wp:image -->\n\n<!-- wp:paragraph -->\n<p>top fadeInUp animate-delay-200 Reattivit\u00e0 h4<\/p>\n<!-- \/wp:paragraph -->\n\n<!-- wp:paragraph -->\n<p>Garantiamo la<br> disponibilit\u00e0 dei risultati<br> di analisi di routine in 2-6 giorni<\/p>\n<!-- \/wp:paragraph -->\n\n<!-- wp:paragraph -->\n<p>icon-lamp<\/p>\n<!-- \/wp:paragraph -->\n\n<!-- wp:image -->\n<figure class=\"wp-block-image\"><img decoding=\"async\" src=\"\/app\/uploads\/2019\/06\/accueil-reactivite.svg\" alt=\"\"\/><\/figure>\n<!-- \/wp:image -->\n\n<!-- wp:paragraph -->\n<p>top fadeInUp animate-delay-400 Affidabilit\u00e0 h4<\/p>\n<!-- \/wp:paragraph -->\n\n<!-- wp:paragraph -->\n<p>Svolgiamo le nostre ricerche <br> con l&#8217;intento di fornire <br> la massima affidabilit\u00e0 analitica<\/p>\n<!-- \/wp:paragraph -->\n\n<!-- wp:paragraph -->\n<p>icon-lamp<\/p>\n<!-- \/wp:paragraph -->\n\n<!-- wp:image -->\n<figure class=\"wp-block-image\"><img decoding=\"async\" src=\"\/app\/uploads\/2019\/06\/accueil-fiabilite.svg\" alt=\"\"\/><\/figure>\n<!-- \/wp:image -->\n\n<!-- wp:paragraph -->\n<p>top fadeInUp animate-delay-600 Avviamo insieme il tuo progetto <a href=\"\/it\/contatta-la-tua-agenzia-regionale\/\">\/it\/contatta-la-tua-agenzia-regionale\/<\/a>\ncenter\nleft\n2<\/p>\n<!-- \/wp:paragraph --><!-- \/wp:post-content -->","protected":false},"excerpt":{"rendered":"<p>#CCCCCC #CCCCCC #CCCCCC Da dove vengono il perclorato e il clorato? In Europa, il perclorato&hellip;<\/p>\n","protected":false},"author":8,"featured_media":0,"parent":15123,"menu_order":0,"comment_status":"closed","ping_status":"closed","template":"","meta":{"_acf_changed":false,"footnotes":""},"page_category":[],"class_list":["post-21966","page","type-page","status-publish","hentry"],"acf":[],"yoast_head":"<!-- This site is optimized with the Yoast SEO plugin v27.3 - https:\/\/yoast.com\/product\/yoast-seo-wordpress\/ -->\n<title>Clorato e perclorato - Phytocontrol<\/title>\n<meta name=\"robots\" content=\"noindex, follow, max-snippet:-1, max-image-preview:large, max-video-preview:-1\" \/>\n<meta property=\"og:locale\" content=\"it_IT\" \/>\n<meta property=\"og:type\" content=\"article\" \/>\n<meta property=\"og:title\" content=\"Clorato e perclorato - Phytocontrol\" \/>\n<meta property=\"og:description\" content=\"#CCCCCC #CCCCCC #CCCCCC Da dove vengono il perclorato e il clorato? In Europa, il perclorato&hellip;\" \/>\n<meta property=\"og:url\" content=\"https:\/\/stagingphytocontrol.shdesign.fr\/it\/le-nostre-analisi\/residui-di-pesticidi\/clorato-e-perclorato\/\" \/>\n<meta property=\"og:site_name\" content=\"Phytocontrol\" \/>\n<meta property=\"article:modified_time\" content=\"2026-01-15T16:43:19+00:00\" \/>\n<meta property=\"og:image\" content=\"https:\/\/stagingphytocontrol.shdesign.fr\/app\/uploads\/2019\/12\/Salade.png\" \/>\n<meta name=\"twitter:card\" content=\"summary_large_image\" \/>\n<meta name=\"twitter:label1\" content=\"Tempo di lettura stimato\" \/>\n\t<meta name=\"twitter:data1\" content=\"3 minutes\" \/>\n<script type=\"application\/ld+json\" class=\"yoast-schema-graph\">{\"@context\":\"https:\\\/\\\/schema.org\",\"@graph\":[{\"@type\":\"WebPage\",\"@id\":\"https:\\\/\\\/stagingphytocontrol.shdesign.fr\\\/it\\\/le-nostre-analisi\\\/residui-di-pesticidi\\\/clorato-e-perclorato\\\/\",\"url\":\"https:\\\/\\\/stagingphytocontrol.shdesign.fr\\\/it\\\/le-nostre-analisi\\\/residui-di-pesticidi\\\/clorato-e-perclorato\\\/\",\"name\":\"Clorato e perclorato - Phytocontrol\",\"isPartOf\":{\"@id\":\"https:\\\/\\\/stagingphytocontrol.shdesign.fr\\\/#website\"},\"primaryImageOfPage\":{\"@id\":\"https:\\\/\\\/stagingphytocontrol.shdesign.fr\\\/it\\\/le-nostre-analisi\\\/residui-di-pesticidi\\\/clorato-e-perclorato\\\/#primaryimage\"},\"image\":{\"@id\":\"https:\\\/\\\/stagingphytocontrol.shdesign.fr\\\/it\\\/le-nostre-analisi\\\/residui-di-pesticidi\\\/clorato-e-perclorato\\\/#primaryimage\"},\"thumbnailUrl\":\"https:\\\/\\\/stagingphytocontrol.shdesign.fr\\\/app\\\/uploads\\\/2019\\\/12\\\/Salade.png\",\"datePublished\":\"2021-03-08T15:05:14+00:00\",\"dateModified\":\"2026-01-15T16:43:19+00:00\",\"breadcrumb\":{\"@id\":\"https:\\\/\\\/stagingphytocontrol.shdesign.fr\\\/it\\\/le-nostre-analisi\\\/residui-di-pesticidi\\\/clorato-e-perclorato\\\/#breadcrumb\"},\"inLanguage\":\"it-IT\",\"potentialAction\":[{\"@type\":\"ReadAction\",\"target\":[\"https:\\\/\\\/stagingphytocontrol.shdesign.fr\\\/it\\\/le-nostre-analisi\\\/residui-di-pesticidi\\\/clorato-e-perclorato\\\/\"]}]},{\"@type\":\"ImageObject\",\"inLanguage\":\"it-IT\",\"@id\":\"https:\\\/\\\/stagingphytocontrol.shdesign.fr\\\/it\\\/le-nostre-analisi\\\/residui-di-pesticidi\\\/clorato-e-perclorato\\\/#primaryimage\",\"url\":\"https:\\\/\\\/stagingphytocontrol.shdesign.fr\\\/app\\\/uploads\\\/2019\\\/12\\\/Salade.png\",\"contentUrl\":\"https:\\\/\\\/stagingphytocontrol.shdesign.fr\\\/app\\\/uploads\\\/2019\\\/12\\\/Salade.png\"},{\"@type\":\"BreadcrumbList\",\"@id\":\"https:\\\/\\\/stagingphytocontrol.shdesign.fr\\\/it\\\/le-nostre-analisi\\\/residui-di-pesticidi\\\/clorato-e-perclorato\\\/#breadcrumb\",\"itemListElement\":[{\"@type\":\"ListItem\",\"position\":1,\"name\":\"Accueil\",\"item\":\"https:\\\/\\\/stagingphytocontrol.shdesign.fr\\\/it\\\/home-page\\\/\"},{\"@type\":\"ListItem\",\"position\":2,\"name\":\"Clorato e perclorato\"}]},{\"@type\":\"WebSite\",\"@id\":\"https:\\\/\\\/stagingphytocontrol.shdesign.fr\\\/#website\",\"url\":\"https:\\\/\\\/stagingphytocontrol.shdesign.fr\\\/\",\"name\":\"Phytocontrol\",\"description\":\"Laboratoire d&#039;analyses\",\"potentialAction\":[{\"@type\":\"SearchAction\",\"target\":{\"@type\":\"EntryPoint\",\"urlTemplate\":\"https:\\\/\\\/stagingphytocontrol.shdesign.fr\\\/?s={search_term_string}\"},\"query-input\":{\"@type\":\"PropertyValueSpecification\",\"valueRequired\":true,\"valueName\":\"search_term_string\"}}],\"inLanguage\":\"it-IT\"}]}<\/script>\n<!-- \/ Yoast SEO plugin. -->","yoast_head_json":{"title":"Clorato e perclorato - Phytocontrol","robots":{"index":"noindex","follow":"follow","max-snippet":"max-snippet:-1","max-image-preview":"max-image-preview:large","max-video-preview":"max-video-preview:-1"},"og_locale":"it_IT","og_type":"article","og_title":"Clorato e perclorato - Phytocontrol","og_description":"#CCCCCC #CCCCCC #CCCCCC Da dove vengono il perclorato e il clorato? In Europa, il perclorato&hellip;","og_url":"https:\/\/stagingphytocontrol.shdesign.fr\/it\/le-nostre-analisi\/residui-di-pesticidi\/clorato-e-perclorato\/","og_site_name":"Phytocontrol","article_modified_time":"2026-01-15T16:43:19+00:00","og_image":[{"url":"https:\/\/stagingphytocontrol.shdesign.fr\/app\/uploads\/2019\/12\/Salade.png","type":"","width":"","height":""}],"twitter_card":"summary_large_image","twitter_misc":{"Tempo di lettura stimato":"3 minutes"},"schema":{"@context":"https:\/\/schema.org","@graph":[{"@type":"WebPage","@id":"https:\/\/stagingphytocontrol.shdesign.fr\/it\/le-nostre-analisi\/residui-di-pesticidi\/clorato-e-perclorato\/","url":"https:\/\/stagingphytocontrol.shdesign.fr\/it\/le-nostre-analisi\/residui-di-pesticidi\/clorato-e-perclorato\/","name":"Clorato e perclorato - Phytocontrol","isPartOf":{"@id":"https:\/\/stagingphytocontrol.shdesign.fr\/#website"},"primaryImageOfPage":{"@id":"https:\/\/stagingphytocontrol.shdesign.fr\/it\/le-nostre-analisi\/residui-di-pesticidi\/clorato-e-perclorato\/#primaryimage"},"image":{"@id":"https:\/\/stagingphytocontrol.shdesign.fr\/it\/le-nostre-analisi\/residui-di-pesticidi\/clorato-e-perclorato\/#primaryimage"},"thumbnailUrl":"https:\/\/stagingphytocontrol.shdesign.fr\/app\/uploads\/2019\/12\/Salade.png","datePublished":"2021-03-08T15:05:14+00:00","dateModified":"2026-01-15T16:43:19+00:00","breadcrumb":{"@id":"https:\/\/stagingphytocontrol.shdesign.fr\/it\/le-nostre-analisi\/residui-di-pesticidi\/clorato-e-perclorato\/#breadcrumb"},"inLanguage":"it-IT","potentialAction":[{"@type":"ReadAction","target":["https:\/\/stagingphytocontrol.shdesign.fr\/it\/le-nostre-analisi\/residui-di-pesticidi\/clorato-e-perclorato\/"]}]},{"@type":"ImageObject","inLanguage":"it-IT","@id":"https:\/\/stagingphytocontrol.shdesign.fr\/it\/le-nostre-analisi\/residui-di-pesticidi\/clorato-e-perclorato\/#primaryimage","url":"https:\/\/stagingphytocontrol.shdesign.fr\/app\/uploads\/2019\/12\/Salade.png","contentUrl":"https:\/\/stagingphytocontrol.shdesign.fr\/app\/uploads\/2019\/12\/Salade.png"},{"@type":"BreadcrumbList","@id":"https:\/\/stagingphytocontrol.shdesign.fr\/it\/le-nostre-analisi\/residui-di-pesticidi\/clorato-e-perclorato\/#breadcrumb","itemListElement":[{"@type":"ListItem","position":1,"name":"Accueil","item":"https:\/\/stagingphytocontrol.shdesign.fr\/it\/home-page\/"},{"@type":"ListItem","position":2,"name":"Clorato e perclorato"}]},{"@type":"WebSite","@id":"https:\/\/stagingphytocontrol.shdesign.fr\/#website","url":"https:\/\/stagingphytocontrol.shdesign.fr\/","name":"Phytocontrol","description":"Laboratoire d&#039;analyses","potentialAction":[{"@type":"SearchAction","target":{"@type":"EntryPoint","urlTemplate":"https:\/\/stagingphytocontrol.shdesign.fr\/?s={search_term_string}"},"query-input":{"@type":"PropertyValueSpecification","valueRequired":true,"valueName":"search_term_string"}}],"inLanguage":"it-IT"}]}},"_links":{"self":[{"href":"https:\/\/stagingphytocontrol.shdesign.fr\/it\/wp-json\/wp\/v2\/pages\/21966","targetHints":{"allow":["GET"]}}],"collection":[{"href":"https:\/\/stagingphytocontrol.shdesign.fr\/it\/wp-json\/wp\/v2\/pages"}],"about":[{"href":"https:\/\/stagingphytocontrol.shdesign.fr\/it\/wp-json\/wp\/v2\/types\/page"}],"author":[{"embeddable":true,"href":"https:\/\/stagingphytocontrol.shdesign.fr\/it\/wp-json\/wp\/v2\/users\/8"}],"replies":[{"embeddable":true,"href":"https:\/\/stagingphytocontrol.shdesign.fr\/it\/wp-json\/wp\/v2\/comments?post=21966"}],"version-history":[{"count":0,"href":"https:\/\/stagingphytocontrol.shdesign.fr\/it\/wp-json\/wp\/v2\/pages\/21966\/revisions"}],"up":[{"embeddable":true,"href":"https:\/\/stagingphytocontrol.shdesign.fr\/it\/wp-json\/wp\/v2\/pages\/15123"}],"wp:attachment":[{"href":"https:\/\/stagingphytocontrol.shdesign.fr\/it\/wp-json\/wp\/v2\/media?parent=21966"}],"wp:term":[{"taxonomy":"page_category","embeddable":true,"href":"https:\/\/stagingphytocontrol.shdesign.fr\/it\/wp-json\/wp\/v2\/page_category?post=21966"}],"curies":[{"name":"wp","href":"https:\/\/api.w.org\/{rel}","templated":true}]}}