{"id":15175,"date":"2020-03-10T18:16:28","date_gmt":"2020-03-10T17:16:28","guid":{"rendered":"http:\/\/exgdete.cluster028.hosting.ovh.net\/home-page\/"},"modified":"2025-01-13T12:08:49","modified_gmt":"2025-01-13T11:08:49","slug":"home-page","status":"publish","type":"page","link":"https:\/\/stagingphytocontrol.shdesign.fr\/it\/","title":{"rendered":"Home page"},"content":{"rendered":"","protected":false},"excerpt":{"rendered":"","protected":false},"author":8,"featured_media":0,"parent":0,"menu_order":0,"comment_status":"closed","ping_status":"closed","template":"","meta":{"_acf_changed":false,"footnotes":""},"page_category":[],"class_list":["post-15175","page","type-page","status-publish","hentry"],"acf":[],"yoast_head":"<!-- This site is optimized with the Yoast SEO plugin v27.3 - https:\/\/yoast.com\/product\/yoast-seo-wordpress\/ -->\n<title>Phytocontrol - Laboratorio di analisi - Acque e Prodotti alimentari<\/title>\n<meta name=\"description\" content=\"Phytocontrol \u00e8 un laboratorio di analisi impegnato a favore della sicurezza sanitaria idrica e alimentare, al servizio delle filiere agricole, agroalimentari, idrologiche, cosmetiche, farmaceutiche e fitofarmaceutiche.\" \/>\n<meta name=\"robots\" content=\"noindex, follow, max-snippet:-1, max-image-preview:large, max-video-preview:-1\" \/>\n<meta property=\"og:locale\" content=\"it_IT\" \/>\n<meta property=\"og:type\" content=\"article\" \/>\n<meta property=\"og:title\" content=\"Phytocontrol - Laboratorio di analisi\" \/>\n<meta property=\"og:description\" content=\"Esperto in materia di sicurezza sanitaria idrica e alimentare, il Gruppo Phytocontrol fornisce in modo indipendente un servizio analitico di punta in termini di innovazione, reattivit\u00e0 e affidabilit\u00e0, attraverso un supporto di prossimit\u00e0.\" \/>\n<meta property=\"og:url\" content=\"https:\/\/stagingphytocontrol.shdesign.fr\/it\/home-page\/\" \/>\n<meta property=\"og:site_name\" content=\"Phytocontrol\" \/>\n<meta property=\"article:modified_time\" content=\"2025-01-13T11:08:49+00:00\" \/>\n<meta name=\"twitter:card\" content=\"summary_large_image\" \/>\n<script type=\"application\/ld+json\" class=\"yoast-schema-graph\">{\"@context\":\"https:\\\/\\\/schema.org\",\"@graph\":[{\"@type\":\"WebPage\",\"@id\":\"https:\\\/\\\/stagingphytocontrol.shdesign.fr\\\/it\\\/home-page\\\/\",\"url\":\"https:\\\/\\\/stagingphytocontrol.shdesign.fr\\\/it\\\/home-page\\\/\",\"name\":\"Phytocontrol - Laboratorio di analisi - Acque e Prodotti alimentari\",\"isPartOf\":{\"@id\":\"https:\\\/\\\/stagingphytocontrol.shdesign.fr\\\/#website\"},\"datePublished\":\"2020-03-10T17:16:28+00:00\",\"dateModified\":\"2025-01-13T11:08:49+00:00\",\"description\":\"Phytocontrol \u00e8 un laboratorio di analisi impegnato a favore della sicurezza sanitaria idrica e alimentare, al servizio delle filiere agricole, agroalimentari, idrologiche, cosmetiche, farmaceutiche e fitofarmaceutiche.\",\"breadcrumb\":{\"@id\":\"https:\\\/\\\/stagingphytocontrol.shdesign.fr\\\/it\\\/home-page\\\/#breadcrumb\"},\"inLanguage\":\"it-IT\",\"potentialAction\":[{\"@type\":\"ReadAction\",\"target\":[\"https:\\\/\\\/stagingphytocontrol.shdesign.fr\\\/it\\\/home-page\\\/\"]}]},{\"@type\":\"BreadcrumbList\",\"@id\":\"https:\\\/\\\/stagingphytocontrol.shdesign.fr\\\/it\\\/home-page\\\/#breadcrumb\",\"itemListElement\":[{\"@type\":\"ListItem\",\"position\":1,\"name\":\"Accueil\",\"item\":\"https:\\\/\\\/stagingphytocontrol.shdesign.fr\\\/it\\\/home-page\\\/\"},{\"@type\":\"ListItem\",\"position\":2,\"name\":\"Home page\"}]},{\"@type\":\"WebSite\",\"@id\":\"https:\\\/\\\/stagingphytocontrol.shdesign.fr\\\/#website\",\"url\":\"https:\\\/\\\/stagingphytocontrol.shdesign.fr\\\/\",\"name\":\"Phytocontrol\",\"description\":\"Laboratoire d&#039;analyses\",\"potentialAction\":[{\"@type\":\"SearchAction\",\"target\":{\"@type\":\"EntryPoint\",\"urlTemplate\":\"https:\\\/\\\/stagingphytocontrol.shdesign.fr\\\/?s={search_term_string}\"},\"query-input\":{\"@type\":\"PropertyValueSpecification\",\"valueRequired\":true,\"valueName\":\"search_term_string\"}}],\"inLanguage\":\"it-IT\"}]}<\/script>\n<!-- \/ Yoast SEO plugin. -->","yoast_head_json":{"title":"Phytocontrol - Laboratorio di analisi - Acque e Prodotti alimentari","description":"Phytocontrol \u00e8 un laboratorio di analisi impegnato a favore della sicurezza sanitaria idrica e alimentare, al servizio delle filiere agricole, agroalimentari, idrologiche, cosmetiche, farmaceutiche e fitofarmaceutiche.","robots":{"index":"noindex","follow":"follow","max-snippet":"max-snippet:-1","max-image-preview":"max-image-preview:large","max-video-preview":"max-video-preview:-1"},"og_locale":"it_IT","og_type":"article","og_title":"Phytocontrol - Laboratorio di analisi","og_description":"Esperto in materia di sicurezza sanitaria idrica e alimentare, il Gruppo Phytocontrol fornisce in modo indipendente un servizio analitico di punta in termini di innovazione, reattivit\u00e0 e affidabilit\u00e0, attraverso un supporto di prossimit\u00e0.","og_url":"https:\/\/stagingphytocontrol.shdesign.fr\/it\/home-page\/","og_site_name":"Phytocontrol","article_modified_time":"2025-01-13T11:08:49+00:00","twitter_card":"summary_large_image","schema":{"@context":"https:\/\/schema.org","@graph":[{"@type":"WebPage","@id":"https:\/\/stagingphytocontrol.shdesign.fr\/it\/home-page\/","url":"https:\/\/stagingphytocontrol.shdesign.fr\/it\/home-page\/","name":"Phytocontrol - Laboratorio di analisi - Acque e Prodotti alimentari","isPartOf":{"@id":"https:\/\/stagingphytocontrol.shdesign.fr\/#website"},"datePublished":"2020-03-10T17:16:28+00:00","dateModified":"2025-01-13T11:08:49+00:00","description":"Phytocontrol \u00e8 un laboratorio di analisi impegnato a favore della sicurezza sanitaria idrica e alimentare, al servizio delle filiere agricole, agroalimentari, idrologiche, cosmetiche, farmaceutiche e fitofarmaceutiche.","breadcrumb":{"@id":"https:\/\/stagingphytocontrol.shdesign.fr\/it\/home-page\/#breadcrumb"},"inLanguage":"it-IT","potentialAction":[{"@type":"ReadAction","target":["https:\/\/stagingphytocontrol.shdesign.fr\/it\/home-page\/"]}]},{"@type":"BreadcrumbList","@id":"https:\/\/stagingphytocontrol.shdesign.fr\/it\/home-page\/#breadcrumb","itemListElement":[{"@type":"ListItem","position":1,"name":"Accueil","item":"https:\/\/stagingphytocontrol.shdesign.fr\/it\/home-page\/"},{"@type":"ListItem","position":2,"name":"Home page"}]},{"@type":"WebSite","@id":"https:\/\/stagingphytocontrol.shdesign.fr\/#website","url":"https:\/\/stagingphytocontrol.shdesign.fr\/","name":"Phytocontrol","description":"Laboratoire d&#039;analyses","potentialAction":[{"@type":"SearchAction","target":{"@type":"EntryPoint","urlTemplate":"https:\/\/stagingphytocontrol.shdesign.fr\/?s={search_term_string}"},"query-input":{"@type":"PropertyValueSpecification","valueRequired":true,"valueName":"search_term_string"}}],"inLanguage":"it-IT"}]}},"_links":{"self":[{"href":"https:\/\/stagingphytocontrol.shdesign.fr\/it\/wp-json\/wp\/v2\/pages\/15175","targetHints":{"allow":["GET"]}}],"collection":[{"href":"https:\/\/stagingphytocontrol.shdesign.fr\/it\/wp-json\/wp\/v2\/pages"}],"about":[{"href":"https:\/\/stagingphytocontrol.shdesign.fr\/it\/wp-json\/wp\/v2\/types\/page"}],"author":[{"embeddable":true,"href":"https:\/\/stagingphytocontrol.shdesign.fr\/it\/wp-json\/wp\/v2\/users\/8"}],"replies":[{"embeddable":true,"href":"https:\/\/stagingphytocontrol.shdesign.fr\/it\/wp-json\/wp\/v2\/comments?post=15175"}],"version-history":[{"count":0,"href":"https:\/\/stagingphytocontrol.shdesign.fr\/it\/wp-json\/wp\/v2\/pages\/15175\/revisions"}],"wp:attachment":[{"href":"https:\/\/stagingphytocontrol.shdesign.fr\/it\/wp-json\/wp\/v2\/media?parent=15175"}],"wp:term":[{"taxonomy":"page_category","embeddable":true,"href":"https:\/\/stagingphytocontrol.shdesign.fr\/it\/wp-json\/wp\/v2\/page_category?post=15175"}],"curies":[{"name":"wp","href":"https:\/\/api.w.org\/{rel}","templated":true}]}}