{"id":9867,"date":"2019-07-26T18:24:43","date_gmt":"2019-07-26T16:24:43","guid":{"rendered":"http:\/\/phytocontrol.barcelona-co.com\/?page_id=9392"},"modified":"2024-10-01T08:54:22","modified_gmt":"2024-10-01T06:54:22","slug":"waters","status":"publish","type":"page","link":"https:\/\/stagingphytocontrol.shdesign.fr\/es\/waters\/","title":{"rendered":"Waters"},"content":{"rendered":"","protected":false},"excerpt":{"rendered":"","protected":false},"author":8,"featured_media":0,"parent":0,"menu_order":0,"comment_status":"closed","ping_status":"closed","template":"","meta":{"_acf_changed":false,"footnotes":""},"page_category":[],"class_list":["post-9867","page","type-page","status-publish","hentry"],"acf":[],"yoast_head":"<!-- This site is optimized with the Yoast SEO plugin v27.3 - https:\/\/yoast.com\/product\/yoast-seo-wordpress\/ -->\n<title>Departamento Waters | Agua y Medio Ambiente - Laboratorio Phytocontrol<\/title>\n<meta name=\"description\" content=\"Phytocontrol ha desarrollado para todos los operadores del sector Waters un servicio anal\u00edtico completo, reactivo y desplegado en todo el territorio. Los an\u00e1lisis con m\u00e9todos acreditados se refieren al agua dulce, el agua embotellada, el agua recreativa y el agua sanitaria caliente.\" \/>\n<meta name=\"robots\" content=\"noindex, follow, max-snippet:-1, max-image-preview:large, max-video-preview:-1\" \/>\n<meta property=\"og:locale\" content=\"es_ES\" \/>\n<meta property=\"og:type\" content=\"article\" \/>\n<meta property=\"og:title\" content=\"Departamento Waters | Agua y Medio Ambiente - Laboratorio Phytocontrol\" \/>\n<meta property=\"og:description\" content=\"Phytocontrol ha desarrollado para todos los operadores del sector Waters un servicio anal\u00edtico completo, reactivo y desplegado en todo el territorio. Los an\u00e1lisis con m\u00e9todos acreditados se refieren al agua dulce, el agua embotellada, el agua recreativa y el agua sanitaria caliente.\" \/>\n<meta property=\"og:url\" content=\"https:\/\/stagingphytocontrol.shdesign.fr\/es\/waters\/\" \/>\n<meta property=\"og:site_name\" content=\"Phytocontrol\" \/>\n<meta property=\"article:modified_time\" content=\"2024-10-01T06:54:22+00:00\" \/>\n<meta name=\"twitter:card\" content=\"summary_large_image\" \/>\n<script type=\"application\/ld+json\" class=\"yoast-schema-graph\">{\"@context\":\"https:\\\/\\\/schema.org\",\"@graph\":[{\"@type\":\"WebPage\",\"@id\":\"https:\\\/\\\/stagingphytocontrol.shdesign.fr\\\/es\\\/waters\\\/\",\"url\":\"https:\\\/\\\/stagingphytocontrol.shdesign.fr\\\/es\\\/waters\\\/\",\"name\":\"Departamento Waters | Agua y Medio Ambiente - Laboratorio Phytocontrol\",\"isPartOf\":{\"@id\":\"https:\\\/\\\/stagingphytocontrol.shdesign.fr\\\/#website\"},\"datePublished\":\"2019-07-26T16:24:43+00:00\",\"dateModified\":\"2024-10-01T06:54:22+00:00\",\"description\":\"Phytocontrol ha desarrollado para todos los operadores del sector Waters un servicio anal\u00edtico completo, reactivo y desplegado en todo el territorio. Los an\u00e1lisis con m\u00e9todos acreditados se refieren al agua dulce, el agua embotellada, el agua recreativa y el agua sanitaria caliente.\",\"breadcrumb\":{\"@id\":\"https:\\\/\\\/stagingphytocontrol.shdesign.fr\\\/es\\\/waters\\\/#breadcrumb\"},\"inLanguage\":\"es-ES\",\"potentialAction\":[{\"@type\":\"ReadAction\",\"target\":[\"https:\\\/\\\/stagingphytocontrol.shdesign.fr\\\/es\\\/waters\\\/\"]}]},{\"@type\":\"BreadcrumbList\",\"@id\":\"https:\\\/\\\/stagingphytocontrol.shdesign.fr\\\/es\\\/waters\\\/#breadcrumb\",\"itemListElement\":[{\"@type\":\"ListItem\",\"position\":1,\"name\":\"Accueil\",\"item\":\"https:\\\/\\\/stagingphytocontrol.shdesign.fr\\\/es\\\/accueil\\\/\"},{\"@type\":\"ListItem\",\"position\":2,\"name\":\"Waters\"}]},{\"@type\":\"WebSite\",\"@id\":\"https:\\\/\\\/stagingphytocontrol.shdesign.fr\\\/#website\",\"url\":\"https:\\\/\\\/stagingphytocontrol.shdesign.fr\\\/\",\"name\":\"Phytocontrol\",\"description\":\"Laboratoire d&#039;analyses\",\"potentialAction\":[{\"@type\":\"SearchAction\",\"target\":{\"@type\":\"EntryPoint\",\"urlTemplate\":\"https:\\\/\\\/stagingphytocontrol.shdesign.fr\\\/?s={search_term_string}\"},\"query-input\":{\"@type\":\"PropertyValueSpecification\",\"valueRequired\":true,\"valueName\":\"search_term_string\"}}],\"inLanguage\":\"es-ES\"}]}<\/script>\n<!-- \/ Yoast SEO plugin. -->","yoast_head_json":{"title":"Departamento Waters | Agua y Medio Ambiente - Laboratorio Phytocontrol","description":"Phytocontrol ha desarrollado para todos los operadores del sector Waters un servicio anal\u00edtico completo, reactivo y desplegado en todo el territorio. Los an\u00e1lisis con m\u00e9todos acreditados se refieren al agua dulce, el agua embotellada, el agua recreativa y el agua sanitaria caliente.","robots":{"index":"noindex","follow":"follow","max-snippet":"max-snippet:-1","max-image-preview":"max-image-preview:large","max-video-preview":"max-video-preview:-1"},"og_locale":"es_ES","og_type":"article","og_title":"Departamento Waters | Agua y Medio Ambiente - Laboratorio Phytocontrol","og_description":"Phytocontrol ha desarrollado para todos los operadores del sector Waters un servicio anal\u00edtico completo, reactivo y desplegado en todo el territorio. Los an\u00e1lisis con m\u00e9todos acreditados se refieren al agua dulce, el agua embotellada, el agua recreativa y el agua sanitaria caliente.","og_url":"https:\/\/stagingphytocontrol.shdesign.fr\/es\/waters\/","og_site_name":"Phytocontrol","article_modified_time":"2024-10-01T06:54:22+00:00","twitter_card":"summary_large_image","schema":{"@context":"https:\/\/schema.org","@graph":[{"@type":"WebPage","@id":"https:\/\/stagingphytocontrol.shdesign.fr\/es\/waters\/","url":"https:\/\/stagingphytocontrol.shdesign.fr\/es\/waters\/","name":"Departamento Waters | Agua y Medio Ambiente - Laboratorio Phytocontrol","isPartOf":{"@id":"https:\/\/stagingphytocontrol.shdesign.fr\/#website"},"datePublished":"2019-07-26T16:24:43+00:00","dateModified":"2024-10-01T06:54:22+00:00","description":"Phytocontrol ha desarrollado para todos los operadores del sector Waters un servicio anal\u00edtico completo, reactivo y desplegado en todo el territorio. Los an\u00e1lisis con m\u00e9todos acreditados se refieren al agua dulce, el agua embotellada, el agua recreativa y el agua sanitaria caliente.","breadcrumb":{"@id":"https:\/\/stagingphytocontrol.shdesign.fr\/es\/waters\/#breadcrumb"},"inLanguage":"es-ES","potentialAction":[{"@type":"ReadAction","target":["https:\/\/stagingphytocontrol.shdesign.fr\/es\/waters\/"]}]},{"@type":"BreadcrumbList","@id":"https:\/\/stagingphytocontrol.shdesign.fr\/es\/waters\/#breadcrumb","itemListElement":[{"@type":"ListItem","position":1,"name":"Accueil","item":"https:\/\/stagingphytocontrol.shdesign.fr\/es\/accueil\/"},{"@type":"ListItem","position":2,"name":"Waters"}]},{"@type":"WebSite","@id":"https:\/\/stagingphytocontrol.shdesign.fr\/#website","url":"https:\/\/stagingphytocontrol.shdesign.fr\/","name":"Phytocontrol","description":"Laboratoire d&#039;analyses","potentialAction":[{"@type":"SearchAction","target":{"@type":"EntryPoint","urlTemplate":"https:\/\/stagingphytocontrol.shdesign.fr\/?s={search_term_string}"},"query-input":{"@type":"PropertyValueSpecification","valueRequired":true,"valueName":"search_term_string"}}],"inLanguage":"es-ES"}]}},"_links":{"self":[{"href":"https:\/\/stagingphytocontrol.shdesign.fr\/es\/wp-json\/wp\/v2\/pages\/9867","targetHints":{"allow":["GET"]}}],"collection":[{"href":"https:\/\/stagingphytocontrol.shdesign.fr\/es\/wp-json\/wp\/v2\/pages"}],"about":[{"href":"https:\/\/stagingphytocontrol.shdesign.fr\/es\/wp-json\/wp\/v2\/types\/page"}],"author":[{"embeddable":true,"href":"https:\/\/stagingphytocontrol.shdesign.fr\/es\/wp-json\/wp\/v2\/users\/8"}],"replies":[{"embeddable":true,"href":"https:\/\/stagingphytocontrol.shdesign.fr\/es\/wp-json\/wp\/v2\/comments?post=9867"}],"version-history":[{"count":0,"href":"https:\/\/stagingphytocontrol.shdesign.fr\/es\/wp-json\/wp\/v2\/pages\/9867\/revisions"}],"wp:attachment":[{"href":"https:\/\/stagingphytocontrol.shdesign.fr\/es\/wp-json\/wp\/v2\/media?parent=9867"}],"wp:term":[{"taxonomy":"page_category","embeddable":true,"href":"https:\/\/stagingphytocontrol.shdesign.fr\/es\/wp-json\/wp\/v2\/page_category?post=9867"}],"curies":[{"name":"wp","href":"https:\/\/api.w.org\/{rel}","templated":true}]}}