{"id":9837,"date":"2019-07-26T18:26:43","date_gmt":"2019-07-26T16:26:43","guid":{"rendered":"http:\/\/phytocontrol.barcelona-co.com\/?page_id=9394"},"modified":"2024-10-01T08:51:20","modified_gmt":"2024-10-01T06:51:20","slug":"agrifood","status":"publish","type":"page","link":"https:\/\/stagingphytocontrol.shdesign.fr\/es\/agrifood\/","title":{"rendered":"AgriFood"},"content":{"rendered":"","protected":false},"excerpt":{"rendered":"","protected":false},"author":8,"featured_media":0,"parent":0,"menu_order":0,"comment_status":"closed","ping_status":"closed","template":"","meta":{"_acf_changed":false,"footnotes":""},"page_category":[],"class_list":["post-9837","page","type-page","status-publish","hentry"],"acf":[],"yoast_head":"<!-- This site is optimized with the Yoast SEO plugin v27.3 - https:\/\/yoast.com\/product\/yoast-seo-wordpress\/ -->\n<title>AgriFood, control de la seguridad alimentaria - Phytocontrol<\/title>\n<meta name=\"description\" content=\"AgriFood representa la actividad principal y la experiencia hist\u00f3rica del laboratorio Phytocontrol : el an\u00e1lisis de contaminantes en los alimentos y, m\u00e1s ampliamente, en todos los productos de origen vegetal y animal.\" \/>\n<meta name=\"robots\" content=\"noindex, follow, max-snippet:-1, max-image-preview:large, max-video-preview:-1\" \/>\n<meta property=\"og:locale\" content=\"es_ES\" \/>\n<meta property=\"og:type\" content=\"article\" \/>\n<meta property=\"og:title\" content=\"AgriFood, control de la seguridad alimentaria - Phytocontrol\" \/>\n<meta property=\"og:description\" content=\"AgriFood representa la actividad principal y la experiencia hist\u00f3rica del laboratorio Phytocontrol : el an\u00e1lisis de contaminantes en los alimentos y, m\u00e1s ampliamente, en todos los productos de origen vegetal y animal.\" \/>\n<meta property=\"og:url\" content=\"https:\/\/stagingphytocontrol.shdesign.fr\/es\/agrifood\/\" \/>\n<meta property=\"og:site_name\" content=\"Phytocontrol\" \/>\n<meta property=\"article:modified_time\" content=\"2024-10-01T06:51:20+00:00\" \/>\n<meta name=\"twitter:card\" content=\"summary_large_image\" \/>\n<script type=\"application\/ld+json\" class=\"yoast-schema-graph\">{\"@context\":\"https:\\\/\\\/schema.org\",\"@graph\":[{\"@type\":\"WebPage\",\"@id\":\"https:\\\/\\\/stagingphytocontrol.shdesign.fr\\\/es\\\/agrifood\\\/\",\"url\":\"https:\\\/\\\/stagingphytocontrol.shdesign.fr\\\/es\\\/agrifood\\\/\",\"name\":\"AgriFood, control de la seguridad alimentaria - Phytocontrol\",\"isPartOf\":{\"@id\":\"https:\\\/\\\/stagingphytocontrol.shdesign.fr\\\/#website\"},\"datePublished\":\"2019-07-26T16:26:43+00:00\",\"dateModified\":\"2024-10-01T06:51:20+00:00\",\"description\":\"AgriFood representa la actividad principal y la experiencia hist\u00f3rica del laboratorio Phytocontrol : el an\u00e1lisis de contaminantes en los alimentos y, m\u00e1s ampliamente, en todos los productos de origen vegetal y animal.\",\"breadcrumb\":{\"@id\":\"https:\\\/\\\/stagingphytocontrol.shdesign.fr\\\/es\\\/agrifood\\\/#breadcrumb\"},\"inLanguage\":\"es-ES\",\"potentialAction\":[{\"@type\":\"ReadAction\",\"target\":[\"https:\\\/\\\/stagingphytocontrol.shdesign.fr\\\/es\\\/agrifood\\\/\"]}]},{\"@type\":\"BreadcrumbList\",\"@id\":\"https:\\\/\\\/stagingphytocontrol.shdesign.fr\\\/es\\\/agrifood\\\/#breadcrumb\",\"itemListElement\":[{\"@type\":\"ListItem\",\"position\":1,\"name\":\"Accueil\",\"item\":\"https:\\\/\\\/stagingphytocontrol.shdesign.fr\\\/es\\\/accueil\\\/\"},{\"@type\":\"ListItem\",\"position\":2,\"name\":\"AgriFood\"}]},{\"@type\":\"WebSite\",\"@id\":\"https:\\\/\\\/stagingphytocontrol.shdesign.fr\\\/#website\",\"url\":\"https:\\\/\\\/stagingphytocontrol.shdesign.fr\\\/\",\"name\":\"Phytocontrol\",\"description\":\"Laboratoire d&#039;analyses\",\"potentialAction\":[{\"@type\":\"SearchAction\",\"target\":{\"@type\":\"EntryPoint\",\"urlTemplate\":\"https:\\\/\\\/stagingphytocontrol.shdesign.fr\\\/?s={search_term_string}\"},\"query-input\":{\"@type\":\"PropertyValueSpecification\",\"valueRequired\":true,\"valueName\":\"search_term_string\"}}],\"inLanguage\":\"es-ES\"}]}<\/script>\n<!-- \/ Yoast SEO plugin. -->","yoast_head_json":{"title":"AgriFood, control de la seguridad alimentaria - Phytocontrol","description":"AgriFood representa la actividad principal y la experiencia hist\u00f3rica del laboratorio Phytocontrol : el an\u00e1lisis de contaminantes en los alimentos y, m\u00e1s ampliamente, en todos los productos de origen vegetal y animal.","robots":{"index":"noindex","follow":"follow","max-snippet":"max-snippet:-1","max-image-preview":"max-image-preview:large","max-video-preview":"max-video-preview:-1"},"og_locale":"es_ES","og_type":"article","og_title":"AgriFood, control de la seguridad alimentaria - Phytocontrol","og_description":"AgriFood representa la actividad principal y la experiencia hist\u00f3rica del laboratorio Phytocontrol : el an\u00e1lisis de contaminantes en los alimentos y, m\u00e1s ampliamente, en todos los productos de origen vegetal y animal.","og_url":"https:\/\/stagingphytocontrol.shdesign.fr\/es\/agrifood\/","og_site_name":"Phytocontrol","article_modified_time":"2024-10-01T06:51:20+00:00","twitter_card":"summary_large_image","schema":{"@context":"https:\/\/schema.org","@graph":[{"@type":"WebPage","@id":"https:\/\/stagingphytocontrol.shdesign.fr\/es\/agrifood\/","url":"https:\/\/stagingphytocontrol.shdesign.fr\/es\/agrifood\/","name":"AgriFood, control de la seguridad alimentaria - Phytocontrol","isPartOf":{"@id":"https:\/\/stagingphytocontrol.shdesign.fr\/#website"},"datePublished":"2019-07-26T16:26:43+00:00","dateModified":"2024-10-01T06:51:20+00:00","description":"AgriFood representa la actividad principal y la experiencia hist\u00f3rica del laboratorio Phytocontrol : el an\u00e1lisis de contaminantes en los alimentos y, m\u00e1s ampliamente, en todos los productos de origen vegetal y animal.","breadcrumb":{"@id":"https:\/\/stagingphytocontrol.shdesign.fr\/es\/agrifood\/#breadcrumb"},"inLanguage":"es-ES","potentialAction":[{"@type":"ReadAction","target":["https:\/\/stagingphytocontrol.shdesign.fr\/es\/agrifood\/"]}]},{"@type":"BreadcrumbList","@id":"https:\/\/stagingphytocontrol.shdesign.fr\/es\/agrifood\/#breadcrumb","itemListElement":[{"@type":"ListItem","position":1,"name":"Accueil","item":"https:\/\/stagingphytocontrol.shdesign.fr\/es\/accueil\/"},{"@type":"ListItem","position":2,"name":"AgriFood"}]},{"@type":"WebSite","@id":"https:\/\/stagingphytocontrol.shdesign.fr\/#website","url":"https:\/\/stagingphytocontrol.shdesign.fr\/","name":"Phytocontrol","description":"Laboratoire d&#039;analyses","potentialAction":[{"@type":"SearchAction","target":{"@type":"EntryPoint","urlTemplate":"https:\/\/stagingphytocontrol.shdesign.fr\/?s={search_term_string}"},"query-input":{"@type":"PropertyValueSpecification","valueRequired":true,"valueName":"search_term_string"}}],"inLanguage":"es-ES"}]}},"_links":{"self":[{"href":"https:\/\/stagingphytocontrol.shdesign.fr\/es\/wp-json\/wp\/v2\/pages\/9837","targetHints":{"allow":["GET"]}}],"collection":[{"href":"https:\/\/stagingphytocontrol.shdesign.fr\/es\/wp-json\/wp\/v2\/pages"}],"about":[{"href":"https:\/\/stagingphytocontrol.shdesign.fr\/es\/wp-json\/wp\/v2\/types\/page"}],"author":[{"embeddable":true,"href":"https:\/\/stagingphytocontrol.shdesign.fr\/es\/wp-json\/wp\/v2\/users\/8"}],"replies":[{"embeddable":true,"href":"https:\/\/stagingphytocontrol.shdesign.fr\/es\/wp-json\/wp\/v2\/comments?post=9837"}],"version-history":[{"count":0,"href":"https:\/\/stagingphytocontrol.shdesign.fr\/es\/wp-json\/wp\/v2\/pages\/9837\/revisions"}],"wp:attachment":[{"href":"https:\/\/stagingphytocontrol.shdesign.fr\/es\/wp-json\/wp\/v2\/media?parent=9837"}],"wp:term":[{"taxonomy":"page_category","embeddable":true,"href":"https:\/\/stagingphytocontrol.shdesign.fr\/es\/wp-json\/wp\/v2\/page_category?post=9837"}],"curies":[{"name":"wp","href":"https:\/\/api.w.org\/{rel}","templated":true}]}}