{"id":6076,"date":"2018-04-13T13:00:12","date_gmt":"2018-04-13T11:00:12","guid":{"rendered":"http:\/\/phytocontrolv2.local\/?page_id=6076"},"modified":"2024-06-18T09:53:05","modified_gmt":"2024-06-18T07:53:05","slug":"valores-nutricionales","status":"publish","type":"page","link":"https:\/\/stagingphytocontrol.shdesign.fr\/es\/nuestros-analisis\/valores-nutricionales\/","title":{"rendered":"Valores nutricionales"},"content":{"rendered":"","protected":false},"excerpt":{"rendered":"","protected":false},"author":2,"featured_media":0,"parent":9838,"menu_order":0,"comment_status":"closed","ping_status":"closed","template":"","meta":{"_acf_changed":false,"footnotes":""},"page_category":[],"class_list":["post-6076","page","type-page","status-publish","hentry"],"acf":[],"yoast_head":"<!-- This site is optimized with the Yoast SEO plugin v27.3 - https:\/\/yoast.com\/product\/yoast-seo-wordpress\/ -->\n<title>Valores nutricionales - Phytocontrol<\/title>\n<meta name=\"description\" content=\"Los valores nutricionales de sus an\u00e1lisis siguen rigurosamente el nuevo reglamento europeo INCO. El departamento de F\u00edsica y Qu\u00edmica de Alimentos de Phytocontrol le garantiza la mejor reactividad.\" \/>\n<meta name=\"robots\" content=\"noindex, follow, max-snippet:-1, max-image-preview:large, max-video-preview:-1\" \/>\n<meta property=\"og:locale\" content=\"es_ES\" \/>\n<meta property=\"og:type\" content=\"article\" \/>\n<meta property=\"og:title\" content=\"Valores nutricionales - Phytocontrol\" \/>\n<meta property=\"og:description\" content=\"Los valores nutricionales de sus an\u00e1lisis siguen rigurosamente el nuevo reglamento europeo INCO. El departamento de F\u00edsica y Qu\u00edmica de Alimentos de Phytocontrol le garantiza la mejor reactividad.\" \/>\n<meta property=\"og:url\" content=\"https:\/\/stagingphytocontrol.shdesign.fr\/es\/nuestros-analisis\/valores-nutricionales\/\" \/>\n<meta property=\"og:site_name\" content=\"Phytocontrol\" \/>\n<meta property=\"article:modified_time\" content=\"2024-06-18T07:53:05+00:00\" \/>\n<meta name=\"twitter:card\" content=\"summary_large_image\" \/>\n<script type=\"application\/ld+json\" class=\"yoast-schema-graph\">{\"@context\":\"https:\\\/\\\/schema.org\",\"@graph\":[{\"@type\":\"WebPage\",\"@id\":\"https:\\\/\\\/stagingphytocontrol.shdesign.fr\\\/es\\\/nuestros-analisis\\\/valores-nutricionales\\\/\",\"url\":\"https:\\\/\\\/stagingphytocontrol.shdesign.fr\\\/es\\\/nuestros-analisis\\\/valores-nutricionales\\\/\",\"name\":\"Valores nutricionales - Phytocontrol\",\"isPartOf\":{\"@id\":\"https:\\\/\\\/stagingphytocontrol.shdesign.fr\\\/#website\"},\"datePublished\":\"2018-04-13T11:00:12+00:00\",\"dateModified\":\"2024-06-18T07:53:05+00:00\",\"description\":\"Los valores nutricionales de sus an\u00e1lisis siguen rigurosamente el nuevo reglamento europeo INCO. El departamento de F\u00edsica y Qu\u00edmica de Alimentos de Phytocontrol le garantiza la mejor reactividad.\",\"breadcrumb\":{\"@id\":\"https:\\\/\\\/stagingphytocontrol.shdesign.fr\\\/es\\\/nuestros-analisis\\\/valores-nutricionales\\\/#breadcrumb\"},\"inLanguage\":\"es-ES\",\"potentialAction\":[{\"@type\":\"ReadAction\",\"target\":[\"https:\\\/\\\/stagingphytocontrol.shdesign.fr\\\/es\\\/nuestros-analisis\\\/valores-nutricionales\\\/\"]}]},{\"@type\":\"BreadcrumbList\",\"@id\":\"https:\\\/\\\/stagingphytocontrol.shdesign.fr\\\/es\\\/nuestros-analisis\\\/valores-nutricionales\\\/#breadcrumb\",\"itemListElement\":[{\"@type\":\"ListItem\",\"position\":1,\"name\":\"Accueil\",\"item\":\"https:\\\/\\\/stagingphytocontrol.shdesign.fr\\\/es\\\/accueil\\\/\"},{\"@type\":\"ListItem\",\"position\":2,\"name\":\"Valores nutricionales\"}]},{\"@type\":\"WebSite\",\"@id\":\"https:\\\/\\\/stagingphytocontrol.shdesign.fr\\\/#website\",\"url\":\"https:\\\/\\\/stagingphytocontrol.shdesign.fr\\\/\",\"name\":\"Phytocontrol\",\"description\":\"Laboratoire d&#039;analyses\",\"potentialAction\":[{\"@type\":\"SearchAction\",\"target\":{\"@type\":\"EntryPoint\",\"urlTemplate\":\"https:\\\/\\\/stagingphytocontrol.shdesign.fr\\\/?s={search_term_string}\"},\"query-input\":{\"@type\":\"PropertyValueSpecification\",\"valueRequired\":true,\"valueName\":\"search_term_string\"}}],\"inLanguage\":\"es-ES\"}]}<\/script>\n<!-- \/ Yoast SEO plugin. -->","yoast_head_json":{"title":"Valores nutricionales - Phytocontrol","description":"Los valores nutricionales de sus an\u00e1lisis siguen rigurosamente el nuevo reglamento europeo INCO. El departamento de F\u00edsica y Qu\u00edmica de Alimentos de Phytocontrol le garantiza la mejor reactividad.","robots":{"index":"noindex","follow":"follow","max-snippet":"max-snippet:-1","max-image-preview":"max-image-preview:large","max-video-preview":"max-video-preview:-1"},"og_locale":"es_ES","og_type":"article","og_title":"Valores nutricionales - Phytocontrol","og_description":"Los valores nutricionales de sus an\u00e1lisis siguen rigurosamente el nuevo reglamento europeo INCO. El departamento de F\u00edsica y Qu\u00edmica de Alimentos de Phytocontrol le garantiza la mejor reactividad.","og_url":"https:\/\/stagingphytocontrol.shdesign.fr\/es\/nuestros-analisis\/valores-nutricionales\/","og_site_name":"Phytocontrol","article_modified_time":"2024-06-18T07:53:05+00:00","twitter_card":"summary_large_image","schema":{"@context":"https:\/\/schema.org","@graph":[{"@type":"WebPage","@id":"https:\/\/stagingphytocontrol.shdesign.fr\/es\/nuestros-analisis\/valores-nutricionales\/","url":"https:\/\/stagingphytocontrol.shdesign.fr\/es\/nuestros-analisis\/valores-nutricionales\/","name":"Valores nutricionales - Phytocontrol","isPartOf":{"@id":"https:\/\/stagingphytocontrol.shdesign.fr\/#website"},"datePublished":"2018-04-13T11:00:12+00:00","dateModified":"2024-06-18T07:53:05+00:00","description":"Los valores nutricionales de sus an\u00e1lisis siguen rigurosamente el nuevo reglamento europeo INCO. El departamento de F\u00edsica y Qu\u00edmica de Alimentos de Phytocontrol le garantiza la mejor reactividad.","breadcrumb":{"@id":"https:\/\/stagingphytocontrol.shdesign.fr\/es\/nuestros-analisis\/valores-nutricionales\/#breadcrumb"},"inLanguage":"es-ES","potentialAction":[{"@type":"ReadAction","target":["https:\/\/stagingphytocontrol.shdesign.fr\/es\/nuestros-analisis\/valores-nutricionales\/"]}]},{"@type":"BreadcrumbList","@id":"https:\/\/stagingphytocontrol.shdesign.fr\/es\/nuestros-analisis\/valores-nutricionales\/#breadcrumb","itemListElement":[{"@type":"ListItem","position":1,"name":"Accueil","item":"https:\/\/stagingphytocontrol.shdesign.fr\/es\/accueil\/"},{"@type":"ListItem","position":2,"name":"Valores nutricionales"}]},{"@type":"WebSite","@id":"https:\/\/stagingphytocontrol.shdesign.fr\/#website","url":"https:\/\/stagingphytocontrol.shdesign.fr\/","name":"Phytocontrol","description":"Laboratoire d&#039;analyses","potentialAction":[{"@type":"SearchAction","target":{"@type":"EntryPoint","urlTemplate":"https:\/\/stagingphytocontrol.shdesign.fr\/?s={search_term_string}"},"query-input":{"@type":"PropertyValueSpecification","valueRequired":true,"valueName":"search_term_string"}}],"inLanguage":"es-ES"}]}},"_links":{"self":[{"href":"https:\/\/stagingphytocontrol.shdesign.fr\/es\/wp-json\/wp\/v2\/pages\/6076","targetHints":{"allow":["GET"]}}],"collection":[{"href":"https:\/\/stagingphytocontrol.shdesign.fr\/es\/wp-json\/wp\/v2\/pages"}],"about":[{"href":"https:\/\/stagingphytocontrol.shdesign.fr\/es\/wp-json\/wp\/v2\/types\/page"}],"author":[{"embeddable":true,"href":"https:\/\/stagingphytocontrol.shdesign.fr\/es\/wp-json\/wp\/v2\/users\/2"}],"replies":[{"embeddable":true,"href":"https:\/\/stagingphytocontrol.shdesign.fr\/es\/wp-json\/wp\/v2\/comments?post=6076"}],"version-history":[{"count":0,"href":"https:\/\/stagingphytocontrol.shdesign.fr\/es\/wp-json\/wp\/v2\/pages\/6076\/revisions"}],"up":[{"embeddable":true,"href":"https:\/\/stagingphytocontrol.shdesign.fr\/es\/wp-json\/wp\/v2\/pages\/9838"}],"wp:attachment":[{"href":"https:\/\/stagingphytocontrol.shdesign.fr\/es\/wp-json\/wp\/v2\/media?parent=6076"}],"wp:term":[{"taxonomy":"page_category","embeddable":true,"href":"https:\/\/stagingphytocontrol.shdesign.fr\/es\/wp-json\/wp\/v2\/page_category?post=6076"}],"curies":[{"name":"wp","href":"https:\/\/api.w.org\/{rel}","templated":true}]}}