{"id":525229,"date":"2026-03-06T13:30:39","date_gmt":"2026-03-06T12:30:39","guid":{"rendered":"https:\/\/stagingphytocontrol.shdesign.fr\/lost-password\/"},"modified":"2026-03-10T10:41:24","modified_gmt":"2026-03-10T09:41:24","slug":"contrasena-perdida","status":"publish","type":"page","link":"https:\/\/stagingphytocontrol.shdesign.fr\/es\/contrasena-perdida\/","title":{"rendered":"Contrasena perdida"},"content":{"rendered":"<section class=\"connexion_hub\">\n        <div class=\"connexion_hub__left\">\n            <div class=\"connexion_hub__left__content\">\n                            <picture class=\"connexion_hub__logo\">\n                  <img decoding=\"async\" width=\"232\" height=\"80\" src=\"https:\/\/stagingphytocontrol.shdesign.fr\/app\/uploads\/2026\/03\/logowhite.png\" class=\"attachment-full size-full\" alt=\"\" srcset=\"https:\/\/stagingphytocontrol.shdesign.fr\/app\/uploads\/2026\/03\/logowhite.png 232w, https:\/\/stagingphytocontrol.shdesign.fr\/app\/uploads\/2026\/03\/logowhite-222x77.png 222w\" sizes=\"(max-width: 232px) 100vw, 232px\" \/>\n              <\/picture>\n                <span class=\"connexion_hub__title\">\n                    <h1>Sp\u00e9cialiste de la s\u00e9curit\u00e9 sanitaire<br \/>\n<strong>des aliments et de l\u2019environnement<\/strong><\/h1>\n\n                <\/span>\n                          <\/div>\n        <\/div>\n        <div class=\"connexion_hub__right\">\n                                                    <h2>\u00bfOlvidaste tu contrase\u00f1a?<\/h2>\n<div>\n<div>No te preocupes, te enviaremos las instrucciones para restablecer tu contrase\u00f1a por correo electr\u00f3nico.<\/div>\n<\/div>\n\n                                              <div id=\"user-registration\" class=\"user-registration\">\n\n<div class=\"user-registration-message-container\">\n\t<\/div>\n\n<div class=\"ur-frontend-form login \" id=\"ur-frontend-form\">\n\t<form method=\"post\" class=\"user-registration-ResetPassword ur_lost_reset_password\">\n\t\t<div class=\"ur-form-row\">\n\t\t\t<div class=\"ur-form-grid\">\n\t\t\t\t<div class=\"ur-lost-password-content-container\">\n\n\t\t\t\t<p class=\"ur-lost-password-title\">\n\t\t\t\t\t\t\t\t<\/p>\n\t\t\t\t<p class=\"ur-lost-password-message\">\n\t\t\t\t\t\t\t\t\t<\/p>\n\t\t\t\t<\/div>\n\n\t\t\t\t<p class=\"user-registration-form-row user-registration-form-row--first form-row form-row-first\">\n\t\t\t\t\t<label for=\"user_login\">\n\t\t\t\t\t\tNombre de usuario o correo electr\u00f3nico\t\t\t\t\t\t<abbr class=\"required\" title=\"required\">*<\/abbr><\/label>\n\n\t\t\t\t\t<div class=\"ur-input-with-icon\">\n\t\t\t\t\t\t<svg xmlns=\"http:\/\/www.w3.org\/2000\/svg\" width=\"14\" height=\"15\" viewBox=\"0 0 14 15\" fill=\"none\" class=\"input-icon\">\n\t\t\t\t\t<path d=\"M2.33561 2.83301H11.6689C12.3106 2.83301 12.8356 3.35801 12.8356 3.99967V10.9997C12.8356 11.6413 12.3106 12.1663 11.6689 12.1663H2.33561C1.69395 12.1663 1.16895 11.6413 1.16895 10.9997V3.99967C1.16895 3.35801 1.69395 2.83301 2.33561 2.83301Z\" stroke=\"#858585\" stroke-linecap=\"round\" stroke-linejoin=\"round\"\/>\n\t\t\t\t\t\t<path d=\"M12.8356 4L7.00228 8.08333L1.16895 4\" stroke=\"#858585\" stroke-linecap=\"round\" stroke-linejoin=\"round\"\/>\n\t\t\t\t\t\t<\/svg>\n\t\t\t\t\t\t<input class=\"form-control user-registration-Input user-registration-Input--text\" type=\"text\" name=\"user_login\" id=\"user_login\" placeholder=\"Introduce tu correo electr\u00f3nico\" \/>\n\t\t\t\t<\/div>\n\n\t\t\t\t<\/p>\n\n\t\t\t\t<div class=\"clear\"><\/div>\n\n\t\t\t\t\n\t\t\t\t\n\t\t\t\t<p class=\"user-registration-form-row form-row\">\n\t\t\t\t\t<input type=\"hidden\" name=\"ur_reset_password\" value=\"true\" \/>\n\t\t\t\t\t<input type=\"submit\" class=\"user-registration-Button button ur-reset-password-btn\" value=\"restablecer contrase\u00f1a \"\/>\n\t\t\t\t<\/p>\n\n\t\t\t\t<input type=\"hidden\" id=\"_wpnonce\" name=\"_wpnonce\" value=\"968bc71234\" \/><input type=\"hidden\" name=\"_wp_http_referer\" value=\"\/es\/wp-json\/wp\/v2\/pages\/525229\" \/>\t\t\t<\/div>\n\t\t<\/div>\n\t<\/form>\n<\/div>\n<\/div>\n                          <\/div>\n<\/section>\n\n\n<p><\/p>\n","protected":false},"excerpt":{"rendered":"","protected":false},"author":1,"featured_media":0,"parent":0,"menu_order":0,"comment_status":"closed","ping_status":"closed","template":"","meta":{"_acf_changed":false,"footnotes":""},"page_category":[],"class_list":["post-525229","page","type-page","status-publish","hentry"],"acf":[],"yoast_head":"<!-- This site is optimized with the Yoast SEO plugin v27.3 - https:\/\/yoast.com\/product\/yoast-seo-wordpress\/ -->\n<title>Contrasena perdida - Phytocontrol<\/title>\n<meta name=\"robots\" content=\"noindex, follow, max-snippet:-1, max-image-preview:large, max-video-preview:-1\" \/>\n<meta property=\"og:locale\" content=\"es_ES\" \/>\n<meta property=\"og:type\" content=\"article\" \/>\n<meta property=\"og:title\" content=\"Contrasena perdida - Phytocontrol\" \/>\n<meta property=\"og:url\" content=\"https:\/\/stagingphytocontrol.shdesign.fr\/es\/contrasena-perdida\/\" \/>\n<meta property=\"og:site_name\" content=\"Phytocontrol\" \/>\n<meta property=\"article:modified_time\" content=\"2026-03-10T09:41:24+00:00\" \/>\n<meta name=\"twitter:card\" content=\"summary_large_image\" \/>\n<script type=\"application\/ld+json\" class=\"yoast-schema-graph\">{\"@context\":\"https:\\\/\\\/schema.org\",\"@graph\":[{\"@type\":\"WebPage\",\"@id\":\"https:\\\/\\\/stagingphytocontrol.shdesign.fr\\\/es\\\/contrasena-perdida\\\/\",\"url\":\"https:\\\/\\\/stagingphytocontrol.shdesign.fr\\\/es\\\/contrasena-perdida\\\/\",\"name\":\"Contrasena perdida - Phytocontrol\",\"isPartOf\":{\"@id\":\"https:\\\/\\\/stagingphytocontrol.shdesign.fr\\\/#website\"},\"datePublished\":\"2026-03-06T12:30:39+00:00\",\"dateModified\":\"2026-03-10T09:41:24+00:00\",\"breadcrumb\":{\"@id\":\"https:\\\/\\\/stagingphytocontrol.shdesign.fr\\\/es\\\/contrasena-perdida\\\/#breadcrumb\"},\"inLanguage\":\"es-ES\",\"potentialAction\":[{\"@type\":\"ReadAction\",\"target\":[\"https:\\\/\\\/stagingphytocontrol.shdesign.fr\\\/es\\\/contrasena-perdida\\\/\"]}]},{\"@type\":\"BreadcrumbList\",\"@id\":\"https:\\\/\\\/stagingphytocontrol.shdesign.fr\\\/es\\\/contrasena-perdida\\\/#breadcrumb\",\"itemListElement\":[{\"@type\":\"ListItem\",\"position\":1,\"name\":\"Accueil\",\"item\":\"https:\\\/\\\/stagingphytocontrol.shdesign.fr\\\/es\\\/accueil\\\/\"},{\"@type\":\"ListItem\",\"position\":2,\"name\":\"Contrasena perdida\"}]},{\"@type\":\"WebSite\",\"@id\":\"https:\\\/\\\/stagingphytocontrol.shdesign.fr\\\/#website\",\"url\":\"https:\\\/\\\/stagingphytocontrol.shdesign.fr\\\/\",\"name\":\"Phytocontrol\",\"description\":\"Laboratoire d&#039;analyses\",\"potentialAction\":[{\"@type\":\"SearchAction\",\"target\":{\"@type\":\"EntryPoint\",\"urlTemplate\":\"https:\\\/\\\/stagingphytocontrol.shdesign.fr\\\/?s={search_term_string}\"},\"query-input\":{\"@type\":\"PropertyValueSpecification\",\"valueRequired\":true,\"valueName\":\"search_term_string\"}}],\"inLanguage\":\"es-ES\"}]}<\/script>\n<!-- \/ Yoast SEO plugin. -->","yoast_head_json":{"title":"Contrasena perdida - Phytocontrol","robots":{"index":"noindex","follow":"follow","max-snippet":"max-snippet:-1","max-image-preview":"max-image-preview:large","max-video-preview":"max-video-preview:-1"},"og_locale":"es_ES","og_type":"article","og_title":"Contrasena perdida - Phytocontrol","og_url":"https:\/\/stagingphytocontrol.shdesign.fr\/es\/contrasena-perdida\/","og_site_name":"Phytocontrol","article_modified_time":"2026-03-10T09:41:24+00:00","twitter_card":"summary_large_image","schema":{"@context":"https:\/\/schema.org","@graph":[{"@type":"WebPage","@id":"https:\/\/stagingphytocontrol.shdesign.fr\/es\/contrasena-perdida\/","url":"https:\/\/stagingphytocontrol.shdesign.fr\/es\/contrasena-perdida\/","name":"Contrasena perdida - Phytocontrol","isPartOf":{"@id":"https:\/\/stagingphytocontrol.shdesign.fr\/#website"},"datePublished":"2026-03-06T12:30:39+00:00","dateModified":"2026-03-10T09:41:24+00:00","breadcrumb":{"@id":"https:\/\/stagingphytocontrol.shdesign.fr\/es\/contrasena-perdida\/#breadcrumb"},"inLanguage":"es-ES","potentialAction":[{"@type":"ReadAction","target":["https:\/\/stagingphytocontrol.shdesign.fr\/es\/contrasena-perdida\/"]}]},{"@type":"BreadcrumbList","@id":"https:\/\/stagingphytocontrol.shdesign.fr\/es\/contrasena-perdida\/#breadcrumb","itemListElement":[{"@type":"ListItem","position":1,"name":"Accueil","item":"https:\/\/stagingphytocontrol.shdesign.fr\/es\/accueil\/"},{"@type":"ListItem","position":2,"name":"Contrasena perdida"}]},{"@type":"WebSite","@id":"https:\/\/stagingphytocontrol.shdesign.fr\/#website","url":"https:\/\/stagingphytocontrol.shdesign.fr\/","name":"Phytocontrol","description":"Laboratoire d&#039;analyses","potentialAction":[{"@type":"SearchAction","target":{"@type":"EntryPoint","urlTemplate":"https:\/\/stagingphytocontrol.shdesign.fr\/?s={search_term_string}"},"query-input":{"@type":"PropertyValueSpecification","valueRequired":true,"valueName":"search_term_string"}}],"inLanguage":"es-ES"}]}},"_links":{"self":[{"href":"https:\/\/stagingphytocontrol.shdesign.fr\/es\/wp-json\/wp\/v2\/pages\/525229","targetHints":{"allow":["GET"]}}],"collection":[{"href":"https:\/\/stagingphytocontrol.shdesign.fr\/es\/wp-json\/wp\/v2\/pages"}],"about":[{"href":"https:\/\/stagingphytocontrol.shdesign.fr\/es\/wp-json\/wp\/v2\/types\/page"}],"author":[{"embeddable":true,"href":"https:\/\/stagingphytocontrol.shdesign.fr\/es\/wp-json\/wp\/v2\/users\/1"}],"replies":[{"embeddable":true,"href":"https:\/\/stagingphytocontrol.shdesign.fr\/es\/wp-json\/wp\/v2\/comments?post=525229"}],"version-history":[{"count":0,"href":"https:\/\/stagingphytocontrol.shdesign.fr\/es\/wp-json\/wp\/v2\/pages\/525229\/revisions"}],"wp:attachment":[{"href":"https:\/\/stagingphytocontrol.shdesign.fr\/es\/wp-json\/wp\/v2\/media?parent=525229"}],"wp:term":[{"taxonomy":"page_category","embeddable":true,"href":"https:\/\/stagingphytocontrol.shdesign.fr\/es\/wp-json\/wp\/v2\/page_category?post=525229"}],"curies":[{"name":"wp","href":"https:\/\/api.w.org\/{rel}","templated":true}]}}