{"id":519379,"date":"2025-01-16T13:37:11","date_gmt":"2025-01-16T12:37:11","guid":{"rendered":"https:\/\/stagingphytocontrol.shdesign.fr\/?page_id=519379"},"modified":"2026-01-15T17:43:04","modified_gmt":"2026-01-15T16:43:04","slug":"revision-de-la-normativa","status":"publish","type":"page","link":"https:\/\/stagingphytocontrol.shdesign.fr\/es\/revision-de-la-normativa\/","title":{"rendered":"Revisi\u00f3n de la normativa"},"content":{"rendered":"\n<p>Texte<\/p>\n\n\n\n<p>Nuestro equipo de seguimiento normativo le ofrece un resumen exhaustivo de los cambios legislativos m\u00e1s significativos.<\/p>\n\n\n\n<p>no-repeat;center top;; auto uk-margin-left 9 masonry tiles 3 h2 revision-de-la-normativa date DESC page-actualites Pourquoi choisir Phytocontrol<\/p>\n\n\n\n<h3 class=\"wp-block-heading\">Por qu\u00e9 elegir Phytocontrol<\/h3>\n\n\n\n<p>no-repeat;center top;; auto Texte SEO<\/p>\n\n\n\n<p>Phytocontrol es un proyecto tecnol\u00f3gico y humano que responde a los retos sociales de la seguridad del agua y de los alimentos con proximidad, experiencia, reactividad y fiabilidad. El Laboratorio le ofrece las soluciones m\u00e1s fiables, innovadoras y eco-responsables para garantizarle la mejor experiencia europea. Un paso adelante en tecnolog\u00eda, Phytocontrol desarrolla su propio Sistema de Informaci\u00f3n a trav\u00e9s de un Datacenter de \u00faltima generaci\u00f3n e innova con su propio sistema de seguimiento del progreso de la muestra. La anticipaci\u00f3n es el credo de Phytocontrol y es su intenci\u00f3n mantenerse a la cabeza!<\/p>\n\n\n\n<p>no-repeat;center top;; auto fadeInUp animate-delay-200 Proximidad h4<\/p>\n\n\n\n<p>Estamos disponible en toda <br> Francia (agencias regionales de <br> proximidad)<\/p>\n\n\n\n<p>icon-lamp<\/p>\n\n\n\n<figure class=\"wp-block-image\"><img decoding=\"async\" src=\"https:\/\/stagingphytocontrol.shdesign.fr\/app\/uploads\/2024\/05\/proximite-2.svg\" alt=\"\"\/><\/figure>\n\n\n\n<p>top fadeInUp Expertos h4<\/p>\n\n\n\n<p>Los an\u00e1lisis de contaminantes: nuestro know-how hist\u00f3rico<\/p>\n\n\n\n<p>icon-lamp<\/p>\n\n\n\n<figure class=\"wp-block-image\"><img decoding=\"async\" src=\"https:\/\/stagingphytocontrol.shdesign.fr\/app\/uploads\/2024\/05\/expertise-4.svg\" alt=\"\"\/><\/figure>\n\n\n\n<p>top fadeInUp animate-delay-200 Reactividad h4<\/p>\n\n\n\n<p>Le garantizamos la <br> disponibilidad de sus resultados de an\u00e1lisis en rutina de 2 a 6 dias<\/p>\n\n\n\n<p>icon-lamp<\/p>\n\n\n\n<figure class=\"wp-block-image\"><img decoding=\"async\" src=\"https:\/\/stagingphytocontrol.shdesign.fr\/app\/uploads\/2024\/05\/reactivite-1.svg\" alt=\"\"\/><\/figure>\n\n\n\n<p>top fadeInUp animate-delay-400 Fiabilidad h4<\/p>\n\n\n\n<p>Nuestras b\u00fasquedas son <br> realizadas con la preocupaci\u00f3n <br> de aportaros la m\u00e1xima fiabilidad anal\u00edtica<\/p>\n\n\n\n<p>icon-lamp<\/p>\n\n\n\n<figure class=\"wp-block-image\"><img decoding=\"async\" src=\"https:\/\/stagingphytocontrol.shdesign.fr\/app\/uploads\/2024\/05\/fiabilite-1.svg\" alt=\"\"\/><\/figure>\n\n\n\n<p>top fadeInUp animate-delay-800 Comencemos su proyecto juntos <a href=\"\/es\/contactos-accesos\/\">\/es\/contactos-accesos\/<\/a>\ncenter\nleft\n2<\/p>\n","protected":false},"excerpt":{"rendered":"<p>Texte Nuestro equipo de seguimiento normativo le ofrece un resumen exhaustivo de los cambios legislativos&hellip;<\/p>\n","protected":false},"author":8,"featured_media":0,"parent":0,"menu_order":0,"comment_status":"closed","ping_status":"closed","template":"","meta":{"_acf_changed":false,"footnotes":""},"page_category":[],"class_list":["post-519379","page","type-page","status-publish","hentry"],"acf":[],"yoast_head":"<!-- This site is optimized with the Yoast SEO plugin v27.3 - https:\/\/yoast.com\/product\/yoast-seo-wordpress\/ -->\n<title>Revisi\u00f3n de la normativa - Phytocontrol<\/title>\n<meta name=\"robots\" content=\"noindex, follow, max-snippet:-1, max-image-preview:large, max-video-preview:-1\" \/>\n<meta property=\"og:locale\" content=\"es_ES\" \/>\n<meta property=\"og:type\" content=\"article\" \/>\n<meta property=\"og:title\" content=\"Revisi\u00f3n de la normativa - Phytocontrol\" \/>\n<meta property=\"og:description\" content=\"Texte Nuestro equipo de seguimiento normativo le ofrece un resumen exhaustivo de los cambios legislativos&hellip;\" \/>\n<meta property=\"og:url\" content=\"https:\/\/stagingphytocontrol.shdesign.fr\/es\/revision-de-la-normativa\/\" \/>\n<meta property=\"og:site_name\" content=\"Phytocontrol\" \/>\n<meta property=\"article:modified_time\" content=\"2026-01-15T16:43:04+00:00\" \/>\n<meta property=\"og:image\" content=\"https:\/\/stagingphytocontrol.shdesign.fr\/app\/uploads\/2024\/05\/proximite-2.svg\" \/>\n<meta name=\"twitter:card\" content=\"summary_large_image\" \/>\n<meta name=\"twitter:label1\" content=\"Tiempo de lectura\" \/>\n\t<meta name=\"twitter:data1\" content=\"1 minute\" \/>\n<script type=\"application\/ld+json\" class=\"yoast-schema-graph\">{\"@context\":\"https:\\\/\\\/schema.org\",\"@graph\":[{\"@type\":\"WebPage\",\"@id\":\"https:\\\/\\\/stagingphytocontrol.shdesign.fr\\\/es\\\/revision-de-la-normativa\\\/\",\"url\":\"https:\\\/\\\/stagingphytocontrol.shdesign.fr\\\/es\\\/revision-de-la-normativa\\\/\",\"name\":\"Revisi\u00f3n de la normativa - Phytocontrol\",\"isPartOf\":{\"@id\":\"https:\\\/\\\/stagingphytocontrol.shdesign.fr\\\/#website\"},\"primaryImageOfPage\":{\"@id\":\"https:\\\/\\\/stagingphytocontrol.shdesign.fr\\\/es\\\/revision-de-la-normativa\\\/#primaryimage\"},\"image\":{\"@id\":\"https:\\\/\\\/stagingphytocontrol.shdesign.fr\\\/es\\\/revision-de-la-normativa\\\/#primaryimage\"},\"thumbnailUrl\":\"https:\\\/\\\/stagingphytocontrol.shdesign.fr\\\/app\\\/uploads\\\/2024\\\/05\\\/proximite-2.svg\",\"datePublished\":\"2025-01-16T12:37:11+00:00\",\"dateModified\":\"2026-01-15T16:43:04+00:00\",\"breadcrumb\":{\"@id\":\"https:\\\/\\\/stagingphytocontrol.shdesign.fr\\\/es\\\/revision-de-la-normativa\\\/#breadcrumb\"},\"inLanguage\":\"es-ES\",\"potentialAction\":[{\"@type\":\"ReadAction\",\"target\":[\"https:\\\/\\\/stagingphytocontrol.shdesign.fr\\\/es\\\/revision-de-la-normativa\\\/\"]}]},{\"@type\":\"ImageObject\",\"inLanguage\":\"es-ES\",\"@id\":\"https:\\\/\\\/stagingphytocontrol.shdesign.fr\\\/es\\\/revision-de-la-normativa\\\/#primaryimage\",\"url\":\"https:\\\/\\\/stagingphytocontrol.shdesign.fr\\\/app\\\/uploads\\\/2024\\\/05\\\/proximite-2.svg\",\"contentUrl\":\"https:\\\/\\\/stagingphytocontrol.shdesign.fr\\\/app\\\/uploads\\\/2024\\\/05\\\/proximite-2.svg\"},{\"@type\":\"BreadcrumbList\",\"@id\":\"https:\\\/\\\/stagingphytocontrol.shdesign.fr\\\/es\\\/revision-de-la-normativa\\\/#breadcrumb\",\"itemListElement\":[{\"@type\":\"ListItem\",\"position\":1,\"name\":\"Accueil\",\"item\":\"https:\\\/\\\/stagingphytocontrol.shdesign.fr\\\/es\\\/accueil\\\/\"},{\"@type\":\"ListItem\",\"position\":2,\"name\":\"Revisi\u00f3n de la normativa\"}]},{\"@type\":\"WebSite\",\"@id\":\"https:\\\/\\\/stagingphytocontrol.shdesign.fr\\\/#website\",\"url\":\"https:\\\/\\\/stagingphytocontrol.shdesign.fr\\\/\",\"name\":\"Phytocontrol\",\"description\":\"Laboratoire d&#039;analyses\",\"potentialAction\":[{\"@type\":\"SearchAction\",\"target\":{\"@type\":\"EntryPoint\",\"urlTemplate\":\"https:\\\/\\\/stagingphytocontrol.shdesign.fr\\\/?s={search_term_string}\"},\"query-input\":{\"@type\":\"PropertyValueSpecification\",\"valueRequired\":true,\"valueName\":\"search_term_string\"}}],\"inLanguage\":\"es-ES\"}]}<\/script>\n<!-- \/ Yoast SEO plugin. -->","yoast_head_json":{"title":"Revisi\u00f3n de la normativa - Phytocontrol","robots":{"index":"noindex","follow":"follow","max-snippet":"max-snippet:-1","max-image-preview":"max-image-preview:large","max-video-preview":"max-video-preview:-1"},"og_locale":"es_ES","og_type":"article","og_title":"Revisi\u00f3n de la normativa - Phytocontrol","og_description":"Texte Nuestro equipo de seguimiento normativo le ofrece un resumen exhaustivo de los cambios legislativos&hellip;","og_url":"https:\/\/stagingphytocontrol.shdesign.fr\/es\/revision-de-la-normativa\/","og_site_name":"Phytocontrol","article_modified_time":"2026-01-15T16:43:04+00:00","og_image":[{"url":"https:\/\/stagingphytocontrol.shdesign.fr\/app\/uploads\/2024\/05\/proximite-2.svg","type":"","width":"","height":""}],"twitter_card":"summary_large_image","twitter_misc":{"Tiempo de lectura":"1 minute"},"schema":{"@context":"https:\/\/schema.org","@graph":[{"@type":"WebPage","@id":"https:\/\/stagingphytocontrol.shdesign.fr\/es\/revision-de-la-normativa\/","url":"https:\/\/stagingphytocontrol.shdesign.fr\/es\/revision-de-la-normativa\/","name":"Revisi\u00f3n de la normativa - Phytocontrol","isPartOf":{"@id":"https:\/\/stagingphytocontrol.shdesign.fr\/#website"},"primaryImageOfPage":{"@id":"https:\/\/stagingphytocontrol.shdesign.fr\/es\/revision-de-la-normativa\/#primaryimage"},"image":{"@id":"https:\/\/stagingphytocontrol.shdesign.fr\/es\/revision-de-la-normativa\/#primaryimage"},"thumbnailUrl":"https:\/\/stagingphytocontrol.shdesign.fr\/app\/uploads\/2024\/05\/proximite-2.svg","datePublished":"2025-01-16T12:37:11+00:00","dateModified":"2026-01-15T16:43:04+00:00","breadcrumb":{"@id":"https:\/\/stagingphytocontrol.shdesign.fr\/es\/revision-de-la-normativa\/#breadcrumb"},"inLanguage":"es-ES","potentialAction":[{"@type":"ReadAction","target":["https:\/\/stagingphytocontrol.shdesign.fr\/es\/revision-de-la-normativa\/"]}]},{"@type":"ImageObject","inLanguage":"es-ES","@id":"https:\/\/stagingphytocontrol.shdesign.fr\/es\/revision-de-la-normativa\/#primaryimage","url":"https:\/\/stagingphytocontrol.shdesign.fr\/app\/uploads\/2024\/05\/proximite-2.svg","contentUrl":"https:\/\/stagingphytocontrol.shdesign.fr\/app\/uploads\/2024\/05\/proximite-2.svg"},{"@type":"BreadcrumbList","@id":"https:\/\/stagingphytocontrol.shdesign.fr\/es\/revision-de-la-normativa\/#breadcrumb","itemListElement":[{"@type":"ListItem","position":1,"name":"Accueil","item":"https:\/\/stagingphytocontrol.shdesign.fr\/es\/accueil\/"},{"@type":"ListItem","position":2,"name":"Revisi\u00f3n de la normativa"}]},{"@type":"WebSite","@id":"https:\/\/stagingphytocontrol.shdesign.fr\/#website","url":"https:\/\/stagingphytocontrol.shdesign.fr\/","name":"Phytocontrol","description":"Laboratoire d&#039;analyses","potentialAction":[{"@type":"SearchAction","target":{"@type":"EntryPoint","urlTemplate":"https:\/\/stagingphytocontrol.shdesign.fr\/?s={search_term_string}"},"query-input":{"@type":"PropertyValueSpecification","valueRequired":true,"valueName":"search_term_string"}}],"inLanguage":"es-ES"}]}},"_links":{"self":[{"href":"https:\/\/stagingphytocontrol.shdesign.fr\/es\/wp-json\/wp\/v2\/pages\/519379","targetHints":{"allow":["GET"]}}],"collection":[{"href":"https:\/\/stagingphytocontrol.shdesign.fr\/es\/wp-json\/wp\/v2\/pages"}],"about":[{"href":"https:\/\/stagingphytocontrol.shdesign.fr\/es\/wp-json\/wp\/v2\/types\/page"}],"author":[{"embeddable":true,"href":"https:\/\/stagingphytocontrol.shdesign.fr\/es\/wp-json\/wp\/v2\/users\/8"}],"replies":[{"embeddable":true,"href":"https:\/\/stagingphytocontrol.shdesign.fr\/es\/wp-json\/wp\/v2\/comments?post=519379"}],"version-history":[{"count":0,"href":"https:\/\/stagingphytocontrol.shdesign.fr\/es\/wp-json\/wp\/v2\/pages\/519379\/revisions"}],"wp:attachment":[{"href":"https:\/\/stagingphytocontrol.shdesign.fr\/es\/wp-json\/wp\/v2\/media?parent=519379"}],"wp:term":[{"taxonomy":"page_category","embeddable":true,"href":"https:\/\/stagingphytocontrol.shdesign.fr\/es\/wp-json\/wp\/v2\/page_category?post=519379"}],"curies":[{"name":"wp","href":"https:\/\/api.w.org\/{rel}","templated":true}]}}