{"id":22120,"date":"2021-03-18T15:50:18","date_gmt":"2021-03-18T14:50:18","guid":{"rendered":"https:\/\/stagingphytocontrol.shdesign.fr\/?page_id=22120"},"modified":"2026-01-15T17:43:18","modified_gmt":"2026-01-15T16:43:18","slug":"productos-lacteos-carnicos-mariscos-y-huevos","status":"publish","type":"page","link":"https:\/\/stagingphytocontrol.shdesign.fr\/es\/agrifood\/productos-lacteos-carnicos-mariscos-y-huevos\/","title":{"rendered":"Productos l\u00e1cteos, c\u00e1rnicos, mariscos y huevos"},"content":{"rendered":"\n<p>Nos analyses<\/p>\n\n\n\n<p><strong>Los productos de origen animal se derivan del cuerpo de un animal, como la grasa, la carne, la leche, los huevos, as\u00ed como los alimentos elaborados con carne o pescado.<\/strong><\/p>\n\n\n\n<p>La calidad y la seguridad de los productos l\u00e1cteos, c\u00e1rnicos, mariscos y huevos est\u00e1n muy regulados en Francia y en Europa. Nuestros laboratorios desarrollan m\u00e9todos innovadores para satisfacer sus necesidades y garantizar un control proactivo de las normativas en los productos de origen animal.<\/p>\n\n\n\n<p>no-repeat;center top;; auto fadeInUp<\/p>\n\n\n\n<figure class=\"wp-block-image\"><img decoding=\"async\" src=\"https:\/\/stagingphytocontrol.shdesign.fr\/app\/uploads\/2021\/02\/filiere-lait.jpg\" alt=\"filiere-lait\"\/><\/figure>\n\n\n\n<p>Productos l\u00e1cteos <a href=\"\/agrifood\/produits-laitiers\/\">\/agrifood\/produits-laitiers\/<\/a> Produits laitiers<\/p>\n\n\n\n<p>Los productos l\u00e1cteos se refieren a las leches de diferentes especies animales y a los productos procesados elaborados a partir de estas leches.<\/p>\n\n\n\n<p><a href=\"\/agrifood\/produits-laitiers\/\" target=\"_self\" class=\"en-savoir-plus-full\">Nuestra oferta <\/a> justify no-repeat;center top;; auto description<\/p>\n\n\n\n<figure class=\"wp-block-image\"><img decoding=\"async\" src=\"https:\/\/stagingphytocontrol.shdesign.fr\/app\/uploads\/2021\/02\/filiere-carne.jpg\" alt=\"filiere-carne\"\/><\/figure>\n\n\n\n<p>Productos c\u00e1rnicos <a href=\"\/es\/agrifood\/productos-carnicos\/\">\/es\/agrifood\/productos-carnicos\/<\/a> Produits carn\u00e9s<\/p>\n\n\n\n<p>La carne y otros productos c\u00e1rnicos tienen diferentes intereses nutricionales que son esenciales para nuestro organismo.<\/p>\n\n\n\n<p><a href=\"\/es\/agrifood\/productos-carnicos\/\" target=\"_self\" class=\"en-savoir-plus-full\">Lo que ofrecemos <\/a> justify no-repeat;center top;; auto description<\/p>\n\n\n\n<figure class=\"wp-block-image\"><img decoding=\"async\" src=\"https:\/\/stagingphytocontrol.shdesign.fr\/app\/uploads\/2021\/02\/filiere-maree.jpg\" alt=\"filiere-maree\"\/><\/figure>\n\n\n\n<p>Productos del mar <a href=\"\/es\/agrifood\/productos-del-mar\/\">\/es\/agrifood\/productos-del-mar\/<\/a> Produits de la mer<\/p>\n\n\n\n<p>Los productos de la pesca incluyen todas las especies marinas y sus productos derivados destinados al consumo humano.<\/p>\n\n\n\n<p><a href=\"\/es\/agrifood\/productos-del-mar\/\" target=\"_self\" class=\"en-savoir-plus-full\">Nuestra oferta <\/a> justify no-repeat;center top;; auto description Pourquoi choisir Phytocontrol<\/p>\n\n\n\n<h3 class=\"wp-block-heading\">Por qu\u00e9 elegir Phytocontrol<\/h3>\n\n\n\n<p>no-repeat;center top;; auto Texte SEO<\/p>\n\n\n\n<p>Phytocontrol es un proyecto tecnol\u00f3gico y humano que responde a los retos sociales de la seguridad del agua y de los alimentos con proximidad, experiencia, reactividad y fiabilidad. El Laboratorio le ofrece las soluciones m\u00e1s fiables, innovadoras y eco-responsables para garantizarle la mejor experiencia europea. Un paso adelante en tecnolog\u00eda, Phytocontrol desarrolla su propio Sistema de Informaci\u00f3n a trav\u00e9s de un Datacenter de \u00faltima generaci\u00f3n e innova con su propio sistema de seguimiento del progreso de la muestra. La anticipaci\u00f3n es el credo de Phytocontrol y es su intenci\u00f3n mantenerse a la cabeza!<\/p>\n\n\n\n<p>no-repeat;center top;; auto fadeInUp animate-delay-200 Proximidad h4<\/p>\n\n\n\n<p>Estamos disponible en toda <br> Francia (agencias regionales de <br> proximidad)<\/p>\n\n\n\n<p>icon-lamp<\/p>\n\n\n\n<figure class=\"wp-block-image\"><img decoding=\"async\" src=\"\/app\/uploads\/2019\/06\/accueil-proximite.svg\" alt=\"\"\/><\/figure>\n\n\n\n<p>top fadeInUp Expertos h4<\/p>\n\n\n\n<p>Los an\u00e1lisis de contaminantes: nuestro know-how hist\u00f3rico<\/p>\n\n\n\n<p>icon-lamp<\/p>\n\n\n\n<figure class=\"wp-block-image\"><img decoding=\"async\" src=\"\/app\/uploads\/2019\/06\/accueil-expertise.svg\" alt=\"\"\/><\/figure>\n\n\n\n<p>top fadeInUp animate-delay-200 Reactividad h4<\/p>\n\n\n\n<p>Le garantizamos la <br> disponibilidad de sus resultados de an\u00e1lisis en rutina de 2 a 6 dias<\/p>\n\n\n\n<p>icon-lamp<\/p>\n\n\n\n<figure class=\"wp-block-image\"><img decoding=\"async\" src=\"\/app\/uploads\/2019\/06\/accueil-expertise.svg\" alt=\"\"\/><\/figure>\n\n\n\n<p>top fadeInUp animate-delay-400 Fiabilidad h4<\/p>\n\n\n\n<p>Nuestras b\u00fasquedas son <br> realizadas con la preocupaci\u00f3n <br> de aportaros la m\u00e1xima fiabilidad anal\u00edtica<\/p>\n\n\n\n<p>icon-lamp<\/p>\n\n\n\n<figure class=\"wp-block-image\"><img decoding=\"async\" src=\"\/app\/uploads\/2019\/06\/accueil-fiabilite.svg\" alt=\"\"\/><\/figure>\n\n\n\n<p>top fadeInUp animate-delay-800 Comencemos su proyecto juntos <a href=\"\/es\/contactos-accesos\/\">\/es\/contactos-accesos\/<\/a>\ncenter\nleft\n2<\/p>\n","protected":false},"excerpt":{"rendered":"<p>Nos analyses Los productos de origen animal se derivan del cuerpo de un animal, como&hellip;<\/p>\n","protected":false},"author":8,"featured_media":0,"parent":9837,"menu_order":0,"comment_status":"closed","ping_status":"closed","template":"","meta":{"_acf_changed":false,"footnotes":""},"page_category":[],"class_list":["post-22120","page","type-page","status-publish","hentry"],"acf":[],"yoast_head":"<!-- This site is optimized with the Yoast SEO plugin v27.3 - https:\/\/yoast.com\/product\/yoast-seo-wordpress\/ -->\n<title>Productos l\u00e1cteos, c\u00e1rnicos, mariscos y huevos - Phytocontrol<\/title>\n<meta name=\"robots\" content=\"noindex, follow, max-snippet:-1, max-image-preview:large, max-video-preview:-1\" \/>\n<meta property=\"og:locale\" content=\"es_ES\" \/>\n<meta property=\"og:type\" content=\"article\" \/>\n<meta property=\"og:title\" content=\"Productos l\u00e1cteos, c\u00e1rnicos, mariscos y huevos - Phytocontrol\" \/>\n<meta property=\"og:description\" content=\"Nos analyses Los productos de origen animal se derivan del cuerpo de un animal, como&hellip;\" \/>\n<meta property=\"og:url\" content=\"https:\/\/stagingphytocontrol.shdesign.fr\/es\/agrifood\/productos-lacteos-carnicos-mariscos-y-huevos\/\" \/>\n<meta property=\"og:site_name\" content=\"Phytocontrol\" \/>\n<meta property=\"article:modified_time\" content=\"2026-01-15T16:43:18+00:00\" \/>\n<meta property=\"og:image\" content=\"https:\/\/stagingphytocontrol.shdesign.fr\/app\/uploads\/2021\/02\/filiere-lait.jpg\" \/>\n<meta name=\"twitter:card\" content=\"summary_large_image\" \/>\n<meta name=\"twitter:label1\" content=\"Tiempo de lectura\" \/>\n\t<meta name=\"twitter:data1\" content=\"2 minutes\" \/>\n<script type=\"application\/ld+json\" class=\"yoast-schema-graph\">{\"@context\":\"https:\\\/\\\/schema.org\",\"@graph\":[{\"@type\":\"WebPage\",\"@id\":\"https:\\\/\\\/stagingphytocontrol.shdesign.fr\\\/es\\\/agrifood\\\/productos-lacteos-carnicos-mariscos-y-huevos\\\/\",\"url\":\"https:\\\/\\\/stagingphytocontrol.shdesign.fr\\\/es\\\/agrifood\\\/productos-lacteos-carnicos-mariscos-y-huevos\\\/\",\"name\":\"Productos l\u00e1cteos, c\u00e1rnicos, mariscos y huevos - Phytocontrol\",\"isPartOf\":{\"@id\":\"https:\\\/\\\/stagingphytocontrol.shdesign.fr\\\/#website\"},\"primaryImageOfPage\":{\"@id\":\"https:\\\/\\\/stagingphytocontrol.shdesign.fr\\\/es\\\/agrifood\\\/productos-lacteos-carnicos-mariscos-y-huevos\\\/#primaryimage\"},\"image\":{\"@id\":\"https:\\\/\\\/stagingphytocontrol.shdesign.fr\\\/es\\\/agrifood\\\/productos-lacteos-carnicos-mariscos-y-huevos\\\/#primaryimage\"},\"thumbnailUrl\":\"https:\\\/\\\/stagingphytocontrol.shdesign.fr\\\/app\\\/uploads\\\/2021\\\/02\\\/filiere-lait.jpg\",\"datePublished\":\"2021-03-18T14:50:18+00:00\",\"dateModified\":\"2026-01-15T16:43:18+00:00\",\"breadcrumb\":{\"@id\":\"https:\\\/\\\/stagingphytocontrol.shdesign.fr\\\/es\\\/agrifood\\\/productos-lacteos-carnicos-mariscos-y-huevos\\\/#breadcrumb\"},\"inLanguage\":\"es-ES\",\"potentialAction\":[{\"@type\":\"ReadAction\",\"target\":[\"https:\\\/\\\/stagingphytocontrol.shdesign.fr\\\/es\\\/agrifood\\\/productos-lacteos-carnicos-mariscos-y-huevos\\\/\"]}]},{\"@type\":\"ImageObject\",\"inLanguage\":\"es-ES\",\"@id\":\"https:\\\/\\\/stagingphytocontrol.shdesign.fr\\\/es\\\/agrifood\\\/productos-lacteos-carnicos-mariscos-y-huevos\\\/#primaryimage\",\"url\":\"https:\\\/\\\/stagingphytocontrol.shdesign.fr\\\/app\\\/uploads\\\/2021\\\/02\\\/filiere-lait.jpg\",\"contentUrl\":\"https:\\\/\\\/stagingphytocontrol.shdesign.fr\\\/app\\\/uploads\\\/2021\\\/02\\\/filiere-lait.jpg\"},{\"@type\":\"BreadcrumbList\",\"@id\":\"https:\\\/\\\/stagingphytocontrol.shdesign.fr\\\/es\\\/agrifood\\\/productos-lacteos-carnicos-mariscos-y-huevos\\\/#breadcrumb\",\"itemListElement\":[{\"@type\":\"ListItem\",\"position\":1,\"name\":\"Accueil\",\"item\":\"https:\\\/\\\/stagingphytocontrol.shdesign.fr\\\/es\\\/accueil\\\/\"},{\"@type\":\"ListItem\",\"position\":2,\"name\":\"Productos l\u00e1cteos, c\u00e1rnicos, mariscos y huevos\"}]},{\"@type\":\"WebSite\",\"@id\":\"https:\\\/\\\/stagingphytocontrol.shdesign.fr\\\/#website\",\"url\":\"https:\\\/\\\/stagingphytocontrol.shdesign.fr\\\/\",\"name\":\"Phytocontrol\",\"description\":\"Laboratoire d&#039;analyses\",\"potentialAction\":[{\"@type\":\"SearchAction\",\"target\":{\"@type\":\"EntryPoint\",\"urlTemplate\":\"https:\\\/\\\/stagingphytocontrol.shdesign.fr\\\/?s={search_term_string}\"},\"query-input\":{\"@type\":\"PropertyValueSpecification\",\"valueRequired\":true,\"valueName\":\"search_term_string\"}}],\"inLanguage\":\"es-ES\"}]}<\/script>\n<!-- \/ Yoast SEO plugin. -->","yoast_head_json":{"title":"Productos l\u00e1cteos, c\u00e1rnicos, mariscos y huevos - Phytocontrol","robots":{"index":"noindex","follow":"follow","max-snippet":"max-snippet:-1","max-image-preview":"max-image-preview:large","max-video-preview":"max-video-preview:-1"},"og_locale":"es_ES","og_type":"article","og_title":"Productos l\u00e1cteos, c\u00e1rnicos, mariscos y huevos - Phytocontrol","og_description":"Nos analyses Los productos de origen animal se derivan del cuerpo de un animal, como&hellip;","og_url":"https:\/\/stagingphytocontrol.shdesign.fr\/es\/agrifood\/productos-lacteos-carnicos-mariscos-y-huevos\/","og_site_name":"Phytocontrol","article_modified_time":"2026-01-15T16:43:18+00:00","og_image":[{"url":"https:\/\/stagingphytocontrol.shdesign.fr\/app\/uploads\/2021\/02\/filiere-lait.jpg","type":"","width":"","height":""}],"twitter_card":"summary_large_image","twitter_misc":{"Tiempo de lectura":"2 minutes"},"schema":{"@context":"https:\/\/schema.org","@graph":[{"@type":"WebPage","@id":"https:\/\/stagingphytocontrol.shdesign.fr\/es\/agrifood\/productos-lacteos-carnicos-mariscos-y-huevos\/","url":"https:\/\/stagingphytocontrol.shdesign.fr\/es\/agrifood\/productos-lacteos-carnicos-mariscos-y-huevos\/","name":"Productos l\u00e1cteos, c\u00e1rnicos, mariscos y huevos - Phytocontrol","isPartOf":{"@id":"https:\/\/stagingphytocontrol.shdesign.fr\/#website"},"primaryImageOfPage":{"@id":"https:\/\/stagingphytocontrol.shdesign.fr\/es\/agrifood\/productos-lacteos-carnicos-mariscos-y-huevos\/#primaryimage"},"image":{"@id":"https:\/\/stagingphytocontrol.shdesign.fr\/es\/agrifood\/productos-lacteos-carnicos-mariscos-y-huevos\/#primaryimage"},"thumbnailUrl":"https:\/\/stagingphytocontrol.shdesign.fr\/app\/uploads\/2021\/02\/filiere-lait.jpg","datePublished":"2021-03-18T14:50:18+00:00","dateModified":"2026-01-15T16:43:18+00:00","breadcrumb":{"@id":"https:\/\/stagingphytocontrol.shdesign.fr\/es\/agrifood\/productos-lacteos-carnicos-mariscos-y-huevos\/#breadcrumb"},"inLanguage":"es-ES","potentialAction":[{"@type":"ReadAction","target":["https:\/\/stagingphytocontrol.shdesign.fr\/es\/agrifood\/productos-lacteos-carnicos-mariscos-y-huevos\/"]}]},{"@type":"ImageObject","inLanguage":"es-ES","@id":"https:\/\/stagingphytocontrol.shdesign.fr\/es\/agrifood\/productos-lacteos-carnicos-mariscos-y-huevos\/#primaryimage","url":"https:\/\/stagingphytocontrol.shdesign.fr\/app\/uploads\/2021\/02\/filiere-lait.jpg","contentUrl":"https:\/\/stagingphytocontrol.shdesign.fr\/app\/uploads\/2021\/02\/filiere-lait.jpg"},{"@type":"BreadcrumbList","@id":"https:\/\/stagingphytocontrol.shdesign.fr\/es\/agrifood\/productos-lacteos-carnicos-mariscos-y-huevos\/#breadcrumb","itemListElement":[{"@type":"ListItem","position":1,"name":"Accueil","item":"https:\/\/stagingphytocontrol.shdesign.fr\/es\/accueil\/"},{"@type":"ListItem","position":2,"name":"Productos l\u00e1cteos, c\u00e1rnicos, mariscos y huevos"}]},{"@type":"WebSite","@id":"https:\/\/stagingphytocontrol.shdesign.fr\/#website","url":"https:\/\/stagingphytocontrol.shdesign.fr\/","name":"Phytocontrol","description":"Laboratoire d&#039;analyses","potentialAction":[{"@type":"SearchAction","target":{"@type":"EntryPoint","urlTemplate":"https:\/\/stagingphytocontrol.shdesign.fr\/?s={search_term_string}"},"query-input":{"@type":"PropertyValueSpecification","valueRequired":true,"valueName":"search_term_string"}}],"inLanguage":"es-ES"}]}},"_links":{"self":[{"href":"https:\/\/stagingphytocontrol.shdesign.fr\/es\/wp-json\/wp\/v2\/pages\/22120","targetHints":{"allow":["GET"]}}],"collection":[{"href":"https:\/\/stagingphytocontrol.shdesign.fr\/es\/wp-json\/wp\/v2\/pages"}],"about":[{"href":"https:\/\/stagingphytocontrol.shdesign.fr\/es\/wp-json\/wp\/v2\/types\/page"}],"author":[{"embeddable":true,"href":"https:\/\/stagingphytocontrol.shdesign.fr\/es\/wp-json\/wp\/v2\/users\/8"}],"replies":[{"embeddable":true,"href":"https:\/\/stagingphytocontrol.shdesign.fr\/es\/wp-json\/wp\/v2\/comments?post=22120"}],"version-history":[{"count":0,"href":"https:\/\/stagingphytocontrol.shdesign.fr\/es\/wp-json\/wp\/v2\/pages\/22120\/revisions"}],"up":[{"embeddable":true,"href":"https:\/\/stagingphytocontrol.shdesign.fr\/es\/wp-json\/wp\/v2\/pages\/9837"}],"wp:attachment":[{"href":"https:\/\/stagingphytocontrol.shdesign.fr\/es\/wp-json\/wp\/v2\/media?parent=22120"}],"wp:term":[{"taxonomy":"page_category","embeddable":true,"href":"https:\/\/stagingphytocontrol.shdesign.fr\/es\/wp-json\/wp\/v2\/page_category?post=22120"}],"curies":[{"name":"wp","href":"https:\/\/api.w.org\/{rel}","templated":true}]}}