{"id":9785,"date":"2019-07-26T15:14:53","date_gmt":"2019-07-26T13:14:53","guid":{"rendered":"http:\/\/phytocontrol.barcelona-co.com\/?page_id=9409"},"modified":"2025-01-15T16:32:06","modified_gmt":"2025-01-15T15:32:06","slug":"homepage-2","status":"publish","type":"page","link":"https:\/\/stagingphytocontrol.shdesign.fr\/en\/","title":{"rendered":"Homepage"},"content":{"rendered":"","protected":false},"excerpt":{"rendered":"","protected":false},"author":8,"featured_media":0,"parent":0,"menu_order":0,"comment_status":"closed","ping_status":"closed","template":"","meta":{"_acf_changed":false,"footnotes":""},"page_category":[],"class_list":["post-9785","page","type-page","status-publish","hentry"],"acf":[],"yoast_head":"<!-- This site is optimized with the Yoast SEO plugin v27.3 - https:\/\/yoast.com\/product\/yoast-seo-wordpress\/ -->\n<title>Phytocontrol - Analysis laboratory - Food and Water<\/title>\n<meta name=\"description\" content=\"Specialist in contaminant analysis, Phytocontrol is at the service of all players in the agricultural, food and agri-food, cosmetic and pharmaceutical sectors.\" \/>\n<meta name=\"robots\" content=\"noindex, follow, max-snippet:-1, max-image-preview:large, max-video-preview:-1\" \/>\n<meta property=\"og:locale\" content=\"en_US\" \/>\n<meta property=\"og:type\" content=\"article\" \/>\n<meta property=\"og:title\" content=\"Phytocontrol - Laboratoire d&#039;analyses\" \/>\n<meta property=\"og:description\" content=\"Sp\u00e9cialiste de la s\u00e9curit\u00e9 sanitaire des eaux et des aliments, le Groupe Phytocontrol d\u00e9livre en toute ind\u00e9pendance un service analytique de pointe en terme d\u2019innovation, de r\u00e9activit\u00e9 et de fiabilit\u00e9, \u00e0 travers un accompagnement de proximit\u00e9.\" \/>\n<meta property=\"og:url\" content=\"https:\/\/stagingphytocontrol.shdesign.fr\/en\/homepage-2\/\" \/>\n<meta property=\"og:site_name\" content=\"Phytocontrol\" \/>\n<meta property=\"article:modified_time\" content=\"2025-01-15T15:32:06+00:00\" \/>\n<meta name=\"twitter:card\" content=\"summary_large_image\" \/>\n<script type=\"application\/ld+json\" class=\"yoast-schema-graph\">{\"@context\":\"https:\\\/\\\/schema.org\",\"@graph\":[{\"@type\":\"WebPage\",\"@id\":\"https:\\\/\\\/stagingphytocontrol.shdesign.fr\\\/en\\\/homepage-2\\\/\",\"url\":\"https:\\\/\\\/stagingphytocontrol.shdesign.fr\\\/en\\\/homepage-2\\\/\",\"name\":\"Phytocontrol - Analysis laboratory - Food and Water\",\"isPartOf\":{\"@id\":\"https:\\\/\\\/stagingphytocontrol.shdesign.fr\\\/#website\"},\"datePublished\":\"2019-07-26T13:14:53+00:00\",\"dateModified\":\"2025-01-15T15:32:06+00:00\",\"description\":\"Specialist in contaminant analysis, Phytocontrol is at the service of all players in the agricultural, food and agri-food, cosmetic and pharmaceutical sectors.\",\"breadcrumb\":{\"@id\":\"https:\\\/\\\/stagingphytocontrol.shdesign.fr\\\/en\\\/homepage-2\\\/#breadcrumb\"},\"inLanguage\":\"en-US\",\"potentialAction\":[{\"@type\":\"ReadAction\",\"target\":[\"https:\\\/\\\/stagingphytocontrol.shdesign.fr\\\/en\\\/homepage-2\\\/\"]}]},{\"@type\":\"BreadcrumbList\",\"@id\":\"https:\\\/\\\/stagingphytocontrol.shdesign.fr\\\/en\\\/homepage-2\\\/#breadcrumb\",\"itemListElement\":[{\"@type\":\"ListItem\",\"position\":1,\"name\":\"Accueil\",\"item\":\"https:\\\/\\\/stagingphytocontrol.shdesign.fr\\\/en\\\/homepage-2\\\/\"},{\"@type\":\"ListItem\",\"position\":2,\"name\":\"Homepage\"}]},{\"@type\":\"WebSite\",\"@id\":\"https:\\\/\\\/stagingphytocontrol.shdesign.fr\\\/#website\",\"url\":\"https:\\\/\\\/stagingphytocontrol.shdesign.fr\\\/\",\"name\":\"Phytocontrol\",\"description\":\"Laboratoire d&#039;analyses\",\"potentialAction\":[{\"@type\":\"SearchAction\",\"target\":{\"@type\":\"EntryPoint\",\"urlTemplate\":\"https:\\\/\\\/stagingphytocontrol.shdesign.fr\\\/?s={search_term_string}\"},\"query-input\":{\"@type\":\"PropertyValueSpecification\",\"valueRequired\":true,\"valueName\":\"search_term_string\"}}],\"inLanguage\":\"en-US\"}]}<\/script>\n<!-- \/ Yoast SEO plugin. -->","yoast_head_json":{"title":"Phytocontrol - Analysis laboratory - Food and Water","description":"Specialist in contaminant analysis, Phytocontrol is at the service of all players in the agricultural, food and agri-food, cosmetic and pharmaceutical sectors.","robots":{"index":"noindex","follow":"follow","max-snippet":"max-snippet:-1","max-image-preview":"max-image-preview:large","max-video-preview":"max-video-preview:-1"},"og_locale":"en_US","og_type":"article","og_title":"Phytocontrol - Laboratoire d'analyses","og_description":"Sp\u00e9cialiste de la s\u00e9curit\u00e9 sanitaire des eaux et des aliments, le Groupe Phytocontrol d\u00e9livre en toute ind\u00e9pendance un service analytique de pointe en terme d\u2019innovation, de r\u00e9activit\u00e9 et de fiabilit\u00e9, \u00e0 travers un accompagnement de proximit\u00e9.","og_url":"https:\/\/stagingphytocontrol.shdesign.fr\/en\/homepage-2\/","og_site_name":"Phytocontrol","article_modified_time":"2025-01-15T15:32:06+00:00","twitter_card":"summary_large_image","schema":{"@context":"https:\/\/schema.org","@graph":[{"@type":"WebPage","@id":"https:\/\/stagingphytocontrol.shdesign.fr\/en\/homepage-2\/","url":"https:\/\/stagingphytocontrol.shdesign.fr\/en\/homepage-2\/","name":"Phytocontrol - Analysis laboratory - Food and Water","isPartOf":{"@id":"https:\/\/stagingphytocontrol.shdesign.fr\/#website"},"datePublished":"2019-07-26T13:14:53+00:00","dateModified":"2025-01-15T15:32:06+00:00","description":"Specialist in contaminant analysis, Phytocontrol is at the service of all players in the agricultural, food and agri-food, cosmetic and pharmaceutical sectors.","breadcrumb":{"@id":"https:\/\/stagingphytocontrol.shdesign.fr\/en\/homepage-2\/#breadcrumb"},"inLanguage":"en-US","potentialAction":[{"@type":"ReadAction","target":["https:\/\/stagingphytocontrol.shdesign.fr\/en\/homepage-2\/"]}]},{"@type":"BreadcrumbList","@id":"https:\/\/stagingphytocontrol.shdesign.fr\/en\/homepage-2\/#breadcrumb","itemListElement":[{"@type":"ListItem","position":1,"name":"Accueil","item":"https:\/\/stagingphytocontrol.shdesign.fr\/en\/homepage-2\/"},{"@type":"ListItem","position":2,"name":"Homepage"}]},{"@type":"WebSite","@id":"https:\/\/stagingphytocontrol.shdesign.fr\/#website","url":"https:\/\/stagingphytocontrol.shdesign.fr\/","name":"Phytocontrol","description":"Laboratoire d&#039;analyses","potentialAction":[{"@type":"SearchAction","target":{"@type":"EntryPoint","urlTemplate":"https:\/\/stagingphytocontrol.shdesign.fr\/?s={search_term_string}"},"query-input":{"@type":"PropertyValueSpecification","valueRequired":true,"valueName":"search_term_string"}}],"inLanguage":"en-US"}]}},"_links":{"self":[{"href":"https:\/\/stagingphytocontrol.shdesign.fr\/en\/wp-json\/wp\/v2\/pages\/9785","targetHints":{"allow":["GET"]}}],"collection":[{"href":"https:\/\/stagingphytocontrol.shdesign.fr\/en\/wp-json\/wp\/v2\/pages"}],"about":[{"href":"https:\/\/stagingphytocontrol.shdesign.fr\/en\/wp-json\/wp\/v2\/types\/page"}],"author":[{"embeddable":true,"href":"https:\/\/stagingphytocontrol.shdesign.fr\/en\/wp-json\/wp\/v2\/users\/8"}],"replies":[{"embeddable":true,"href":"https:\/\/stagingphytocontrol.shdesign.fr\/en\/wp-json\/wp\/v2\/comments?post=9785"}],"version-history":[{"count":0,"href":"https:\/\/stagingphytocontrol.shdesign.fr\/en\/wp-json\/wp\/v2\/pages\/9785\/revisions"}],"wp:attachment":[{"href":"https:\/\/stagingphytocontrol.shdesign.fr\/en\/wp-json\/wp\/v2\/media?parent=9785"}],"wp:term":[{"taxonomy":"page_category","embeddable":true,"href":"https:\/\/stagingphytocontrol.shdesign.fr\/en\/wp-json\/wp\/v2\/page_category?post=9785"}],"curies":[{"name":"wp","href":"https:\/\/api.w.org\/{rel}","templated":true}]}}